{"id":80028,"date":"2023-07-16T13:47:07","date_gmt":"2023-07-16T11:47:07","guid":{"rendered":"https:\/\/fysiolab.dk\/product\/a-serve-sprit\/"},"modified":"2025-12-18T09:21:49","modified_gmt":"2025-12-18T08:21:49","slug":"a-serve-sprit","status":"publish","type":"product","link":"https:\/\/fysiolab.dk\/no\/product\/a-serve-sprit\/","title":{"rendered":"A-serve sprit"},"content":{"rendered":"<p><b>Aserve Badesalt  <\/b><\/p>\n<p>Egnet til \u00e5 t\u00f8rke av kremer og salver etter en massasjebehandling.<\/p>\n<p><b>Inneholder:  <\/b><\/p>\n<p>- Aqua<\/p>\n<p>- Denaturert etanol<\/p>\n<p><b>St\u00f8rrelse<\/b><\/p>\n<p><strong>2,5 l<\/strong><\/p>\n<p><strong>5 l<\/strong><\/p>\n","protected":false},"excerpt":{"rendered":"<p>Aserve Badesalt Egnet til \u00e5 t\u00f8rke av kremer og salver etter en massasjebehandling. Inneholder: - Aqua - Denaturert etanol St\u00f8rrelse 2,5 l 5 l<\/p>\n","protected":false},"featured_media":80036,"comment_status":"closed","ping_status":"closed","template":"","meta":{"_acf_changed":false},"product_brand":[],"product_cat":[2391,2408,1948,2397,1937,1941,2407],"product_tag":[2392],"class_list":{"0":"post-80028","1":"product","2":"type-product","3":"status-publish","4":"has-post-thumbnail","6":"product_cat-a-serve-no","7":"product_cat-hygiene-og-rengjoering","8":"product_cat-klinikk","9":"product_cat-kremer-og-oljer","10":"product_cat-merkevarer","11":"product_cat-rekonvalesens-og-sportspleie","12":"product_cat-saape-og-rengjoeringsmiddel","13":"product_tag-aserve-no","15":"first","16":"instock","17":"taxable","18":"shipping-taxable","19":"purchasable","20":"product-type-variable"},"acf":[],"_links":{"self":[{"href":"https:\/\/fysiolab.dk\/no\/wp-json\/wp\/v2\/product\/80028","targetHints":{"allow":["GET"]}}],"collection":[{"href":"https:\/\/fysiolab.dk\/no\/wp-json\/wp\/v2\/product"}],"about":[{"href":"https:\/\/fysiolab.dk\/no\/wp-json\/wp\/v2\/types\/product"}],"replies":[{"embeddable":true,"href":"https:\/\/fysiolab.dk\/no\/wp-json\/wp\/v2\/comments?post=80028"}],"wp:featuredmedia":[{"embeddable":true,"href":"https:\/\/fysiolab.dk\/no\/wp-json\/wp\/v2\/media\/80036"}],"wp:attachment":[{"href":"https:\/\/fysiolab.dk\/no\/wp-json\/wp\/v2\/media?parent=80028"}],"wp:term":[{"taxonomy":"product_brand","embeddable":true,"href":"https:\/\/fysiolab.dk\/no\/wp-json\/wp\/v2\/product_brand?post=80028"},{"taxonomy":"product_cat","embeddable":true,"href":"https:\/\/fysiolab.dk\/no\/wp-json\/wp\/v2\/product_cat?post=80028"},{"taxonomy":"product_tag","embeddable":true,"href":"https:\/\/fysiolab.dk\/no\/wp-json\/wp\/v2\/product_tag?post=80028"}],"curies":[{"name":"wp","href":"https:\/\/api.w.org\/{rel}","templated":true}]}}