{"id":80038,"date":"2023-07-16T13:45:07","date_gmt":"2023-07-16T11:45:07","guid":{"rendered":"https:\/\/fysiolab.dk\/product\/bsn-hypafix\/"},"modified":"2025-12-18T09:21:50","modified_gmt":"2025-12-18T08:21:50","slug":"bsn-hypafix","status":"publish","type":"product","link":"https:\/\/fysiolab.dk\/no\/product\/bsn-hypafix\/","title":{"rendered":"BSN Hypafix fikseringstape"},"content":{"rendered":"<h3 data-start=\"73\" data-end=\"136\">Hypafix fikseringstape - hudvennlig og fleksibel fiksering<\/h3>\n<p data-start=\"137\" data-end=\"453\">Hypafix er en myk, pustende og hudvennlig fikseringstape som brukes til \u00e5 holde bandasjer, s\u00e5rforbindinger og medisinske slanger sikkert p\u00e5 plass. Teipen er laget av et fleksibelt ikke-vevd materiale med et hudvennlig akrylklebemiddel som gir h\u00f8y komfort og pusteevne - selv ved langvarig bruk. <\/p>\n<p data-start=\"455\" data-end=\"704\">Hypafix er enkelt \u00e5 tilpasse og skj\u00e6re til, og det f\u00f8lger kroppens konturer uten \u00e5 begrense bevegelsene. Det gj\u00f8r den velegnet til b\u00e5de sm\u00e5 og store fikseringsjobber, selv p\u00e5 omr\u00e5der av kroppen der det er mye bevegelse. <\/p>\n<p data-start=\"706\" data-end=\"720\"><strong data-start=\"706\" data-end=\"718\">Fordeler:<\/strong><\/p>\n<ul data-start=\"721\" data-end=\"949\">\n<li data-start=\"721\" data-end=\"746\">\n<p data-start=\"723\" data-end=\"746\">Hudvennlig og lateksfri<\/p>\n<\/li>\n<li data-start=\"747\" data-end=\"796\">\n<p data-start=\"749\" data-end=\"796\">Pustende og komfortabel for langvarig bruk<\/p>\n<\/li>\n<li data-start=\"797\" data-end=\"857\">\n<p data-start=\"799\" data-end=\"857\">Fleksibelt materiale som tilpasser seg kroppens konturer<\/p>\n<\/li>\n<li data-start=\"858\" data-end=\"917\">\n<p data-start=\"860\" data-end=\"917\">Sikker fiksering av bandasjer, kompresser og slanger<\/p>\n<\/li>\n<li data-start=\"918\" data-end=\"949\">\n<p data-start=\"920\" data-end=\"949\">Enkel \u00e5 skj\u00e6re og p\u00e5f\u00f8re<\/p>\n<\/li>\n<\/ul>\n<p data-start=\"951\" data-end=\"991\"><strong data-start=\"951\" data-end=\"989\">St\u00f8rrelser (alle med lengde 10 m):<\/strong><\/p>\n<ul data-start=\"992\" data-end=\"1058\">\n<li data-start=\"992\" data-end=\"1007\">\n<p data-start=\"994\" data-end=\"1007\">5 cm x 10 m<\/p>\n<\/li>\n<li data-start=\"1008\" data-end=\"1024\">\n<p data-start=\"1010\" data-end=\"1024\">10 cm x 10 m<\/p>\n<\/li>\n<li data-start=\"1025\" data-end=\"1041\">\n<p data-start=\"1027\" data-end=\"1041\">15 cm x 10 m<\/p>\n<\/li>\n<li data-start=\"1042\" data-end=\"1058\">\n<p data-start=\"1044\" data-end=\"1058\">20 cm x 10 m<\/p>\n<\/li>\n<\/ul>\n<p data-start=\"1060\" data-end=\"1181\">Hypafix er et p\u00e5litelig valg for b\u00e5de klinisk bruk og hjemmepleie n\u00e5r det er behov for sk\u00e5nsom og effektiv fiksering.<\/p>\n","protected":false},"excerpt":{"rendered":"<p><strong>Hypafix er en myk, pustende og hudvennlig fikseringstape som brukes til \u00e5 holde bandasjer, s\u00e5rforbindinger og medisinske slanger sikkert p\u00e5 plass. Teipen er laget av et fleksibelt ikke-vevd materiale med et hudvennlig akrylklebemiddel som gir h\u00f8y komfort og pusteevne - selv ved langvarig bruk. <\/strong><\/p>\n","protected":false},"featured_media":80048,"comment_status":"closed","ping_status":"closed","template":"","meta":{"_acf_changed":false},"product_brand":[],"product_cat":[2412,2413,1948,1937,1941,2087],"product_tag":[2414],"class_list":{"0":"post-80038","1":"product","2":"type-product","3":"status-publish","4":"has-post-thumbnail","6":"product_cat-bsn-medical-no","7":"product_cat-dressinger-og-wraps","8":"product_cat-klinikk","9":"product_cat-merkevarer","10":"product_cat-rekonvalesens-og-sportspleie","11":"product_cat-tape-no-2","12":"product_tag-bsn-medical-no","14":"first","15":"instock","16":"taxable","17":"shipping-taxable","18":"purchasable","19":"product-type-variable"},"acf":[],"_links":{"self":[{"href":"https:\/\/fysiolab.dk\/no\/wp-json\/wp\/v2\/product\/80038","targetHints":{"allow":["GET"]}}],"collection":[{"href":"https:\/\/fysiolab.dk\/no\/wp-json\/wp\/v2\/product"}],"about":[{"href":"https:\/\/fysiolab.dk\/no\/wp-json\/wp\/v2\/types\/product"}],"replies":[{"embeddable":true,"href":"https:\/\/fysiolab.dk\/no\/wp-json\/wp\/v2\/comments?post=80038"}],"wp:featuredmedia":[{"embeddable":true,"href":"https:\/\/fysiolab.dk\/no\/wp-json\/wp\/v2\/media\/80048"}],"wp:attachment":[{"href":"https:\/\/fysiolab.dk\/no\/wp-json\/wp\/v2\/media?parent=80038"}],"wp:term":[{"taxonomy":"product_brand","embeddable":true,"href":"https:\/\/fysiolab.dk\/no\/wp-json\/wp\/v2\/product_brand?post=80038"},{"taxonomy":"product_cat","embeddable":true,"href":"https:\/\/fysiolab.dk\/no\/wp-json\/wp\/v2\/product_cat?post=80038"},{"taxonomy":"product_tag","embeddable":true,"href":"https:\/\/fysiolab.dk\/no\/wp-json\/wp\/v2\/product_tag?post=80038"}],"curies":[{"name":"wp","href":"https:\/\/api.w.org\/{rel}","templated":true}]}}