{"id":80049,"date":"2023-07-16T13:47:07","date_gmt":"2023-07-16T11:47:07","guid":{"rendered":"https:\/\/fysiolab.dk\/product\/a-serve-massasjelotion\/"},"modified":"2025-12-18T09:21:49","modified_gmt":"2025-12-18T08:21:49","slug":"a-serve-massasjelotion","status":"publish","type":"product","link":"https:\/\/fysiolab.dk\/no\/product\/a-serve-massasjelotion\/","title":{"rendered":"A-serve Massasjelotion"},"content":{"rendered":"<p><b>Aserve Massasjelotion<\/b><\/p>\n<p>N\u00f8ytral, flytende massasjelotion for alle typer sportsmassasje. Lett \u00e5 vaske av og sv\u00e6rt \u00f8konomisk i bruk. For alle hudtyper. Har riktig mengde friksjon for \u00e5 gi god motstand i massasjen uten \u00e5 for\u00e5rsake for mye motstand mot h\u00e5r og hud. Helt luktfri og ufarlig for hud og slimhinner.    <\/p>\n","protected":false},"excerpt":{"rendered":"<p>Aserve Massasjelotion N\u00f8ytral, flytende massasjelotion for alle typer sportsmassasje. Lett \u00e5 vaske av og sv\u00e6rt \u00f8konomisk i bruk. For alle hudtyper. Har riktig mengde friksjon for \u00e5 gi god motstand i massasjen uten \u00e5 for\u00e5rsake for mye motstand mot h\u00e5r og hud. Helt luktfri og ufarlig for hud og slimhinner.<\/p>\n","protected":false},"featured_media":80053,"comment_status":"closed","ping_status":"closed","template":"","meta":{"_acf_changed":false},"product_brand":[],"product_cat":[2391,1948,2025,2401,1937,1941],"product_tag":[2392],"class_list":{"0":"post-80049","1":"product","2":"type-product","3":"status-publish","4":"has-post-thumbnail","6":"product_cat-a-serve-no","7":"product_cat-klinikk","8":"product_cat-massasje","9":"product_cat-massasjekrem-og-olje","10":"product_cat-merkevarer","11":"product_cat-rekonvalesens-og-sportspleie","12":"product_tag-aserve-no","14":"first","15":"instock","16":"taxable","17":"shipping-taxable","18":"purchasable","19":"product-type-variable"},"acf":[],"_links":{"self":[{"href":"https:\/\/fysiolab.dk\/no\/wp-json\/wp\/v2\/product\/80049","targetHints":{"allow":["GET"]}}],"collection":[{"href":"https:\/\/fysiolab.dk\/no\/wp-json\/wp\/v2\/product"}],"about":[{"href":"https:\/\/fysiolab.dk\/no\/wp-json\/wp\/v2\/types\/product"}],"replies":[{"embeddable":true,"href":"https:\/\/fysiolab.dk\/no\/wp-json\/wp\/v2\/comments?post=80049"}],"wp:featuredmedia":[{"embeddable":true,"href":"https:\/\/fysiolab.dk\/no\/wp-json\/wp\/v2\/media\/80053"}],"wp:attachment":[{"href":"https:\/\/fysiolab.dk\/no\/wp-json\/wp\/v2\/media?parent=80049"}],"wp:term":[{"taxonomy":"product_brand","embeddable":true,"href":"https:\/\/fysiolab.dk\/no\/wp-json\/wp\/v2\/product_brand?post=80049"},{"taxonomy":"product_cat","embeddable":true,"href":"https:\/\/fysiolab.dk\/no\/wp-json\/wp\/v2\/product_cat?post=80049"},{"taxonomy":"product_tag","embeddable":true,"href":"https:\/\/fysiolab.dk\/no\/wp-json\/wp\/v2\/product_tag?post=80049"}],"curies":[{"name":"wp","href":"https:\/\/api.w.org\/{rel}","templated":true}]}}