{"id":80050,"date":"2023-07-16T13:45:06","date_gmt":"2023-07-16T11:45:06","guid":{"rendered":"https:\/\/fysiolab.dk\/product\/physio-wrap-sport-kompresjonsbandasje-teampack\/"},"modified":"2025-12-18T09:21:51","modified_gmt":"2025-12-18T08:21:51","slug":"physio-wrap-sport-kompresjonsbandasje-teampack","status":"publish","type":"product","link":"https:\/\/fysiolab.dk\/no\/product\/physio-wrap-sport-kompresjonsbandasje-teampack\/","title":{"rendered":"Physio Wrap Sport, kompresjonsbandasje, Teampack"},"content":{"rendered":"<p><b>Teampakke<\/b><\/p>\n<p>Denne kompresjonsbandasjen kjennetegnes ved at den ikke fester seg til hud eller h\u00e5r, men bare fester seg til seg selv. Den er utmerket til \u00e5 holde p\u00e5 engangsis og gjenbrukbar is, og den er sv\u00e6rt \u00f8konomisk i bruk. <\/p>\n<p>Hver rull kan brukes til \u00e5 p\u00e5f\u00f8re ca. 50 kompresjonsbandasjer. H\u00e5nddispenseren gir et godt og sikkert grep n\u00e5r bandasjen skal legges p\u00e5. M\u00e5ler 10 cm i bredden og 100 meter i lengden. Et produkt i toppklasse.   <\/p>\n<p>Brukes og anbefales av alle v\u00e5re klubber i Superligaen og H\u00e5ndball-ligaen.<\/p>\n<p>Teampack inneholder 6 ruller og 2 dispensere.<\/p>\n","protected":false},"excerpt":{"rendered":"<p>Teampakke Denne kompresjonsbandasjen kjennetegnes ved at den ikke fester seg til hud eller h\u00e5r, men bare fester seg til seg selv. Den er utmerket til \u00e5 holde p\u00e5 engangsis og gjenbrukbar is, og den er sv\u00e6rt \u00f8konomisk i bruk. Hver rull kan brukes til \u00e5 p\u00e5f\u00f8re ca. 50 kompresjonsbandasjer. H\u00e5nddispenseren gir et godt og sikkert [&hellip;]<\/p>\n","protected":false},"featured_media":80055,"comment_status":"closed","ping_status":"closed","template":"","meta":{"_acf_changed":false},"product_brand":[3086,3146],"product_cat":[2391,2413,1948,2415,1937,2416,2417,1941,2087],"product_tag":[2392,2418],"class_list":{"0":"post-80050","1":"product","2":"type-product","3":"status-publish","4":"has-post-thumbnail","6":"product_brand-aserve","7":"product_brand-physio-wrap","8":"product_cat-a-serve-no","9":"product_cat-dressinger-og-wraps","10":"product_cat-klinikk","11":"product_cat-komprimering","12":"product_cat-merkevarer","13":"product_cat-pakk-inn","14":"product_cat-physio-wrap-sport-no","15":"product_cat-rekonvalesens-og-sportspleie","16":"product_cat-tape-no-2","17":"product_tag-aserve-no","18":"product_tag-physio-wrap-sport-no","20":"first","21":"instock","22":"taxable","23":"shipping-taxable","24":"purchasable","25":"product-type-simple"},"acf":[],"_links":{"self":[{"href":"https:\/\/fysiolab.dk\/no\/wp-json\/wp\/v2\/product\/80050","targetHints":{"allow":["GET"]}}],"collection":[{"href":"https:\/\/fysiolab.dk\/no\/wp-json\/wp\/v2\/product"}],"about":[{"href":"https:\/\/fysiolab.dk\/no\/wp-json\/wp\/v2\/types\/product"}],"replies":[{"embeddable":true,"href":"https:\/\/fysiolab.dk\/no\/wp-json\/wp\/v2\/comments?post=80050"}],"wp:featuredmedia":[{"embeddable":true,"href":"https:\/\/fysiolab.dk\/no\/wp-json\/wp\/v2\/media\/80055"}],"wp:attachment":[{"href":"https:\/\/fysiolab.dk\/no\/wp-json\/wp\/v2\/media?parent=80050"}],"wp:term":[{"taxonomy":"product_brand","embeddable":true,"href":"https:\/\/fysiolab.dk\/no\/wp-json\/wp\/v2\/product_brand?post=80050"},{"taxonomy":"product_cat","embeddable":true,"href":"https:\/\/fysiolab.dk\/no\/wp-json\/wp\/v2\/product_cat?post=80050"},{"taxonomy":"product_tag","embeddable":true,"href":"https:\/\/fysiolab.dk\/no\/wp-json\/wp\/v2\/product_tag?post=80050"}],"curies":[{"name":"wp","href":"https:\/\/api.w.org\/{rel}","templated":true}]}}