{"id":80057,"date":"2023-07-16T13:45:06","date_gmt":"2023-07-16T11:45:06","guid":{"rendered":"https:\/\/fysiolab.dk\/product\/sporty-quick-bandasje-lateksfri\/"},"modified":"2025-12-18T09:21:51","modified_gmt":"2025-12-18T08:21:51","slug":"sporty-quick-bandasje-lateksfri","status":"publish","type":"product","link":"https:\/\/fysiolab.dk\/no\/product\/sporty-quick-bandasje-lateksfri\/","title":{"rendered":"Sporty Quick-bandasje, lateksfri"},"content":{"rendered":"<p><b>Sporty Quick<\/b><\/p>\n<p>Mye brukt og velkjent elastisk kompresjonsbandasje. Klistrer seg sterkt til seg selv uten \u00e5 klebe seg til hud eller h\u00e5r. Lett \u00e5 arbeide med og lett \u00e5 rive p\u00e5 langs. Meget hudvennlig og sklir ikke p\u00e5 huden. Det er 4 meter p\u00e5 en rull.    <\/p>\n","protected":false},"excerpt":{"rendered":"<p>Sporty Quick Mye brukt og velkjent elastisk kompresjonsbandasje. Klistrer seg sterkt til seg selv uten \u00e5 klebe seg til hud eller h\u00e5r. Lett \u00e5 arbeide med og lett \u00e5 rive p\u00e5 langs. Meget hudvennlig og sklir ikke p\u00e5 huden. Det er 4 meter p\u00e5 en rull.<\/p>\n","protected":false},"featured_media":80060,"comment_status":"closed","ping_status":"closed","template":"","meta":{"_acf_changed":false},"product_brand":[3086,3145],"product_cat":[2413,1942,1948,2415,1937,1941,2421,2087],"product_tag":[2422],"class_list":{"0":"post-80057","1":"product","2":"type-product","3":"status-publish","4":"has-post-thumbnail","6":"product_brand-aserve","7":"product_brand-sporty-quick","8":"product_cat-dressinger-og-wraps","9":"product_cat-foerstehjelp","10":"product_cat-klinikk","11":"product_cat-komprimering","12":"product_cat-merkevarer","13":"product_cat-rekonvalesens-og-sportspleie","14":"product_cat-sporty-quick-no","15":"product_cat-tape-no-2","16":"product_tag-sporty-quick-no","18":"first","19":"instock","20":"taxable","21":"shipping-taxable","22":"purchasable","23":"product-type-variable"},"acf":[],"_links":{"self":[{"href":"https:\/\/fysiolab.dk\/no\/wp-json\/wp\/v2\/product\/80057","targetHints":{"allow":["GET"]}}],"collection":[{"href":"https:\/\/fysiolab.dk\/no\/wp-json\/wp\/v2\/product"}],"about":[{"href":"https:\/\/fysiolab.dk\/no\/wp-json\/wp\/v2\/types\/product"}],"replies":[{"embeddable":true,"href":"https:\/\/fysiolab.dk\/no\/wp-json\/wp\/v2\/comments?post=80057"}],"wp:featuredmedia":[{"embeddable":true,"href":"https:\/\/fysiolab.dk\/no\/wp-json\/wp\/v2\/media\/80060"}],"wp:attachment":[{"href":"https:\/\/fysiolab.dk\/no\/wp-json\/wp\/v2\/media?parent=80057"}],"wp:term":[{"taxonomy":"product_brand","embeddable":true,"href":"https:\/\/fysiolab.dk\/no\/wp-json\/wp\/v2\/product_brand?post=80057"},{"taxonomy":"product_cat","embeddable":true,"href":"https:\/\/fysiolab.dk\/no\/wp-json\/wp\/v2\/product_cat?post=80057"},{"taxonomy":"product_tag","embeddable":true,"href":"https:\/\/fysiolab.dk\/no\/wp-json\/wp\/v2\/product_tag?post=80057"}],"curies":[{"name":"wp","href":"https:\/\/api.w.org\/{rel}","templated":true}]}}