{"id":80062,"date":"2023-07-16T13:45:06","date_gmt":"2023-07-16T11:45:06","guid":{"rendered":"https:\/\/fysiolab.dk\/product\/2nd-skin-kunstig-hud-oe-75-cm-48-stk\/"},"modified":"2025-12-18T09:21:50","modified_gmt":"2025-12-18T08:21:50","slug":"2nd-skin-kunstig-hud-oe-75-cm-48-stk","status":"publish","type":"product","link":"https:\/\/fysiolab.dk\/no\/product\/2nd-skin-kunstig-hud-oe-75-cm-48-stk\/","title":{"rendered":"2&#8217;nd Skin kunstig hud, \u00d8 7,5 cm. 48 stk."},"content":{"rendered":"<p><b>Spenco 2&#8217;nd Skin \u00d8 7 cm. 48 stk.   <\/b><\/p>\n<p>Kunstig hud som har tiln\u00e6rmet samme f\u00f8lelse og tekstur som ekte hud. Fjerner all friksjon mellom to hudlag. Renser s\u00e5r ved \u00e5 absorbere betennelse. Lindrer smerter i forbindelse med skrubbs\u00e5r og blemmer. Klistrer seg ikke til huden eller s\u00e5ret og kan brukes med eller uten medisinering. Forhindrer dannelse av arr og valker. F\u00e5r ikke kontakt med huden, slik at du kan skifte 2nd Skin s\u00e5 ofte du trenger (du trenger ikke vente p\u00e5 at den skal falle av!). Festes optimalt med selvklebende netting, men tape og ulike typer bandasjer kan ogs\u00e5 brukes. Finnes i 3 forskjellige st\u00f8rrelser, samt et avtakbart plaster.        <\/p>\n<p>48 biter i en boks, diameter 7,5 cm.<\/p>\n","protected":false},"excerpt":{"rendered":"<p>Spenco 2&#8217;nd Skin \u00d8 7 cm. 48 stk. Kunstig hud som har tiln\u00e6rmet samme f\u00f8lelse og tekstur som ekte hud. Fjerner all friksjon mellom to hudlag. Renser s\u00e5r ved \u00e5 absorbere betennelse. Lindrer smerter i forbindelse med skrubbs\u00e5r og blemmer. Klistrer seg ikke til huden eller s\u00e5ret og kan brukes med eller uten medisinering. Forhindrer [&hellip;]<\/p>\n","protected":false},"featured_media":80064,"comment_status":"closed","ping_status":"closed","template":"","meta":{"_acf_changed":false},"product_brand":[],"product_cat":[2427,1942,1948,1937,1941,2407,2426],"product_tag":[2428],"class_list":{"0":"post-80062","1":"product","2":"type-product","3":"status-publish","4":"has-post-thumbnail","6":"product_cat-blemmeplaster-og-forebygging","7":"product_cat-foerstehjelp","8":"product_cat-klinikk","9":"product_cat-merkevarer","10":"product_cat-rekonvalesens-og-sportspleie","11":"product_cat-saape-og-rengjoeringsmiddel","12":"product_cat-spenco-rx-no","13":"product_tag-spenco-rx-no","15":"first","16":"instock","17":"taxable","18":"shipping-taxable","19":"purchasable","20":"product-type-simple"},"acf":[],"_links":{"self":[{"href":"https:\/\/fysiolab.dk\/no\/wp-json\/wp\/v2\/product\/80062","targetHints":{"allow":["GET"]}}],"collection":[{"href":"https:\/\/fysiolab.dk\/no\/wp-json\/wp\/v2\/product"}],"about":[{"href":"https:\/\/fysiolab.dk\/no\/wp-json\/wp\/v2\/types\/product"}],"replies":[{"embeddable":true,"href":"https:\/\/fysiolab.dk\/no\/wp-json\/wp\/v2\/comments?post=80062"}],"wp:featuredmedia":[{"embeddable":true,"href":"https:\/\/fysiolab.dk\/no\/wp-json\/wp\/v2\/media\/80064"}],"wp:attachment":[{"href":"https:\/\/fysiolab.dk\/no\/wp-json\/wp\/v2\/media?parent=80062"}],"wp:term":[{"taxonomy":"product_brand","embeddable":true,"href":"https:\/\/fysiolab.dk\/no\/wp-json\/wp\/v2\/product_brand?post=80062"},{"taxonomy":"product_cat","embeddable":true,"href":"https:\/\/fysiolab.dk\/no\/wp-json\/wp\/v2\/product_cat?post=80062"},{"taxonomy":"product_tag","embeddable":true,"href":"https:\/\/fysiolab.dk\/no\/wp-json\/wp\/v2\/product_tag?post=80062"}],"curies":[{"name":"wp","href":"https:\/\/api.w.org\/{rel}","templated":true}]}}