{"id":80067,"date":"2023-07-16T13:44:43","date_gmt":"2023-07-16T11:44:43","guid":{"rendered":"https:\/\/fysiolab.dk\/product\/kald-spray\/"},"modified":"2025-12-18T09:21:52","modified_gmt":"2025-12-18T08:21:52","slug":"kald-spray","status":"publish","type":"product","link":"https:\/\/fysiolab.dk\/no\/product\/kald-spray\/","title":{"rendered":"Kald spray"},"content":{"rendered":"<p><b>Kald spray<\/b><\/p>\n<p>Klassisk kuldespray som fordamper raskt fra huden for \u00e5 unng\u00e5 forfrysninger. Spesielt nyttig mot slag og alle typer akutte skader. Mye brukt i h\u00e5ndball, fotball og badminton. Spray p\u00e5 fra en avstand p\u00e5 10 cm i sirkul\u00e6re bevegelser. Spray aldri mer enn 5 sekunder p\u00e5 samme sted p\u00e5 grunn av fare for forfrysninger. Inneholder alkohol og er derfor sv\u00e6rt brannfarlig. Lukter av mentol.       <\/p>\n","protected":false},"excerpt":{"rendered":"<p>Kald spray Klassisk kuldespray som fordamper raskt fra huden for \u00e5 unng\u00e5 forfrysninger. Spesielt nyttig mot slag og alle typer akutte skader. Mye brukt i h\u00e5ndball, fotball og badminton. Spray p\u00e5 fra en avstand p\u00e5 10 cm i sirkul\u00e6re bevegelser. Spray aldri mer enn 5 sekunder p\u00e5 samme sted p\u00e5 grunn av fare for forfrysninger. [&hellip;]<\/p>\n","protected":false},"featured_media":80072,"comment_status":"closed","ping_status":"closed","template":"","meta":{"_acf_changed":false},"product_brand":[],"product_cat":[2391,2433,2124,2434,1948,1937,1941],"product_tag":[2392],"class_list":{"0":"post-80067","1":"product","2":"type-product","3":"status-publish","4":"has-post-thumbnail","6":"product_cat-a-serve-no","7":"product_cat-avlastning-ved-forkjoelelse","8":"product_cat-kald-varmebehandling","9":"product_cat-kjoeleprodukter","10":"product_cat-klinikk","11":"product_cat-merkevarer","12":"product_cat-rekonvalesens-og-sportspleie","13":"product_tag-aserve-no","15":"first","16":"instock","17":"taxable","18":"shipping-taxable","19":"purchasable","20":"product-type-variable"},"acf":[],"_links":{"self":[{"href":"https:\/\/fysiolab.dk\/no\/wp-json\/wp\/v2\/product\/80067","targetHints":{"allow":["GET"]}}],"collection":[{"href":"https:\/\/fysiolab.dk\/no\/wp-json\/wp\/v2\/product"}],"about":[{"href":"https:\/\/fysiolab.dk\/no\/wp-json\/wp\/v2\/types\/product"}],"replies":[{"embeddable":true,"href":"https:\/\/fysiolab.dk\/no\/wp-json\/wp\/v2\/comments?post=80067"}],"wp:featuredmedia":[{"embeddable":true,"href":"https:\/\/fysiolab.dk\/no\/wp-json\/wp\/v2\/media\/80072"}],"wp:attachment":[{"href":"https:\/\/fysiolab.dk\/no\/wp-json\/wp\/v2\/media?parent=80067"}],"wp:term":[{"taxonomy":"product_brand","embeddable":true,"href":"https:\/\/fysiolab.dk\/no\/wp-json\/wp\/v2\/product_brand?post=80067"},{"taxonomy":"product_cat","embeddable":true,"href":"https:\/\/fysiolab.dk\/no\/wp-json\/wp\/v2\/product_cat?post=80067"},{"taxonomy":"product_tag","embeddable":true,"href":"https:\/\/fysiolab.dk\/no\/wp-json\/wp\/v2\/product_tag?post=80067"}],"curies":[{"name":"wp","href":"https:\/\/api.w.org\/{rel}","templated":true}]}}