{"id":80084,"date":"2023-07-16T13:44:43","date_gmt":"2023-07-16T11:44:43","guid":{"rendered":"https:\/\/fysiolab.dk\/product\/gjenbrukbar-kulde-varmepose\/"},"modified":"2025-12-18T09:21:52","modified_gmt":"2025-12-18T08:21:52","slug":"gjenbrukbar-kulde-varmepose","status":"publish","type":"product","link":"https:\/\/fysiolab.dk\/no\/product\/gjenbrukbar-kulde-varmepose\/","title":{"rendered":"Gjenbrukbar kulde-\/varmepose"},"content":{"rendered":"<p><b>Gjenbrukbar kulde-\/varmepose  <\/b><\/p>\n<p>Gjenbrukbare isposer til bruk i henhold til RICE-prinsippet. Husk hvile, iskompresjon og elevasjon. Kan gjenbrukes til kuldebehandling ved \u00e5 legge den i fryseren eller som varmebehandling ved \u00e5 legge posen i kokende vann som nettopp er tatt ut av varmeapparatet. Varmebehandling startes etter 48 timer n\u00e5r skaden har sluttet \u00e5 bl\u00f8 og har begynt \u00e5 gro. Varmen forsterker helingsprosessen. Hvis skaden delvis revner igjen, b\u00f8r den behandles med is som en akutt skade. Sv\u00e6rt rivefast og lett formbar uansett temperatur. Du b\u00f8r prim\u00e6rt bruke samme pose til enten kulde- eller varmebehandling, da dette forlenger posens levetid.       <\/p>\n<p>Ikke plasser posen direkte p\u00e5 huden, legg f.eks. et kj\u00f8kkenh\u00e5ndkle mellom huden og posen.<\/p>\n","protected":false},"excerpt":{"rendered":"<p>Gjenbrukbar kulde-\/varmepose Gjenbrukbare isposer til bruk i henhold til RICE-prinsippet. Husk hvile, iskompresjon og elevasjon. Kan gjenbrukes til kuldebehandling ved \u00e5 legge den i fryseren eller som varmebehandling ved \u00e5 legge posen i kokende vann som nettopp er tatt ut av varmeapparatet. Varmebehandling startes etter 48 timer n\u00e5r skaden har sluttet \u00e5 bl\u00f8 og har [&hellip;]<\/p>\n","protected":false},"featured_media":80090,"comment_status":"closed","ping_status":"closed","template":"","meta":{"_acf_changed":false},"product_brand":[],"product_cat":[2391,2433,2124,2434,1948,1937,2439,1941],"product_tag":[2392],"class_list":{"0":"post-80084","1":"product","2":"type-product","3":"status-publish","4":"has-post-thumbnail","6":"product_cat-a-serve-no","7":"product_cat-avlastning-ved-forkjoelelse","8":"product_cat-kald-varmebehandling","9":"product_cat-kjoeleprodukter","10":"product_cat-klinikk","11":"product_cat-merkevarer","12":"product_cat-oppvarmingsprodukter","13":"product_cat-rekonvalesens-og-sportspleie","14":"product_tag-aserve-no","16":"first","17":"instock","18":"taxable","19":"shipping-taxable","20":"purchasable","21":"product-type-variable"},"acf":[],"_links":{"self":[{"href":"https:\/\/fysiolab.dk\/no\/wp-json\/wp\/v2\/product\/80084","targetHints":{"allow":["GET"]}}],"collection":[{"href":"https:\/\/fysiolab.dk\/no\/wp-json\/wp\/v2\/product"}],"about":[{"href":"https:\/\/fysiolab.dk\/no\/wp-json\/wp\/v2\/types\/product"}],"replies":[{"embeddable":true,"href":"https:\/\/fysiolab.dk\/no\/wp-json\/wp\/v2\/comments?post=80084"}],"wp:featuredmedia":[{"embeddable":true,"href":"https:\/\/fysiolab.dk\/no\/wp-json\/wp\/v2\/media\/80090"}],"wp:attachment":[{"href":"https:\/\/fysiolab.dk\/no\/wp-json\/wp\/v2\/media?parent=80084"}],"wp:term":[{"taxonomy":"product_brand","embeddable":true,"href":"https:\/\/fysiolab.dk\/no\/wp-json\/wp\/v2\/product_brand?post=80084"},{"taxonomy":"product_cat","embeddable":true,"href":"https:\/\/fysiolab.dk\/no\/wp-json\/wp\/v2\/product_cat?post=80084"},{"taxonomy":"product_tag","embeddable":true,"href":"https:\/\/fysiolab.dk\/no\/wp-json\/wp\/v2\/product_tag?post=80084"}],"curies":[{"name":"wp","href":"https:\/\/api.w.org\/{rel}","templated":true}]}}