{"id":80085,"date":"2023-07-16T13:44:20","date_gmt":"2023-07-16T11:44:20","guid":{"rendered":"https:\/\/fysiolab.dk\/product\/bsn-fixomull\/"},"modified":"2025-12-18T09:21:54","modified_gmt":"2025-12-18T08:21:54","slug":"bsn-fixomull","status":"publish","type":"product","link":"https:\/\/fysiolab.dk\/no\/product\/bsn-fixomull\/","title":{"rendered":"BSN Fixomull"},"content":{"rendered":"<p><b>BSN Fixomull  <\/b><\/p>\n<p>Fixomull er en selvklebende ikke-vevd tape som brukes til fiksering av bandasjer og som underteip for \u00e5 beskytte huden f\u00f8r du bruker sportstape.<\/p>\n<p>Syntetisk fibernett med allergivennlig lim som er hud- og milj\u00f8vennlig. Kan klippes til og tilpasses etter m\u00e5l. Beskytter utsatte hudomr\u00e5der og kan ogs\u00e5 brukes som h\u00f8yfriksjonsbeskyttelse for hender og f\u00f8tter. Det er 10 meter p\u00e5 hver rull.   <\/p>\n<p><b>Tilgjengelig i 5 cm, 10 cm og 15 cm.  <\/b><\/p>\n","protected":false},"excerpt":{"rendered":"<p>BSN Fixomull Fixomull er en selvklebende ikke-vevd tape som brukes til fiksering av bandasjer og som underteip for \u00e5 beskytte huden f\u00f8r du bruker sportstape. Syntetisk fibernett med allergivennlig lim som er hud- og milj\u00f8vennlig. Kan klippes til og tilpasses etter m\u00e5l. Beskytter utsatte hudomr\u00e5der og kan ogs\u00e5 brukes som h\u00f8yfriksjonsbeskyttelse for hender og f\u00f8tter. [&hellip;]<\/p>\n","protected":false},"featured_media":80093,"comment_status":"closed","ping_status":"closed","template":"","meta":{"_acf_changed":false},"product_brand":[],"product_cat":[2412,2413,1948,1937,1941,2087],"product_tag":[2414],"class_list":{"0":"post-80085","1":"product","2":"type-product","3":"status-publish","4":"has-post-thumbnail","6":"product_cat-bsn-medical-no","7":"product_cat-dressinger-og-wraps","8":"product_cat-klinikk","9":"product_cat-merkevarer","10":"product_cat-rekonvalesens-og-sportspleie","11":"product_cat-tape-no-2","12":"product_tag-bsn-medical-no","14":"first","15":"instock","16":"taxable","17":"shipping-taxable","18":"purchasable","19":"product-type-variable"},"acf":[],"_links":{"self":[{"href":"https:\/\/fysiolab.dk\/no\/wp-json\/wp\/v2\/product\/80085","targetHints":{"allow":["GET"]}}],"collection":[{"href":"https:\/\/fysiolab.dk\/no\/wp-json\/wp\/v2\/product"}],"about":[{"href":"https:\/\/fysiolab.dk\/no\/wp-json\/wp\/v2\/types\/product"}],"replies":[{"embeddable":true,"href":"https:\/\/fysiolab.dk\/no\/wp-json\/wp\/v2\/comments?post=80085"}],"wp:featuredmedia":[{"embeddable":true,"href":"https:\/\/fysiolab.dk\/no\/wp-json\/wp\/v2\/media\/80093"}],"wp:attachment":[{"href":"https:\/\/fysiolab.dk\/no\/wp-json\/wp\/v2\/media?parent=80085"}],"wp:term":[{"taxonomy":"product_brand","embeddable":true,"href":"https:\/\/fysiolab.dk\/no\/wp-json\/wp\/v2\/product_brand?post=80085"},{"taxonomy":"product_cat","embeddable":true,"href":"https:\/\/fysiolab.dk\/no\/wp-json\/wp\/v2\/product_cat?post=80085"},{"taxonomy":"product_tag","embeddable":true,"href":"https:\/\/fysiolab.dk\/no\/wp-json\/wp\/v2\/product_tag?post=80085"}],"curies":[{"name":"wp","href":"https:\/\/api.w.org\/{rel}","templated":true}]}}