{"id":80094,"date":"2023-07-16T13:44:43","date_gmt":"2023-07-16T11:44:43","guid":{"rendered":"https:\/\/fysiolab.dk\/product\/elastisk-bandasje-tensolan-8-x-500-cm\/"},"modified":"2025-12-18T09:21:51","modified_gmt":"2025-12-18T08:21:51","slug":"elastisk-bandasje-tensolan-8-x-500-cm","status":"publish","type":"product","link":"https:\/\/fysiolab.dk\/no\/product\/elastisk-bandasje-tensolan-8-x-500-cm\/","title":{"rendered":"Elastisk bandasje\/tensolan 8 x 500 cm"},"content":{"rendered":"<p><b>Elastisk bandasje\/Tensolan 8 x 500 cm  <\/b><\/p>\n<p>Kraftig elastisk bandasje uten klebemiddel. Brukes som st\u00f8ttebandasje eller kompresjonsbandasje. Spesielt egnet til \u00e5 holde en ispose under nedkj\u00f8ling. Lukkes med longoclips. Bredde 8 cm. lengde 5 m. Velkjent elastisk bandasje.      <\/p>\n","protected":false},"excerpt":{"rendered":"<p>Elastisk bandasje\/Tensolan 8 x 500 cm Kraftig elastisk bandasje uten klebemiddel. Brukes som st\u00f8ttebandasje eller kompresjonsbandasje. Spesielt egnet til \u00e5 holde en ispose under nedkj\u00f8ling. Lukkes med longoclips. Bredde 8 cm. lengde 5 m. Velkjent elastisk bandasje.<\/p>\n","protected":false},"featured_media":80100,"comment_status":"closed","ping_status":"closed","template":"","meta":{"_acf_changed":false},"product_brand":[],"product_cat":[2391,2413,1948,2415,1937,1941],"product_tag":[2392],"class_list":{"0":"post-80094","1":"product","2":"type-product","3":"status-publish","4":"has-post-thumbnail","6":"product_cat-a-serve-no","7":"product_cat-dressinger-og-wraps","8":"product_cat-klinikk","9":"product_cat-komprimering","10":"product_cat-merkevarer","11":"product_cat-rekonvalesens-og-sportspleie","12":"product_tag-aserve-no","14":"first","15":"instock","16":"taxable","17":"shipping-taxable","18":"purchasable","19":"product-type-simple"},"acf":[],"_links":{"self":[{"href":"https:\/\/fysiolab.dk\/no\/wp-json\/wp\/v2\/product\/80094","targetHints":{"allow":["GET"]}}],"collection":[{"href":"https:\/\/fysiolab.dk\/no\/wp-json\/wp\/v2\/product"}],"about":[{"href":"https:\/\/fysiolab.dk\/no\/wp-json\/wp\/v2\/types\/product"}],"replies":[{"embeddable":true,"href":"https:\/\/fysiolab.dk\/no\/wp-json\/wp\/v2\/comments?post=80094"}],"wp:featuredmedia":[{"embeddable":true,"href":"https:\/\/fysiolab.dk\/no\/wp-json\/wp\/v2\/media\/80100"}],"wp:attachment":[{"href":"https:\/\/fysiolab.dk\/no\/wp-json\/wp\/v2\/media?parent=80094"}],"wp:term":[{"taxonomy":"product_brand","embeddable":true,"href":"https:\/\/fysiolab.dk\/no\/wp-json\/wp\/v2\/product_brand?post=80094"},{"taxonomy":"product_cat","embeddable":true,"href":"https:\/\/fysiolab.dk\/no\/wp-json\/wp\/v2\/product_cat?post=80094"},{"taxonomy":"product_tag","embeddable":true,"href":"https:\/\/fysiolab.dk\/no\/wp-json\/wp\/v2\/product_tag?post=80094"}],"curies":[{"name":"wp","href":"https:\/\/api.w.org\/{rel}","templated":true}]}}