{"id":80095,"date":"2023-07-16T13:44:20","date_gmt":"2023-07-16T11:44:20","guid":{"rendered":"https:\/\/fysiolab.dk\/product\/kinesio-tex-classic\/"},"modified":"2025-12-18T09:21:54","modified_gmt":"2025-12-18T08:21:54","slug":"kinesio-tex-classic","status":"publish","type":"product","link":"https:\/\/fysiolab.dk\/no\/product\/kinesio-tex-classic\/","title":{"rendered":"Kinesio Tex Classic"},"content":{"rendered":"<p><b>Kinesio Tex Classic  <\/b><\/p>\n<p>Aserve Kinesiotape kan forbedre blod- og lymfesirkulasjonen, noe som kan lindre smerter og st\u00f8tte musklene. Teipen kan brukes under aktivitet og\/eller rehabilitering. Kinesio Tex tape er utviklet av Dr. Kenzo Kaze. Rull med 4 m. Bredde 5 cm.    <\/p>\n<p><b>Funksjonalitet  <\/b><\/p>\n<p>Kinesiotape brukes til \u00e5 avlaste overanstrengte muskler og under rehabilitering for \u00e5 lette trykket p\u00e5 skadde muskler. Teipen har et unikt b\u00f8lgem\u00f8nster p\u00e5 den selvklebende siden som har en l\u00f8ftende effekt p\u00e5 huden, noe som reduserer hevelse og betennelse ved \u00e5 forbedre sirkulasjonen og redusere smerte ved \u00e5 fjerne trykket fra smertereseptorene. De elastiske egenskapene kan ogs\u00e5 brukes til \u00e5 begrense eller fremme en bestemt bevegelse i ledd.  <\/p>\n","protected":false},"excerpt":{"rendered":"<p>Aserve Kinesiotape kan forbedre blod- og lymfesirkulasjonen, noe som kan lindre smerter og st\u00f8tte musklene. Teipen kan brukes under aktivitet og\/eller rehabilitering. _x000D_.  <\/p>\n","protected":false},"featured_media":80101,"comment_status":"closed","ping_status":"closed","template":"","meta":{"_acf_changed":false},"product_brand":[],"product_cat":[2020,2435,2088,1948,1937,1941,2087],"product_tag":[2392],"class_list":{"0":"post-80095","1":"product","2":"type-product","3":"status-publish","4":"has-post-thumbnail","6":"product_cat-julegaveideer-no","7":"product_cat-kinesio-no","8":"product_cat-kinesiologisk-tape","9":"product_cat-klinikk","10":"product_cat-merkevarer","11":"product_cat-rekonvalesens-og-sportspleie","12":"product_cat-tape-no-2","13":"product_tag-aserve-no","15":"first","16":"instock","17":"taxable","18":"shipping-taxable","19":"purchasable","20":"product-type-variable"},"acf":[],"_links":{"self":[{"href":"https:\/\/fysiolab.dk\/no\/wp-json\/wp\/v2\/product\/80095","targetHints":{"allow":["GET"]}}],"collection":[{"href":"https:\/\/fysiolab.dk\/no\/wp-json\/wp\/v2\/product"}],"about":[{"href":"https:\/\/fysiolab.dk\/no\/wp-json\/wp\/v2\/types\/product"}],"replies":[{"embeddable":true,"href":"https:\/\/fysiolab.dk\/no\/wp-json\/wp\/v2\/comments?post=80095"}],"wp:featuredmedia":[{"embeddable":true,"href":"https:\/\/fysiolab.dk\/no\/wp-json\/wp\/v2\/media\/80101"}],"wp:attachment":[{"href":"https:\/\/fysiolab.dk\/no\/wp-json\/wp\/v2\/media?parent=80095"}],"wp:term":[{"taxonomy":"product_brand","embeddable":true,"href":"https:\/\/fysiolab.dk\/no\/wp-json\/wp\/v2\/product_brand?post=80095"},{"taxonomy":"product_cat","embeddable":true,"href":"https:\/\/fysiolab.dk\/no\/wp-json\/wp\/v2\/product_cat?post=80095"},{"taxonomy":"product_tag","embeddable":true,"href":"https:\/\/fysiolab.dk\/no\/wp-json\/wp\/v2\/product_tag?post=80095"}],"curies":[{"name":"wp","href":"https:\/\/api.w.org\/{rel}","templated":true}]}}