{"id":80102,"date":"2023-07-16T13:44:20","date_gmt":"2023-07-16T11:44:20","guid":{"rendered":"https:\/\/fysiolab.dk\/product\/blisterplaster-1-stk-44-x-69-cm\/"},"modified":"2025-12-18T09:21:54","modified_gmt":"2025-12-18T08:21:54","slug":"blisterplaster-1-stk-44-x-69-cm","status":"publish","type":"product","link":"https:\/\/fysiolab.dk\/no\/product\/blisterplaster-1-stk-44-x-69-cm\/","title":{"rendered":"Blisterplaster 1 stk. 4,4 x 6,9 cm"},"content":{"rendered":"<p><b>Blemmeplaster:<\/b><\/p>\n<p>Blemmeplaster som beskytter mot friksjon mellom to hudlag eller f.eks. i h\u00e6len.<\/p>\n<p>Renser s\u00e5r ved \u00e5 absorbere betennelse. Lindrer smerter i forbindelse med skrubbs\u00e5r og blemmer. Kan brukes med eller uten medisiner. Forhindrer dannelse av arr og valker. G\u00e5r ikke i forbindelse med huden, slik at du kan skifte blemmeplaster s\u00e5 ofte du trenger (du trenger ikke vente p\u00e5 at det skal falle av!).    <\/p>\n<p><strong>M\u00e5ler 4,4 x 6,9 cm og leveres i 1 pakke.<\/strong><\/p>\n","protected":false},"excerpt":{"rendered":"<p>Blemmeplaster som effektivt absorberer v\u00e6ske fra s\u00e5r\/blemmer og gir maksimal beskyttelse mot trykk og friksjon.<\/p>\n","protected":false},"featured_media":80107,"comment_status":"closed","ping_status":"closed","template":"","meta":{"_acf_changed":false},"product_brand":[],"product_cat":[2391,2427,1942,1948,1937,1941],"product_tag":[2392],"class_list":{"0":"post-80102","1":"product","2":"type-product","3":"status-publish","4":"has-post-thumbnail","6":"product_cat-a-serve-no","7":"product_cat-blemmeplaster-og-forebygging","8":"product_cat-foerstehjelp","9":"product_cat-klinikk","10":"product_cat-merkevarer","11":"product_cat-rekonvalesens-og-sportspleie","12":"product_tag-aserve-no","14":"first","15":"instock","16":"taxable","17":"shipping-taxable","18":"purchasable","19":"product-type-simple"},"acf":[],"_links":{"self":[{"href":"https:\/\/fysiolab.dk\/no\/wp-json\/wp\/v2\/product\/80102","targetHints":{"allow":["GET"]}}],"collection":[{"href":"https:\/\/fysiolab.dk\/no\/wp-json\/wp\/v2\/product"}],"about":[{"href":"https:\/\/fysiolab.dk\/no\/wp-json\/wp\/v2\/types\/product"}],"replies":[{"embeddable":true,"href":"https:\/\/fysiolab.dk\/no\/wp-json\/wp\/v2\/comments?post=80102"}],"wp:featuredmedia":[{"embeddable":true,"href":"https:\/\/fysiolab.dk\/no\/wp-json\/wp\/v2\/media\/80107"}],"wp:attachment":[{"href":"https:\/\/fysiolab.dk\/no\/wp-json\/wp\/v2\/media?parent=80102"}],"wp:term":[{"taxonomy":"product_brand","embeddable":true,"href":"https:\/\/fysiolab.dk\/no\/wp-json\/wp\/v2\/product_brand?post=80102"},{"taxonomy":"product_cat","embeddable":true,"href":"https:\/\/fysiolab.dk\/no\/wp-json\/wp\/v2\/product_cat?post=80102"},{"taxonomy":"product_tag","embeddable":true,"href":"https:\/\/fysiolab.dk\/no\/wp-json\/wp\/v2\/product_tag?post=80102"}],"curies":[{"name":"wp","href":"https:\/\/api.w.org\/{rel}","templated":true}]}}