{"id":80109,"date":"2023-07-16T13:44:20","date_gmt":"2023-07-16T11:44:20","guid":{"rendered":"https:\/\/fysiolab.dk\/product\/underwrap\/"},"modified":"2025-12-18T09:21:54","modified_gmt":"2025-12-18T08:21:54","slug":"underwrap","status":"publish","type":"product","link":"https:\/\/fysiolab.dk\/no\/product\/underwrap\/","title":{"rendered":"Underwrap"},"content":{"rendered":"<p><b>Underwrap:<\/b><\/p>\n<p>Underbind som p\u00e5f\u00f8res f\u00f8r teipen. Hindrer tapen i \u00e5 feste seg direkte p\u00e5 hud og h\u00e5r, noe som gj\u00f8r den enklere \u00e5 fjerne. Gir ogs\u00e5 st\u00f8rre bevegelsesfrihet under selve tapen. Laget av skumbasert polyuretan. Veldig tynn og por\u00f8s. Har liten bruddstyrke i seg selv. Teipen fester seg perfekt til underlaget, s\u00e5 det er ikke n\u00f8dvendig \u00e5 bruke klebespray eller teipfjernerspray. Finnes i 7 cm bredde og 27,4 meters lengde.        <\/p>\n","protected":false},"excerpt":{"rendered":"<p>Underwrap: Underbind som p\u00e5f\u00f8res f\u00f8r teipen. Hindrer tapen i \u00e5 feste seg direkte p\u00e5 hud og h\u00e5r, noe som gj\u00f8r den enklere \u00e5 fjerne. Gir ogs\u00e5 st\u00f8rre bevegelsesfrihet under selve tapen. Laget av skumbasert polyuretan. Veldig tynn og por\u00f8s. Har liten bruddstyrke i seg selv. Teipen fester seg perfekt til underlaget, s\u00e5 det er ikke [&hellip;]<\/p>\n","protected":false},"featured_media":80112,"comment_status":"closed","ping_status":"closed","template":"","meta":{"_acf_changed":false},"product_brand":[],"product_cat":[2391,2413,1948,1937,2416,1941,2087],"product_tag":[2392],"class_list":{"0":"post-80109","1":"product","2":"type-product","3":"status-publish","4":"has-post-thumbnail","6":"product_cat-a-serve-no","7":"product_cat-dressinger-og-wraps","8":"product_cat-klinikk","9":"product_cat-merkevarer","10":"product_cat-pakk-inn","11":"product_cat-rekonvalesens-og-sportspleie","12":"product_cat-tape-no-2","13":"product_tag-aserve-no","15":"first","16":"instock","17":"taxable","18":"shipping-taxable","19":"purchasable","20":"product-type-simple"},"acf":[],"_links":{"self":[{"href":"https:\/\/fysiolab.dk\/no\/wp-json\/wp\/v2\/product\/80109","targetHints":{"allow":["GET"]}}],"collection":[{"href":"https:\/\/fysiolab.dk\/no\/wp-json\/wp\/v2\/product"}],"about":[{"href":"https:\/\/fysiolab.dk\/no\/wp-json\/wp\/v2\/types\/product"}],"replies":[{"embeddable":true,"href":"https:\/\/fysiolab.dk\/no\/wp-json\/wp\/v2\/comments?post=80109"}],"wp:featuredmedia":[{"embeddable":true,"href":"https:\/\/fysiolab.dk\/no\/wp-json\/wp\/v2\/media\/80112"}],"wp:attachment":[{"href":"https:\/\/fysiolab.dk\/no\/wp-json\/wp\/v2\/media?parent=80109"}],"wp:term":[{"taxonomy":"product_brand","embeddable":true,"href":"https:\/\/fysiolab.dk\/no\/wp-json\/wp\/v2\/product_brand?post=80109"},{"taxonomy":"product_cat","embeddable":true,"href":"https:\/\/fysiolab.dk\/no\/wp-json\/wp\/v2\/product_cat?post=80109"},{"taxonomy":"product_tag","embeddable":true,"href":"https:\/\/fysiolab.dk\/no\/wp-json\/wp\/v2\/product_tag?post=80109"}],"curies":[{"name":"wp","href":"https:\/\/api.w.org\/{rel}","templated":true}]}}