{"id":80114,"date":"2023-07-16T13:44:42","date_gmt":"2023-07-16T11:44:42","guid":{"rendered":"https:\/\/fysiolab.dk\/product\/bsn-kinesiologibaand\/"},"modified":"2025-12-18T09:21:53","modified_gmt":"2025-12-18T08:21:53","slug":"bsn-kinesiologibaand","status":"publish","type":"product","link":"https:\/\/fysiolab.dk\/no\/product\/bsn-kinesiologibaand\/","title":{"rendered":"BSN Kinesiologib\u00e5nd"},"content":{"rendered":"<p><b>BSN Kinesiologib\u00e5nd<\/b><\/p>\n<p>- Robust og hudvennlig bomullsmateriale<\/p>\n<p>- Hudvennlig polyakryllim med gode klebeegenskaper<\/p>\n<p>- Lett \u00e5 fjerne<\/p>\n<p>- Tilpasser seg optimalt til hudens elastiske egenskaper<\/p>\n<p>- H\u00f8y komfort d\u00f8gnet rundt<\/p>\n<p>- Lang holdbarhet p\u00e5 opptil \u00e9n uke<\/p>\n<p>- Sport, badstue og dusj er ikke noe problem<\/p>\n<p>- Naturlig virkem\u00e5te uten bivirkninger<\/p>\n<p>- 5 meter p\u00e5 hver rull<\/p>\n<p><b>Liten lapp med stor effekt.  <\/b><\/p>\n<p>Leukotape K med Pain Relief Technique er en elastisk tape som legges direkte p\u00e5 huden i det smertefulle omr\u00e5det. Teipen er ofte effektiv etter bare noen minutter, og smertene avtar. <\/p>\n<p>Sensasjonell ny kunnskap om bruk av elastiske tapeprodukter som Leukotape K gj\u00f8r det n\u00e5 mulig \u00e5 hjelpe et bredt spekter av smertepasienter.  Teipen legges p\u00e5 huden i det smertefulle omr\u00e5det, og smerten avtar - ofte i l\u00f8pet av minutter.<\/p>\n<p>En lang rekke smertetilstander responderer positivt p\u00e5 behandling med Leukotape K, inkludert<\/p>\n<p>Ryggsmerter, nakkesmerter, tennisalbue, hodepine, vond akillessene - bare for \u00e5 nevne noen f\u00e5 eksempler. Selv ved kroniske smerter som er vanskelige \u00e5 behandle, oppn\u00e5r man ofte gode resultater med den nye tapen.  Etter mange \u00e5rs lidelse og utallige behandlingsfors\u00f8k opplever mange pasienter smertefrihet for f\u00f8rste gang.<\/p>\n<p><b>Hvordan virker Leukotape K?  <\/b><\/p>\n<p>Smertelindring ved hjelp av interfererende signaler.<\/p>\n<p>Smerte er et signal om at noe er galt i kroppen. Dermed kan ikke bare skader, men ogs\u00e5 betennelser utl\u00f8se smerte. Muskel- og skjelettsmerter, som for eksempel kroniske ryggsmerter, skyldes ofte muskelspenninger.  <\/p>\n<p>F\u00f8lelsen av smerte oppst\u00e5r alltid p\u00e5 samme m\u00e5te:<\/p>\n<p>Nesten overalt i kroppen finnes smertesensorer; de s\u00e5kalte nociseptorene. Nociseptorer er bittesm\u00e5 nervereseptorer som registrerer forstyrrelser i kroppen, for eksempel muskelspenninger. Nociseptorene fanger opp smertesignalet og sender det videre til hjernen, der selve smertef\u00f8lelsen oppst\u00e5r.  <\/p>\n<p>Og det er nettopp denne overf\u00f8ringen av smertesignalet til hjernen som Leukotape K kan avbryte p\u00e5 en sofistikert og enkel m\u00e5te. Den elastiske tapen gir en slags kontinuerlig massasje av huden, og ettersom nociseptorene reagerer p\u00e5 mekaniske p\u00e5virkninger, skaper den kontinuerlige massasjen en kontinuerlig sensorisk p\u00e5virkning. <\/p>\n<p>Forskerne antar at smertesignalene p\u00e5 denne m\u00e5ten \"overd\u00f8ves\" og ikke lenger n\u00e5r frem til hjernen. Resultatet er at smerten enten forsvinner eller avtar raskt. <\/p>\n","protected":false},"excerpt":{"rendered":"<p>BSN Kinesiologib\u00e5nd - Robust og hudvennlig bomullsmateriale - Hudvennlig polyakryllim med gode klebeegenskaper - Lett \u00e5 fjerne - Tilpasser seg optimalt til hudens elastiske egenskaper - H\u00f8y komfort d\u00f8gnet rundt - Lang holdbarhet p\u00e5 opptil \u00e9n uke - Sport, badstue og dusj er ikke noe problem - Naturlig virkem\u00e5te uten bivirkninger - 5 meter p\u00e5 [&hellip;]<\/p>\n","protected":false},"featured_media":80130,"comment_status":"closed","ping_status":"closed","template":"","meta":{"_acf_changed":false},"product_brand":[],"product_cat":[2412,2088,1948,1937,1941,2087],"product_tag":[2414],"class_list":{"0":"post-80114","1":"product","2":"type-product","3":"status-publish","4":"has-post-thumbnail","6":"product_cat-bsn-medical-no","7":"product_cat-kinesiologisk-tape","8":"product_cat-klinikk","9":"product_cat-merkevarer","10":"product_cat-rekonvalesens-og-sportspleie","11":"product_cat-tape-no-2","12":"product_tag-bsn-medical-no","14":"first","15":"instock","16":"taxable","17":"shipping-taxable","18":"purchasable","19":"product-type-variable"},"acf":[],"_links":{"self":[{"href":"https:\/\/fysiolab.dk\/no\/wp-json\/wp\/v2\/product\/80114","targetHints":{"allow":["GET"]}}],"collection":[{"href":"https:\/\/fysiolab.dk\/no\/wp-json\/wp\/v2\/product"}],"about":[{"href":"https:\/\/fysiolab.dk\/no\/wp-json\/wp\/v2\/types\/product"}],"replies":[{"embeddable":true,"href":"https:\/\/fysiolab.dk\/no\/wp-json\/wp\/v2\/comments?post=80114"}],"wp:featuredmedia":[{"embeddable":true,"href":"https:\/\/fysiolab.dk\/no\/wp-json\/wp\/v2\/media\/80130"}],"wp:attachment":[{"href":"https:\/\/fysiolab.dk\/no\/wp-json\/wp\/v2\/media?parent=80114"}],"wp:term":[{"taxonomy":"product_brand","embeddable":true,"href":"https:\/\/fysiolab.dk\/no\/wp-json\/wp\/v2\/product_brand?post=80114"},{"taxonomy":"product_cat","embeddable":true,"href":"https:\/\/fysiolab.dk\/no\/wp-json\/wp\/v2\/product_cat?post=80114"},{"taxonomy":"product_tag","embeddable":true,"href":"https:\/\/fysiolab.dk\/no\/wp-json\/wp\/v2\/product_tag?post=80114"}],"curies":[{"name":"wp","href":"https:\/\/api.w.org\/{rel}","templated":true}]}}