{"id":80131,"date":"2023-07-16T13:44:19","date_gmt":"2023-07-16T11:44:19","guid":{"rendered":"https:\/\/fysiolab.dk\/product\/a-serve-limspray-300-ml\/"},"modified":"2025-12-18T09:21:55","modified_gmt":"2025-12-18T08:21:55","slug":"a-serve-limspray-300-ml","status":"publish","type":"product","link":"https:\/\/fysiolab.dk\/no\/product\/a-serve-limspray-300-ml\/","title":{"rendered":"A-serve limspray 300 ml"},"content":{"rendered":"<p><b>Aserve Adhesive Spray. 300 ml <\/b><\/p>\n<p>Spray med gjennomsiktig lim av h\u00f8y kvalitet. Forbedrer vedheftingen av tapen. Gir god fordeling av limet slik at det ikke klumper seg sammen. N\u00f8yaktig samme type lim som p\u00e5 baksiden av tapen. Husk \u00e5 rengj\u00f8re huden f\u00f8r p\u00e5f\u00f8ring, spray fra en avstand p\u00e5 20 cm og vent 30 sekunder f\u00f8r tapen p\u00e5f\u00f8res. <strong>Tilgjengelig i en 300 ml boks.<\/strong>     <\/p>\n","protected":false},"excerpt":{"rendered":"<p>Aserve Adhesive Spray. 300 ml Spray med gjennomsiktig lim av h\u00f8y kvalitet. Forbedrer vedheftingen av tapen. Gir god fordeling av limet slik at det ikke klumper seg sammen. N\u00f8yaktig samme type lim som p\u00e5 baksiden av tapen. Husk \u00e5 rengj\u00f8re huden f\u00f8r p\u00e5f\u00f8ring, spray fra en avstand p\u00e5 20 cm og vent 30 sekunder f\u00f8r [&hellip;]<\/p>\n","protected":false},"featured_media":80133,"comment_status":"closed","ping_status":"closed","template":"","meta":{"_acf_changed":false},"product_brand":[],"product_cat":[2391,1948,1937,1941,2446,2440],"product_tag":[2392],"class_list":{"0":"post-80131","1":"product","2":"type-product","3":"status-publish","4":"has-post-thumbnail","6":"product_cat-a-serve-no","7":"product_cat-klinikk","8":"product_cat-merkevarer","9":"product_cat-rekonvalesens-og-sportspleie","10":"product_cat-selvklebende-spray","11":"product_cat-sportsteip","12":"product_tag-aserve-no","14":"first","15":"instock","16":"taxable","17":"shipping-taxable","18":"purchasable","19":"product-type-simple"},"acf":[],"_links":{"self":[{"href":"https:\/\/fysiolab.dk\/no\/wp-json\/wp\/v2\/product\/80131","targetHints":{"allow":["GET"]}}],"collection":[{"href":"https:\/\/fysiolab.dk\/no\/wp-json\/wp\/v2\/product"}],"about":[{"href":"https:\/\/fysiolab.dk\/no\/wp-json\/wp\/v2\/types\/product"}],"replies":[{"embeddable":true,"href":"https:\/\/fysiolab.dk\/no\/wp-json\/wp\/v2\/comments?post=80131"}],"wp:featuredmedia":[{"embeddable":true,"href":"https:\/\/fysiolab.dk\/no\/wp-json\/wp\/v2\/media\/80133"}],"wp:attachment":[{"href":"https:\/\/fysiolab.dk\/no\/wp-json\/wp\/v2\/media?parent=80131"}],"wp:term":[{"taxonomy":"product_brand","embeddable":true,"href":"https:\/\/fysiolab.dk\/no\/wp-json\/wp\/v2\/product_brand?post=80131"},{"taxonomy":"product_cat","embeddable":true,"href":"https:\/\/fysiolab.dk\/no\/wp-json\/wp\/v2\/product_cat?post=80131"},{"taxonomy":"product_tag","embeddable":true,"href":"https:\/\/fysiolab.dk\/no\/wp-json\/wp\/v2\/product_tag?post=80131"}],"curies":[{"name":"wp","href":"https:\/\/api.w.org\/{rel}","templated":true}]}}