{"id":80132,"date":"2023-07-16T13:44:20","date_gmt":"2023-07-16T11:44:20","guid":{"rendered":"https:\/\/fysiolab.dk\/product\/rivetape-75-cm-x-45-m\/"},"modified":"2025-12-18T09:21:53","modified_gmt":"2025-12-18T08:21:53","slug":"rivetape-75-cm-x-45-m","status":"publish","type":"product","link":"https:\/\/fysiolab.dk\/no\/product\/rivetape-75-cm-x-45-m\/","title":{"rendered":"Rivetape 7,5 cm x 4,5 m"},"content":{"rendered":"<p><b>Avrivningsteip 7,5 cm  <\/b><\/p>\n<p>Lett og sv\u00e6rt enkel \u00e5 rive\/arbeide med. Elastisk og selvklebende tape. Ideell til alle typer stropping og fiksering der det er \u00f8nskelig med bevegelsesfrihet. Lett \u00e5 rulle ut og rive i lengderetningen. Litt por\u00f8s og sv\u00e6rt tynn. Kan brukes sammen med selvklebende spray. Begrenset gjenbrukbarhet.        <strong>Lengde 4,5 meter.<\/strong><\/p>\n","protected":false},"excerpt":{"rendered":"<p>Avrivningsteip 7,5 cm Lett og sv\u00e6rt enkel \u00e5 rive\/arbeide med. Elastisk og selvklebende tape. Ideell til alle typer stropping og fiksering der det er \u00f8nskelig med bevegelsesfrihet. Lett \u00e5 rulle ut og rive i lengderetningen. Litt por\u00f8s og sv\u00e6rt tynn. Kan brukes sammen med selvklebende spray. Begrenset gjenbrukbarhet. Lengde 4,5 meter.<\/p>\n","protected":false},"featured_media":80134,"comment_status":"closed","ping_status":"closed","template":"","meta":{"_acf_changed":false},"product_brand":[],"product_cat":[2391,1937,1941,2087],"product_tag":[2392],"class_list":{"0":"post-80132","1":"product","2":"type-product","3":"status-publish","4":"has-post-thumbnail","6":"product_cat-a-serve-no","7":"product_cat-merkevarer","8":"product_cat-rekonvalesens-og-sportspleie","9":"product_cat-tape-no-2","10":"product_tag-aserve-no","12":"first","13":"instock","14":"taxable","15":"shipping-taxable","16":"purchasable","17":"product-type-simple"},"acf":[],"_links":{"self":[{"href":"https:\/\/fysiolab.dk\/no\/wp-json\/wp\/v2\/product\/80132","targetHints":{"allow":["GET"]}}],"collection":[{"href":"https:\/\/fysiolab.dk\/no\/wp-json\/wp\/v2\/product"}],"about":[{"href":"https:\/\/fysiolab.dk\/no\/wp-json\/wp\/v2\/types\/product"}],"replies":[{"embeddable":true,"href":"https:\/\/fysiolab.dk\/no\/wp-json\/wp\/v2\/comments?post=80132"}],"wp:featuredmedia":[{"embeddable":true,"href":"https:\/\/fysiolab.dk\/no\/wp-json\/wp\/v2\/media\/80134"}],"wp:attachment":[{"href":"https:\/\/fysiolab.dk\/no\/wp-json\/wp\/v2\/media?parent=80132"}],"wp:term":[{"taxonomy":"product_brand","embeddable":true,"href":"https:\/\/fysiolab.dk\/no\/wp-json\/wp\/v2\/product_brand?post=80132"},{"taxonomy":"product_cat","embeddable":true,"href":"https:\/\/fysiolab.dk\/no\/wp-json\/wp\/v2\/product_cat?post=80132"},{"taxonomy":"product_tag","embeddable":true,"href":"https:\/\/fysiolab.dk\/no\/wp-json\/wp\/v2\/product_tag?post=80132"}],"curies":[{"name":"wp","href":"https:\/\/api.w.org\/{rel}","templated":true}]}}