{"id":80135,"date":"2023-07-16T13:44:20","date_gmt":"2023-07-16T11:44:20","guid":{"rendered":"https:\/\/fysiolab.dk\/product\/teipesaks\/"},"modified":"2025-12-18T09:21:53","modified_gmt":"2025-12-18T08:21:53","slug":"teipesaks","status":"publish","type":"product","link":"https:\/\/fysiolab.dk\/no\/product\/teipesaks\/","title":{"rendered":"Teipesaks"},"content":{"rendered":"<p><b>Teipesaks  <\/b><\/p>\n<p>Saks spesielt utviklet for \u00e5 klippe tape og klippe tape-ringer. Sv\u00e6rt slitesterk og enkel \u00e5 rengj\u00f8re. Har beskyttelsestiltak slik at du ikke ved et uhell kutter noe annet enn tapen. God ergonomi ved bruk.   <\/p>\n","protected":false},"excerpt":{"rendered":"<p>Teipesaks Saks spesielt utviklet for \u00e5 klippe tape og klippe tape-ringer. Sv\u00e6rt slitesterk og enkel \u00e5 rengj\u00f8re. Har beskyttelsestiltak slik at du ikke ved et uhell kutter noe annet enn tapen. God ergonomi ved bruk.<\/p>\n","protected":false},"featured_media":80137,"comment_status":"closed","ping_status":"closed","template":"","meta":{"_acf_changed":false},"product_brand":[],"product_cat":[2391,1937,1941,2087],"product_tag":[2392],"class_list":{"0":"post-80135","1":"product","2":"type-product","3":"status-publish","4":"has-post-thumbnail","6":"product_cat-a-serve-no","7":"product_cat-merkevarer","8":"product_cat-rekonvalesens-og-sportspleie","9":"product_cat-tape-no-2","10":"product_tag-aserve-no","12":"first","13":"instock","14":"taxable","15":"shipping-taxable","16":"purchasable","17":"product-type-simple"},"acf":[],"_links":{"self":[{"href":"https:\/\/fysiolab.dk\/no\/wp-json\/wp\/v2\/product\/80135","targetHints":{"allow":["GET"]}}],"collection":[{"href":"https:\/\/fysiolab.dk\/no\/wp-json\/wp\/v2\/product"}],"about":[{"href":"https:\/\/fysiolab.dk\/no\/wp-json\/wp\/v2\/types\/product"}],"replies":[{"embeddable":true,"href":"https:\/\/fysiolab.dk\/no\/wp-json\/wp\/v2\/comments?post=80135"}],"wp:featuredmedia":[{"embeddable":true,"href":"https:\/\/fysiolab.dk\/no\/wp-json\/wp\/v2\/media\/80137"}],"wp:attachment":[{"href":"https:\/\/fysiolab.dk\/no\/wp-json\/wp\/v2\/media?parent=80135"}],"wp:term":[{"taxonomy":"product_brand","embeddable":true,"href":"https:\/\/fysiolab.dk\/no\/wp-json\/wp\/v2\/product_brand?post=80135"},{"taxonomy":"product_cat","embeddable":true,"href":"https:\/\/fysiolab.dk\/no\/wp-json\/wp\/v2\/product_cat?post=80135"},{"taxonomy":"product_tag","embeddable":true,"href":"https:\/\/fysiolab.dk\/no\/wp-json\/wp\/v2\/product_tag?post=80135"}],"curies":[{"name":"wp","href":"https:\/\/api.w.org\/{rel}","templated":true}]}}