{"id":80152,"date":"2023-07-16T13:44:19","date_gmt":"2023-07-16T11:44:19","guid":{"rendered":"https:\/\/fysiolab.dk\/product\/ideell-kompresjonsbandasje\/"},"modified":"2025-12-18T09:21:55","modified_gmt":"2025-12-18T08:21:55","slug":"ideell-kompresjonsbandasje","status":"publish","type":"product","link":"https:\/\/fysiolab.dk\/no\/product\/ideell-kompresjonsbandasje\/","title":{"rendered":"Ideell kompresjonsbandasje"},"content":{"rendered":"<p><b>Ideell bandasje<\/b><\/p>\n<p>Kombinasjon av bomull og gummi av h\u00f8y kvalitet i en universalbandasje. Tilgjengelig i 3 ulike bredder og 4,5 meter lengde. Ideell for kompresjon og st\u00f8tte. Elastisk, sv\u00e6rt tynn og enkel \u00e5 arbeide med. Bandasjen er ikke selvklebende og lukkes med longoclips. Vaskbar og gjenbrukbar.     <\/p>\n<p><b>St\u00f8rrelse<\/b><\/p>\n<p><strong>Finnes i f\u00f8lgende bredder: 6, 8 og 10 cm.<\/strong><\/p>\n","protected":false},"excerpt":{"rendered":"<p>Ideell bandasje Kombinasjon av bomull og gummi av h\u00f8y kvalitet i en universalbandasje. Tilgjengelig i 3 ulike bredder og 4,5 meter lengde. Ideell for kompresjon og st\u00f8tte. Elastisk, sv\u00e6rt tynn og enkel \u00e5 arbeide med. Bandasjen er ikke selvklebende og lukkes med longoclips. Vaskbar og gjenbrukbar. St\u00f8rrelse Finnes i f\u00f8lgende bredder: 6, 8 og 10 [&hellip;]<\/p>\n","protected":false},"featured_media":80164,"comment_status":"closed","ping_status":"closed","template":"","meta":{"_acf_changed":false},"product_brand":[],"product_cat":[2391,2413,1942,1948,2415,1937,1941],"product_tag":[2392],"class_list":{"0":"post-80152","1":"product","2":"type-product","3":"status-publish","4":"has-post-thumbnail","6":"product_cat-a-serve-no","7":"product_cat-dressinger-og-wraps","8":"product_cat-foerstehjelp","9":"product_cat-klinikk","10":"product_cat-komprimering","11":"product_cat-merkevarer","12":"product_cat-rekonvalesens-og-sportspleie","13":"product_tag-aserve-no","15":"first","16":"instock","17":"taxable","18":"shipping-taxable","19":"purchasable","20":"product-type-variable"},"acf":[],"_links":{"self":[{"href":"https:\/\/fysiolab.dk\/no\/wp-json\/wp\/v2\/product\/80152","targetHints":{"allow":["GET"]}}],"collection":[{"href":"https:\/\/fysiolab.dk\/no\/wp-json\/wp\/v2\/product"}],"about":[{"href":"https:\/\/fysiolab.dk\/no\/wp-json\/wp\/v2\/types\/product"}],"replies":[{"embeddable":true,"href":"https:\/\/fysiolab.dk\/no\/wp-json\/wp\/v2\/comments?post=80152"}],"wp:featuredmedia":[{"embeddable":true,"href":"https:\/\/fysiolab.dk\/no\/wp-json\/wp\/v2\/media\/80164"}],"wp:attachment":[{"href":"https:\/\/fysiolab.dk\/no\/wp-json\/wp\/v2\/media?parent=80152"}],"wp:term":[{"taxonomy":"product_brand","embeddable":true,"href":"https:\/\/fysiolab.dk\/no\/wp-json\/wp\/v2\/product_brand?post=80152"},{"taxonomy":"product_cat","embeddable":true,"href":"https:\/\/fysiolab.dk\/no\/wp-json\/wp\/v2\/product_cat?post=80152"},{"taxonomy":"product_tag","embeddable":true,"href":"https:\/\/fysiolab.dk\/no\/wp-json\/wp\/v2\/product_tag?post=80152"}],"curies":[{"name":"wp","href":"https:\/\/api.w.org\/{rel}","templated":true}]}}