{"id":80163,"date":"2023-07-16T13:44:19","date_gmt":"2023-07-16T11:44:19","guid":{"rendered":"https:\/\/fysiolab.dk\/product\/toeyelig-tape-tensoplast\/"},"modified":"2026-02-18T17:36:06","modified_gmt":"2026-02-18T16:36:06","slug":"toeyelig-tape-tensoplast","status":"publish","type":"product","link":"https:\/\/fysiolab.dk\/no\/product\/toeyelig-tape-tensoplast\/","title":{"rendered":"Aserve strekkbar tensoplasttape 5 cm"},"content":{"rendered":"<p><b>Aserve strekkb\u00e5nd (tensoplast)<\/b><\/p>\n<p>Meget sterk, hypoallergen, elastisk og selvklebende tape. Den er sterilt innpakket i plast og har en beskyttelsesfilm av plast. Beskyttelsesfilmen er festet fordi denne typen tape har den selvklebende siden p\u00e5 utsiden. Har en gul indekslinje i midten. Laget av 100 % bomull og har en elastisitet p\u00e5 70 %. Bruk limspray for \u00f8kt heft. <strong>4,5 meter per rull.<\/strong>     <\/p>\n","protected":false},"excerpt":{"rendered":"<p>Meget sterk, allergivennlig, elastisk og selvklebende tape.<\/p>\n","protected":false},"featured_media":80168,"comment_status":"closed","ping_status":"closed","template":"","meta":{"_acf_changed":false},"product_brand":[3086],"product_cat":[2391,2413,1948,1937,1941,2087],"product_tag":[2392],"class_list":{"0":"post-80163","1":"product","2":"type-product","3":"status-publish","4":"has-post-thumbnail","6":"product_brand-aserve","7":"product_cat-a-serve-no","8":"product_cat-dressinger-og-wraps","9":"product_cat-klinikk","10":"product_cat-merkevarer","11":"product_cat-rekonvalesens-og-sportspleie","12":"product_cat-tape-no-2","13":"product_tag-aserve-no","15":"first","16":"instock","17":"taxable","18":"shipping-taxable","19":"purchasable","20":"product-type-simple"},"acf":[],"_links":{"self":[{"href":"https:\/\/fysiolab.dk\/no\/wp-json\/wp\/v2\/product\/80163","targetHints":{"allow":["GET"]}}],"collection":[{"href":"https:\/\/fysiolab.dk\/no\/wp-json\/wp\/v2\/product"}],"about":[{"href":"https:\/\/fysiolab.dk\/no\/wp-json\/wp\/v2\/types\/product"}],"replies":[{"embeddable":true,"href":"https:\/\/fysiolab.dk\/no\/wp-json\/wp\/v2\/comments?post=80163"}],"wp:featuredmedia":[{"embeddable":true,"href":"https:\/\/fysiolab.dk\/no\/wp-json\/wp\/v2\/media\/80168"}],"wp:attachment":[{"href":"https:\/\/fysiolab.dk\/no\/wp-json\/wp\/v2\/media?parent=80163"}],"wp:term":[{"taxonomy":"product_brand","embeddable":true,"href":"https:\/\/fysiolab.dk\/no\/wp-json\/wp\/v2\/product_brand?post=80163"},{"taxonomy":"product_cat","embeddable":true,"href":"https:\/\/fysiolab.dk\/no\/wp-json\/wp\/v2\/product_cat?post=80163"},{"taxonomy":"product_tag","embeddable":true,"href":"https:\/\/fysiolab.dk\/no\/wp-json\/wp\/v2\/product_tag?post=80163"}],"curies":[{"name":"wp","href":"https:\/\/api.w.org\/{rel}","templated":true}]}}