{"id":80165,"date":"2023-07-16T13:44:19","date_gmt":"2023-07-16T11:44:19","guid":{"rendered":"https:\/\/fysiolab.dk\/product\/a-serve-harpiks-taper-rengjoeringsspray\/"},"modified":"2025-12-18T09:21:55","modified_gmt":"2025-12-18T08:21:55","slug":"a-serve-harpiks-taper-rengjoeringsspray","status":"publish","type":"product","link":"https:\/\/fysiolab.dk\/no\/product\/a-serve-harpiks-taper-rengjoeringsspray\/","title":{"rendered":"Aserve Resin\/Taper rengj\u00f8ringsspray 500 ml"},"content":{"rendered":"<h3 data-start=\"163\" data-end=\"240\"><strong data-start=\"167\" data-end=\"238\">Aserve Resin\/Taper Cleaner Spray - effektivt rengj\u00f8ringsmiddel for utstyr og hender<\/strong><\/h3>\n<p data-start=\"242\" data-end=\"479\">Aserve Resin\/Tape Cleaner Spray er utviklet for \u00e5 fjerne harpiks, teip, oljer, salver og kremer fra utstyr, tekstiler og hender. Sprayen gj\u00f8r rengj\u00f8ringen rask og effektiv og er egnet for klinikker, idrettsmilj\u00f8er og hjemmebruk. <\/p>\n<p data-start=\"481\" data-end=\"509\"><strong data-start=\"481\" data-end=\"507\">Funksjoner og fordeler:<\/strong><\/p>\n<ul data-start=\"510\" data-end=\"734\">\n<li data-start=\"510\" data-end=\"576\">\n<p data-start=\"512\" data-end=\"576\">Fjerner raskt og effektivt harpiks, tape og klebrige rester.<\/p>\n<\/li>\n<li data-start=\"577\" data-end=\"628\">\n<p data-start=\"579\" data-end=\"628\">Kan brukes p\u00e5 hender, utstyr og tekstiler.<\/p>\n<\/li>\n<li data-start=\"629\" data-end=\"664\">\n<p data-start=\"631\" data-end=\"664\">Milj\u00f8vennlig med en behagelig duft.<\/p>\n<\/li>\n<li data-start=\"665\" data-end=\"734\">\n<p data-start=\"667\" data-end=\"734\">Praktisk 500 ml sprayflaske for b\u00e5de profesjonell og privat bruk.<\/p>\n<\/li>\n<\/ul>\n<p data-start=\"736\" data-end=\"753\"><strong data-start=\"736\" data-end=\"751\">S\u00f8knad:<\/strong><\/p>\n<ul data-start=\"754\" data-end=\"963\">\n<li data-start=\"754\" data-end=\"826\">\n<p data-start=\"756\" data-end=\"826\">Spray et tynt lag p\u00e5 omr\u00e5det der harpiksen eller restene befinner seg.<\/p>\n<\/li>\n<li data-start=\"827\" data-end=\"894\">\n<p data-start=\"829\" data-end=\"894\">La virke en kort stund, og t\u00f8rk eller vask deretter omr\u00e5det som normalt.<\/p>\n<\/li>\n<li data-start=\"895\" data-end=\"963\">\n<p data-start=\"897\" data-end=\"963\">Egnet for idrettsklubber, fysioterapiklinikker og privat bruk.<\/p>\n<\/li>\n<\/ul>\n<p data-start=\"965\" data-end=\"1114\">Aserve Resin\/Tape Cleaner Spray er et enkelt, men effektivt verkt\u00f8y som gj\u00f8r opprydding og rengj\u00f8ring raskere, mer hygienisk og mindre s\u00f8lete.<\/p>\n","protected":false},"excerpt":{"rendered":"<p><strong>Effektiv spray for rask fjerning av harpiks, tape og klebrige rester fra hender, utstyr og tekstiler. Egnet for klinikk, sport og hjemmebruk. <\/strong><\/p>\n","protected":false},"featured_media":100513,"comment_status":"closed","ping_status":"closed","template":"","meta":{"_acf_changed":false},"product_brand":[3086],"product_cat":[2391,2408,1948,1937,1941,2407],"product_tag":[2392],"class_list":{"0":"post-80165","1":"product","2":"type-product","3":"status-publish","4":"has-post-thumbnail","6":"product_brand-aserve","7":"product_cat-a-serve-no","8":"product_cat-hygiene-og-rengjoering","9":"product_cat-klinikk","10":"product_cat-merkevarer","11":"product_cat-rekonvalesens-og-sportspleie","12":"product_cat-saape-og-rengjoeringsmiddel","13":"product_tag-aserve-no","15":"first","16":"instock","17":"taxable","18":"shipping-taxable","19":"purchasable","20":"product-type-simple"},"acf":[],"_links":{"self":[{"href":"https:\/\/fysiolab.dk\/no\/wp-json\/wp\/v2\/product\/80165","targetHints":{"allow":["GET"]}}],"collection":[{"href":"https:\/\/fysiolab.dk\/no\/wp-json\/wp\/v2\/product"}],"about":[{"href":"https:\/\/fysiolab.dk\/no\/wp-json\/wp\/v2\/types\/product"}],"replies":[{"embeddable":true,"href":"https:\/\/fysiolab.dk\/no\/wp-json\/wp\/v2\/comments?post=80165"}],"wp:featuredmedia":[{"embeddable":true,"href":"https:\/\/fysiolab.dk\/no\/wp-json\/wp\/v2\/media\/100513"}],"wp:attachment":[{"href":"https:\/\/fysiolab.dk\/no\/wp-json\/wp\/v2\/media?parent=80165"}],"wp:term":[{"taxonomy":"product_brand","embeddable":true,"href":"https:\/\/fysiolab.dk\/no\/wp-json\/wp\/v2\/product_brand?post=80165"},{"taxonomy":"product_cat","embeddable":true,"href":"https:\/\/fysiolab.dk\/no\/wp-json\/wp\/v2\/product_cat?post=80165"},{"taxonomy":"product_tag","embeddable":true,"href":"https:\/\/fysiolab.dk\/no\/wp-json\/wp\/v2\/product_tag?post=80165"}],"curies":[{"name":"wp","href":"https:\/\/api.w.org\/{rel}","templated":true}]}}