{"id":80171,"date":"2023-07-16T13:44:19","date_gmt":"2023-07-16T11:44:19","guid":{"rendered":"https:\/\/fysiolab.dk\/product\/foerstehjelpsbandasje\/"},"modified":"2025-12-18T09:21:55","modified_gmt":"2025-12-18T08:21:55","slug":"foerstehjelpsbandasje","status":"publish","type":"product","link":"https:\/\/fysiolab.dk\/no\/product\/foerstehjelpsbandasje\/","title":{"rendered":"Aserve f\u00f8rstehjelpsbandasje 6 &amp; 8 cm"},"content":{"rendered":"<h3 data-start=\"159\" data-end=\"244\">Aserve f\u00f8rstehjelpsbandasje - elastisk fikseringsbandasje av profesjonell kvalitet<\/h3>\n<p data-start=\"245\" data-end=\"626\">Aserve First Aid Bandage er en selvklebende, elastisk og pustende fikseringsbandasje som <strong data-start=\"341\" data-end=\"361\">bare<\/strong> fester <strong data-start=\"341\" data-end=\"361\">seg til seg selv<\/strong> og ikke sklir p\u00e5 huden. Den er utviklet for rask og effektiv behandling av klassiske skader og st\u00f8ttebehov - ideell for fysioterapiklinikker, idrettsklubber og hjemmebruk. Bandasjen er av medisinsk kvalitet og kan erstatte gamle typer selvklebende bandasjer og kompresjonsbandasjer.  <\/p>\n<hr data-start=\"628\" data-end=\"631\">\n<h3 data-start=\"633\" data-end=\"648\">Varianter<\/h3>\n<ul data-start=\"649\" data-end=\"882\">\n<li data-start=\"649\" data-end=\"751\">\n<p data-start=\"651\" data-end=\"751\"><strong data-start=\"651\" data-end=\"679\">Bredde 6 cm \u00d7 lengde 4 m<\/strong>: Ideell l\u00f8sning for mindre omr\u00e5der som h\u00e5ndledd, underarm eller ankler.<\/p>\n<\/li>\n<li data-start=\"752\" data-end=\"882\">\n<p data-start=\"754\" data-end=\"882\"><strong data-start=\"754\" data-end=\"782\">Bredde 8 cm \u00d7 lengde 4 m<\/strong>: Egnet for st\u00f8rre omr\u00e5der som kne, legg eller overarm - gir bredere dekning og stabilisering.<\/p>\n<\/li>\n<\/ul>\n<hr data-start=\"884\" data-end=\"887\">\n<h3 data-start=\"889\" data-end=\"915\">Funksjoner og fordeler<\/h3>\n<ul data-start=\"916\" data-end=\"1556\">\n<li data-start=\"916\" data-end=\"1050\">\n<p data-start=\"918\" data-end=\"1050\">Selvklebende: Ingen lim, klebemiddel eller tape - bandasjen fester seg til seg selv for enkel bruk og komfort.<\/p>\n<\/li>\n<li data-start=\"1051\" data-end=\"1185\">\n<p data-start=\"1053\" data-end=\"1185\">Elastisk og pustende: Materialet er por\u00f8st og lar huden puste, samtidig som det opprettholder god fleksibilitet og bevegelighet.<\/p>\n<\/li>\n<li data-start=\"1186\" data-end=\"1296\">\n<p data-start=\"1188\" data-end=\"1296\">Statisk fiksering: Den sklir ikke p\u00e5 huden, noe som sikrer en stabil og sikker posisjon under aktivitet.<\/p>\n<\/li>\n<li data-start=\"1297\" data-end=\"1429\">\n<p data-start=\"1299\" data-end=\"1429\">Medisinsk kvalitet: Laget for profesjonell bruk - sterk bruddstyrke, enkel \u00e5 p\u00e5f\u00f8re og egnet for klinikk- eller hjemmebruk.<\/p>\n<\/li>\n<li data-start=\"1430\" data-end=\"1556\">\n<p data-start=\"1432\" data-end=\"1556\">Praktisk rullelengde: 4 meter per rull gir tilstrekkelig lengde og gir mulighet for flere p\u00e5f\u00f8ringer eller st\u00f8rre dekning.<\/p>\n<\/li>\n<\/ul>\n<hr data-start=\"1558\" data-end=\"1561\">\n<h3 data-start=\"1563\" data-end=\"1579\">Hvordan bruke<\/h3>\n<p data-start=\"1580\" data-end=\"1623\">Aserve f\u00f8rstehjelpsbandasje er egnet for:<\/p>\n<ul data-start=\"1624\" data-end=\"1893\">\n<li data-start=\"1624\" data-end=\"1679\">\n<p data-start=\"1626\" data-end=\"1679\">Rask fiksering av forstuinger og mindre skader<\/p>\n<\/li>\n<li data-start=\"1680\" data-end=\"1733\">\n<p data-start=\"1682\" data-end=\"1733\">Stabilisering under rehabilitering eller behandling<\/p>\n<\/li>\n<li data-start=\"1734\" data-end=\"1802\">\n<p data-start=\"1736\" data-end=\"1802\">Sportsbruk der det er behov for rask selvbehandling eller st\u00f8tte<\/p>\n<\/li>\n<li data-start=\"1803\" data-end=\"1893\">\n<p data-start=\"1805\" data-end=\"1893\">Kliniske omgivelser der du \u00f8nsker en enkel og effektiv l\u00f8sning for fiksering og st\u00f8tte<\/p>\n<\/li>\n<\/ul>\n","protected":false},"excerpt":{"rendered":"<p><strong>Aserve First Aid Bandage - selvklebende elastisk fikseringsbandasje av medisinsk kvalitet. Tilgjengelig i breddene 6 cm og 8 cm (4 m rull) og er ideell for stabilisering og behandling innen idrett og p\u00e5 klinikker. <\/strong><\/p>\n","protected":false},"featured_media":100525,"comment_status":"closed","ping_status":"closed","template":"","meta":{"_acf_changed":false},"product_brand":[3086],"product_cat":[2391,2413,1942,1948,1937,1941],"product_tag":[2392],"class_list":{"0":"post-80171","1":"product","2":"type-product","3":"status-publish","4":"has-post-thumbnail","6":"product_brand-aserve","7":"product_cat-a-serve-no","8":"product_cat-dressinger-og-wraps","9":"product_cat-foerstehjelp","10":"product_cat-klinikk","11":"product_cat-merkevarer","12":"product_cat-rekonvalesens-og-sportspleie","13":"product_tag-aserve-no","15":"first","16":"instock","17":"taxable","18":"shipping-taxable","19":"purchasable","20":"product-type-variable"},"acf":[],"_links":{"self":[{"href":"https:\/\/fysiolab.dk\/no\/wp-json\/wp\/v2\/product\/80171","targetHints":{"allow":["GET"]}}],"collection":[{"href":"https:\/\/fysiolab.dk\/no\/wp-json\/wp\/v2\/product"}],"about":[{"href":"https:\/\/fysiolab.dk\/no\/wp-json\/wp\/v2\/types\/product"}],"replies":[{"embeddable":true,"href":"https:\/\/fysiolab.dk\/no\/wp-json\/wp\/v2\/comments?post=80171"}],"wp:featuredmedia":[{"embeddable":true,"href":"https:\/\/fysiolab.dk\/no\/wp-json\/wp\/v2\/media\/100525"}],"wp:attachment":[{"href":"https:\/\/fysiolab.dk\/no\/wp-json\/wp\/v2\/media?parent=80171"}],"wp:term":[{"taxonomy":"product_brand","embeddable":true,"href":"https:\/\/fysiolab.dk\/no\/wp-json\/wp\/v2\/product_brand?post=80171"},{"taxonomy":"product_cat","embeddable":true,"href":"https:\/\/fysiolab.dk\/no\/wp-json\/wp\/v2\/product_cat?post=80171"},{"taxonomy":"product_tag","embeddable":true,"href":"https:\/\/fysiolab.dk\/no\/wp-json\/wp\/v2\/product_tag?post=80171"}],"curies":[{"name":"wp","href":"https:\/\/api.w.org\/{rel}","templated":true}]}}