{"id":80179,"date":"2023-07-16T13:41:53","date_gmt":"2023-07-16T11:41:53","guid":{"rendered":"https:\/\/fysiolab.dk\/product\/spenco-ironman-performance-gel-haelinnlegg\/"},"modified":"2025-12-18T09:21:57","modified_gmt":"2025-12-18T08:21:57","slug":"spenco-ironman-performance-gel-haelinnlegg","status":"publish","type":"product","link":"https:\/\/fysiolab.dk\/no\/product\/spenco-ironman-performance-gel-haelinnlegg\/","title":{"rendered":"Spenco Ironman Performance gel-h\u00e6linnlegg"},"content":{"rendered":"<p>Spenco Ironman Performance Gel h\u00e6linnlegg er for deg som trenger st\u00f8tte for h\u00e6lomr\u00e5det. Ironman Performance Gel-h\u00e6linnlegg reduserer smerter i h\u00e6len og er designet for \u00e5 kombinere god st\u00f8tdemping og rebound-energi for optimal ytelse. H\u00e6linnsatsen kan brukes av alle til sports- eller hverdagssko.  <\/p>\n<p>Den sklisikre designen s\u00f8rger for at h\u00e6linnlegget sitter godt fast i skoen og ikke sklir.<\/p>\n<p>H\u00e6linnlegget selges i par og passer b\u00e5de herre- og damest\u00f8rrelser. Kun tilgjengelig i \u00e9n st\u00f8rrelse. <\/p>\n<p>&nbsp;<\/p>\n<p>&nbsp;<\/p>\n","protected":false},"excerpt":{"rendered":"<p>Spenco Ironman Performance Gel h\u00e6lst\u00f8tte er for deg som trenger st\u00f8tte for h\u00e6lomr\u00e5det. Inners\u00e5lene selges parvis og passer b\u00e5de herre- og damest\u00f8rrelser. Kun tilgjengelig i \u00e9n st\u00f8rrelse.  <\/p>\n","protected":false},"featured_media":80181,"comment_status":"closed","ping_status":"closed","template":"","meta":{"_acf_changed":false},"product_brand":[],"product_cat":[2391,1948,1937,2003],"product_tag":[],"class_list":{"0":"post-80179","1":"product","2":"type-product","3":"status-publish","4":"has-post-thumbnail","6":"product_cat-a-serve-no","7":"product_cat-klinikk","8":"product_cat-merkevarer","9":"product_cat-saaler-og-fotpleie","11":"first","12":"instock","13":"taxable","14":"shipping-taxable","15":"purchasable","16":"product-type-simple"},"acf":[],"_links":{"self":[{"href":"https:\/\/fysiolab.dk\/no\/wp-json\/wp\/v2\/product\/80179","targetHints":{"allow":["GET"]}}],"collection":[{"href":"https:\/\/fysiolab.dk\/no\/wp-json\/wp\/v2\/product"}],"about":[{"href":"https:\/\/fysiolab.dk\/no\/wp-json\/wp\/v2\/types\/product"}],"replies":[{"embeddable":true,"href":"https:\/\/fysiolab.dk\/no\/wp-json\/wp\/v2\/comments?post=80179"}],"wp:featuredmedia":[{"embeddable":true,"href":"https:\/\/fysiolab.dk\/no\/wp-json\/wp\/v2\/media\/80181"}],"wp:attachment":[{"href":"https:\/\/fysiolab.dk\/no\/wp-json\/wp\/v2\/media?parent=80179"}],"wp:term":[{"taxonomy":"product_brand","embeddable":true,"href":"https:\/\/fysiolab.dk\/no\/wp-json\/wp\/v2\/product_brand?post=80179"},{"taxonomy":"product_cat","embeddable":true,"href":"https:\/\/fysiolab.dk\/no\/wp-json\/wp\/v2\/product_cat?post=80179"},{"taxonomy":"product_tag","embeddable":true,"href":"https:\/\/fysiolab.dk\/no\/wp-json\/wp\/v2\/product_tag?post=80179"}],"curies":[{"name":"wp","href":"https:\/\/api.w.org\/{rel}","templated":true}]}}