{"id":80180,"date":"2023-07-16T13:44:18","date_gmt":"2023-07-16T11:44:18","guid":{"rendered":"https:\/\/fysiolab.dk\/product\/a-serve-arnica-balsam-100-ml\/"},"modified":"2025-12-18T09:21:56","modified_gmt":"2025-12-18T08:21:56","slug":"a-serve-arnica-balsam-100-ml","status":"publish","type":"product","link":"https:\/\/fysiolab.dk\/no\/product\/a-serve-arnica-balsam-100-ml\/","title":{"rendered":"Aserve Arnica Balm 100 ml."},"content":{"rendered":"<h3 data-start=\"207\" data-end=\"280\"><strong data-start=\"211\" data-end=\"278\">Aserve Arnica Balm - Smertelindrende pleie for muskler og ledd<\/strong><\/h3>\n<p data-start=\"282\" data-end=\"491\">Aserve Arnica Balm er utviklet for \u00e5 behandle bl\u00e5merker, forstrekninger og akutte idrettsskader. Den lindrer smerte, reduserer hevelse og st\u00f8tter helingsprosessen i muskler, sener og ledd. <\/p>\n<p data-start=\"493\" data-end=\"509\"><strong data-start=\"493\" data-end=\"507\">Varianter:<\/strong><\/p>\n<ul data-start=\"510\" data-end=\"578\">\n<li data-start=\"510\" data-end=\"578\">\n<p data-start=\"512\" data-end=\"578\">100 ml tube - praktisk for personlig bruk eller sm\u00e5 behandlinger<\/p>\n<\/li>\n<\/ul>\n<p data-start=\"580\" data-end=\"594\"><strong data-start=\"580\" data-end=\"592\">Fordeler:<\/strong><\/p>\n<ul data-start=\"595\" data-end=\"793\">\n<li data-start=\"595\" data-end=\"652\">\n<p data-start=\"597\" data-end=\"652\">Bidrar til raskere restitusjon etter fysisk anstrengelse<\/p>\n<\/li>\n<li data-start=\"653\" data-end=\"691\">\n<p data-start=\"655\" data-end=\"691\">Lindrer smerter og muskelspenninger<\/p>\n<\/li>\n<li data-start=\"692\" data-end=\"738\">\n<p data-start=\"694\" data-end=\"738\">Egnet for b\u00e5de klinikk- og hjemmebruk<\/p>\n<\/li>\n<li data-start=\"739\" data-end=\"793\">\n<p data-start=\"741\" data-end=\"793\">Kan brukes under kompresser ved intensivbehandling<\/p>\n<\/li>\n<\/ul>\n<p data-start=\"795\" data-end=\"812\"><strong data-start=\"795\" data-end=\"810\">S\u00f8knad:<\/strong><\/p>\n<ul data-start=\"813\" data-end=\"957\">\n<li data-start=\"813\" data-end=\"879\">\n<p data-start=\"815\" data-end=\"879\">P\u00e5f\u00f8r balsamen p\u00e5 det ber\u00f8rte omr\u00e5det og masser den lett inn i huden<\/p>\n<\/li>\n<li data-start=\"880\" data-end=\"928\">\n<p data-start=\"882\" data-end=\"928\">Kan brukes flere ganger om dagen etter behov<\/p>\n<\/li>\n<li data-start=\"929\" data-end=\"957\">\n<p data-start=\"931\" data-end=\"957\">M\u00e5 ikke brukes p\u00e5 \u00e5pne s\u00e5r<\/p>\n<\/li>\n<\/ul>\n","protected":false},"excerpt":{"rendered":"<p><strong>Smertelindrende gel med arnika til behandling av bl\u00e5merker, overanstrengte muskler og akutte idrettsskader. Fremmer tilheling og reduserer hevelse. <\/strong><\/p>\n","protected":false},"featured_media":100520,"comment_status":"closed","ping_status":"closed","template":"","meta":{"_acf_changed":false},"product_brand":[3086],"product_cat":[2391,1948,1937,1941,2423,2453],"product_tag":[2392],"class_list":{"0":"post-80180","1":"product","2":"type-product","3":"status-publish","4":"has-post-thumbnail","6":"product_brand-aserve","7":"product_cat-a-serve-no","8":"product_cat-klinikk","9":"product_cat-merkevarer","10":"product_cat-rekonvalesens-og-sportspleie","11":"product_cat-salve-no","12":"product_cat-salve-no-2","13":"product_tag-aserve-no","15":"first","16":"instock","17":"sale","18":"taxable","19":"shipping-taxable","20":"purchasable","21":"product-type-simple"},"acf":[],"_links":{"self":[{"href":"https:\/\/fysiolab.dk\/no\/wp-json\/wp\/v2\/product\/80180","targetHints":{"allow":["GET"]}}],"collection":[{"href":"https:\/\/fysiolab.dk\/no\/wp-json\/wp\/v2\/product"}],"about":[{"href":"https:\/\/fysiolab.dk\/no\/wp-json\/wp\/v2\/types\/product"}],"replies":[{"embeddable":true,"href":"https:\/\/fysiolab.dk\/no\/wp-json\/wp\/v2\/comments?post=80180"}],"wp:featuredmedia":[{"embeddable":true,"href":"https:\/\/fysiolab.dk\/no\/wp-json\/wp\/v2\/media\/100520"}],"wp:attachment":[{"href":"https:\/\/fysiolab.dk\/no\/wp-json\/wp\/v2\/media?parent=80180"}],"wp:term":[{"taxonomy":"product_brand","embeddable":true,"href":"https:\/\/fysiolab.dk\/no\/wp-json\/wp\/v2\/product_brand?post=80180"},{"taxonomy":"product_cat","embeddable":true,"href":"https:\/\/fysiolab.dk\/no\/wp-json\/wp\/v2\/product_cat?post=80180"},{"taxonomy":"product_tag","embeddable":true,"href":"https:\/\/fysiolab.dk\/no\/wp-json\/wp\/v2\/product_tag?post=80180"}],"curies":[{"name":"wp","href":"https:\/\/api.w.org\/{rel}","templated":true}]}}