{"id":80183,"date":"2023-07-16T13:41:53","date_gmt":"2023-07-16T11:41:53","guid":{"rendered":"https:\/\/fysiolab.dk\/product\/anodyne-holdningskorrigerende-skulderstoette-comfort\/"},"modified":"2025-12-18T09:21:57","modified_gmt":"2025-12-18T08:21:57","slug":"anodyne-holdningskorrigerende-skulderstoette-comfort","status":"publish","type":"product","link":"https:\/\/fysiolab.dk\/no\/product\/anodyne-holdningskorrigerende-skulderstoette-comfort\/","title":{"rendered":"Anodyne holdningskorrigerende skulderst\u00f8tte, Comfort+"},"content":{"rendered":"<p>Comfort+ skulderst\u00f8tte fra Anodyne hjelper deg:<\/p>\n<ul>\n<li>\u00d8kt fokus p\u00e5 kroppsholdningen din<\/li>\n<li>Stabiliserer og avlaster skuldre og rygg<\/li>\n<li>Enkel \u00e5 bruke og tilpasse til dine behov<\/li>\n<li>Kan brukes til hverdagsbruk og p\u00e5 jobb<\/li>\n<li>Gir ekstra komfortabel st\u00f8tte<\/li>\n<\/ul>\n<p>Unng\u00e5 \u00e5 belaste nakke, skuldre og rygg, og f\u00e5 en bedre holdning med v\u00e5r Comfort+ Skulderst\u00f8tte. Den er utviklet for \u00e5 forbedre holdningen ved \u00e5 stabilisere skuldrene, slik at de ikke faller fremover. Med sine to justerbare stropper kan Comfort+ tilpasses ditt utgangspunkt og dine behov. Med sin komfortable design og sine slitesterke materialer gir skulderst\u00f8tten ekstra st\u00f8tte til overkroppen, noe som gj\u00f8r den uunnv\u00e6rlig i en travel hverdag der god holdning lett blir glemt. Comfort+ kan brukes i hverdagen, p\u00e5 jobben og andre steder der du trenger st\u00f8tte og stabilisering.    <\/p>\n<p>Posture Shoulder Support er ideell for smerter og spenninger som oppst\u00e5r akutt, for eksempel i l\u00f8pet av arbeidsdagen ved skrivebordet eller n\u00e5r du st\u00e5r i samme stilling over lengre tid. I slike situasjoner gir v\u00e5r Comfort+ Posture Shoulder Support god st\u00f8tte og avlastning av muskulaturen, noe som lindrer eller forebygger smerter og spenninger. <\/p>\n<p><strong>Materiale: Nylon, polyesterelastan, PU-l\u00e6r, skum.<\/strong><\/p>\n<p><strong>St\u00f8rrelsesguide<\/strong><\/p>\n<p><strong>Bestilles i henhold til kroppsvekten din<\/strong><\/p>\n","protected":false},"excerpt":{"rendered":"<p><strong>Unng\u00e5 belastning i nakke, skuldre og rygg, og forebygg smerter og spenninger. Anodyne Comfort+ skulderst\u00f8tte bidrar til \u00e5 holde skuldrene tilbake og sikrer god holdning og optimal bevegelighet for rygg, nakke og skuldre. <\/strong><\/p>\n","protected":false},"featured_media":80188,"comment_status":"closed","ping_status":"closed","template":"","meta":{"_acf_changed":false},"product_brand":[3101],"product_cat":[2461,2462,2463,2020,1966,1937],"product_tag":[2464],"class_list":{"0":"post-80183","1":"product","2":"type-product","3":"status-publish","4":"has-post-thumbnail","6":"product_brand-anodyne","7":"product_cat-anodyne-no","8":"product_cat-anodyne-no-2","9":"product_cat-holdningskorrigerende-klaer","10":"product_cat-julegaveideer-no","11":"product_cat-klaer","12":"product_cat-merkevarer","13":"product_tag-anodyne-no","15":"first","16":"instock","17":"taxable","18":"shipping-taxable","19":"purchasable","20":"product-type-variable"},"acf":[],"_links":{"self":[{"href":"https:\/\/fysiolab.dk\/no\/wp-json\/wp\/v2\/product\/80183","targetHints":{"allow":["GET"]}}],"collection":[{"href":"https:\/\/fysiolab.dk\/no\/wp-json\/wp\/v2\/product"}],"about":[{"href":"https:\/\/fysiolab.dk\/no\/wp-json\/wp\/v2\/types\/product"}],"replies":[{"embeddable":true,"href":"https:\/\/fysiolab.dk\/no\/wp-json\/wp\/v2\/comments?post=80183"}],"wp:featuredmedia":[{"embeddable":true,"href":"https:\/\/fysiolab.dk\/no\/wp-json\/wp\/v2\/media\/80188"}],"wp:attachment":[{"href":"https:\/\/fysiolab.dk\/no\/wp-json\/wp\/v2\/media?parent=80183"}],"wp:term":[{"taxonomy":"product_brand","embeddable":true,"href":"https:\/\/fysiolab.dk\/no\/wp-json\/wp\/v2\/product_brand?post=80183"},{"taxonomy":"product_cat","embeddable":true,"href":"https:\/\/fysiolab.dk\/no\/wp-json\/wp\/v2\/product_cat?post=80183"},{"taxonomy":"product_tag","embeddable":true,"href":"https:\/\/fysiolab.dk\/no\/wp-json\/wp\/v2\/product_tag?post=80183"}],"curies":[{"name":"wp","href":"https:\/\/api.w.org\/{rel}","templated":true}]}}