{"id":80184,"date":"2023-07-16T13:43:56","date_gmt":"2023-07-16T11:43:56","guid":{"rendered":"https:\/\/fysiolab.dk\/product\/a-serve-nr-2-traumasalve\/"},"modified":"2025-12-18T09:21:56","modified_gmt":"2025-12-18T08:21:56","slug":"a-serve-nr-2-traumasalve","status":"publish","type":"product","link":"https:\/\/fysiolab.dk\/no\/product\/a-serve-nr-2-traumasalve\/","title":{"rendered":"Aserve No. 2 Trauma Salve"},"content":{"rendered":"<h3 data-start=\"238\" data-end=\"309\"><strong data-start=\"242\" data-end=\"307\">Aserve Trauma Salve - effektiv behandling av skader etter 48 timer<\/strong><\/h3>\n<p data-start=\"311\" data-end=\"586\">Aserve Trauma Salve er utviklet for \u00e5 behandle muskler, ledd og sener etter overbelastning eller skader som er eldre enn 48 timer. Den virker b\u00e5de <strong data-start=\"461\" data-end=\"492\">smertelindrende og varmende<\/strong> og bidrar til \u00f8kt blodgjennomstr\u00f8mning, noe som fremmer restitusjon og reduserer stivhet. <\/p>\n<p data-start=\"588\" data-end=\"604\"><strong data-start=\"588\" data-end=\"602\">Varianter:<\/strong><\/p>\n<ul data-start=\"605\" data-end=\"688\">\n<li data-start=\"605\" data-end=\"641\">\n<p data-start=\"607\" data-end=\"641\"><strong data-start=\"607\" data-end=\"622\">St\u00f8rrelser:<\/strong> 100 ml og 500 ml<\/p>\n<\/li>\n<li data-start=\"642\" data-end=\"688\">\n<p data-start=\"644\" data-end=\"688\">Egnet for b\u00e5de klinikk- og hjemmebruk<\/p>\n<\/li>\n<\/ul>\n<p data-start=\"690\" data-end=\"704\"><strong data-start=\"690\" data-end=\"702\">Fordeler:<\/strong><\/p>\n<ul data-start=\"705\" data-end=\"939\">\n<li data-start=\"705\" data-end=\"754\">\n<p data-start=\"707\" data-end=\"754\">Lindrer smerter og spenninger i muskler og ledd<\/p>\n<\/li>\n<li data-start=\"755\" data-end=\"797\">\n<p data-start=\"757\" data-end=\"797\">Fremmer blodsirkulasjon og restitusjon<\/p>\n<\/li>\n<li data-start=\"798\" data-end=\"876\">\n<p data-start=\"800\" data-end=\"876\">Ideell for idrettsskader, forstuinger, forstrekninger og fibersprengninger<\/p>\n<\/li>\n<li data-start=\"877\" data-end=\"939\">\n<p data-start=\"879\" data-end=\"939\">Stor variant gir fleksibilitet for klinikk- og hjemmebruk<\/p>\n<\/li>\n<\/ul>\n<p data-start=\"941\" data-end=\"958\"><strong data-start=\"941\" data-end=\"956\">S\u00f8knad:<\/strong><\/p>\n<ul data-start=\"959\" data-end=\"1114\">\n<li data-start=\"959\" data-end=\"1026\">\n<p data-start=\"961\" data-end=\"1026\">P\u00e5f\u00f8r p\u00e5 det behandlede omr\u00e5det og masser inn til det er absorbert<\/p>\n<\/li>\n<li data-start=\"1027\" data-end=\"1075\">\n<p data-start=\"1029\" data-end=\"1075\">Kan brukes flere ganger om dagen etter behov<\/p>\n<\/li>\n<li data-start=\"1076\" data-end=\"1114\">\n<p data-start=\"1078\" data-end=\"1114\">Anbefales ikke for barn under 5 \u00e5r<\/p>\n<\/li>\n<\/ul>\n","protected":false},"excerpt":{"rendered":"<p><strong>Varmende og smertelindrende salve for muskler, ledd og sener etter overbelastning. Tilgjengelig i 100 ml og 500 ml og bidrar til effektiv restitusjon. <\/strong><\/p>\n","protected":false},"featured_media":80197,"comment_status":"closed","ping_status":"closed","template":"","meta":{"_acf_changed":false},"product_brand":[3086],"product_cat":[2391,1948,1937,1941,2423,2453],"product_tag":[2392],"class_list":{"0":"post-80184","1":"product","2":"type-product","3":"status-publish","4":"has-post-thumbnail","6":"product_brand-aserve","7":"product_cat-a-serve-no","8":"product_cat-klinikk","9":"product_cat-merkevarer","10":"product_cat-rekonvalesens-og-sportspleie","11":"product_cat-salve-no","12":"product_cat-salve-no-2","13":"product_tag-aserve-no","15":"first","16":"instock","17":"taxable","18":"shipping-taxable","19":"purchasable","20":"product-type-variable"},"acf":[],"_links":{"self":[{"href":"https:\/\/fysiolab.dk\/no\/wp-json\/wp\/v2\/product\/80184","targetHints":{"allow":["GET"]}}],"collection":[{"href":"https:\/\/fysiolab.dk\/no\/wp-json\/wp\/v2\/product"}],"about":[{"href":"https:\/\/fysiolab.dk\/no\/wp-json\/wp\/v2\/types\/product"}],"replies":[{"embeddable":true,"href":"https:\/\/fysiolab.dk\/no\/wp-json\/wp\/v2\/comments?post=80184"}],"wp:featuredmedia":[{"embeddable":true,"href":"https:\/\/fysiolab.dk\/no\/wp-json\/wp\/v2\/media\/80197"}],"wp:attachment":[{"href":"https:\/\/fysiolab.dk\/no\/wp-json\/wp\/v2\/media?parent=80184"}],"wp:term":[{"taxonomy":"product_brand","embeddable":true,"href":"https:\/\/fysiolab.dk\/no\/wp-json\/wp\/v2\/product_brand?post=80184"},{"taxonomy":"product_cat","embeddable":true,"href":"https:\/\/fysiolab.dk\/no\/wp-json\/wp\/v2\/product_cat?post=80184"},{"taxonomy":"product_tag","embeddable":true,"href":"https:\/\/fysiolab.dk\/no\/wp-json\/wp\/v2\/product_tag?post=80184"}],"curies":[{"name":"wp","href":"https:\/\/api.w.org\/{rel}","templated":true}]}}