{"id":80198,"date":"2023-07-16T13:41:30","date_gmt":"2023-07-16T11:41:30","guid":{"rendered":"https:\/\/fysiolab.dk\/product\/anodyne-holdningskorrigerende-t-skjorte-med-glidelaas-svart\/"},"modified":"2026-02-10T09:39:04","modified_gmt":"2026-02-10T08:39:04","slug":"anodyne-holdningskorrigerende-t-skjorte-med-glidelaas-svart","status":"publish","type":"product","link":"https:\/\/fysiolab.dk\/no\/product\/anodyne-holdningskorrigerende-t-skjorte-med-glidelaas-svart\/","title":{"rendered":"Anodyne holdningskorrigerende t-skjorte med glidel\u00e5s, svart"},"content":{"rendered":"<h2>Posture Shirt fremmer god holdning<\/h2>\n<ul>\n<li>Oppn\u00e5 bedre kroppsholdning<\/li>\n<li>Aktiverer og stimulerer musklene<\/li>\n<li>Kan redusere smerter i nakke, skuldre og rygg<\/li>\n<li>Dokumentert effekt og medisinsk registrert<\/li>\n<li>Kan brukes som et hjelpemiddel for \u00e5 korrigere skjevheter i ryggs\u00f8ylen og skoliose<\/li>\n<\/ul>\n<p>Forbedre holdningen din med den popul\u00e6re Posture Shirt\u2122, som gir st\u00f8tte og avlastning uansett om du er stillesittende eller aktiv. Posture Shirt\u2122 er utviklet med den patenterte NeuroBand\u2122-teknologien som aktiverer og stimulerer musklene dine. Anodyne Posture Shirt\u2122 har dokumentert effekt og er CE-merket som medisinsk utstyr.  <\/p>\n<p>Kvalitet: Spandex, polyester og nylon.<\/p>\n<h2>Har du smerter eller spenninger?<\/h2>\n<p>Lider du av smerter eller spenninger i rygg, nakke eller skuldre? Da kan dette produktet v\u00e6re l\u00f8sningen for deg. Dette er ingen vanlig T-skjorte: Anodyne\u00ae Posture Shirt\u2122 Zipper er en holdningskorrigerende t-skjorte med glidel\u00e5s som er patentert, registrert som medisinsk utstyr og som den eneste i sitt slag har dokumentert effekt p\u00e5 smerter og spenninger. V\u00e5re kunder i Danmark har gitt oss <u><a class=\"text-link\" href=\"https:\/\/dk.trustpilot.com\/review\/www.anodyne.dk?languages=da&amp;stars=5\" target=\"_blank\" rel=\"noopener\">4,7 av 5,0 stjerner<\/a><\/u>. <\/p>\n<h2>Bidrar til riktig kroppsholdning<\/h2>\n<p>Med denne holdningsskjorten med glidel\u00e5s kan du oppn\u00e5 en bedre holdning og redusere smerter i nakke, skuldre og rygg. Med t-skjortens patenterte NeuroBand\u2122-teknologi oppn\u00e5r kroppen en bedre justering, balanse og funksjon, noe som bidrar til \u00e5 fremme en optimal holdning og minimere risikoen for overbelastning. Holdningsskjorten med glidel\u00e5s er derfor et godt supplement til trening og eventuelt fysioterapi, avhengig av omfanget av smerter og spenninger.  <\/p>\n<h2>Vanskeligheter med \u00e5 f\u00e5 kl\u00e6rne over hodet?<\/h2>\n<p>Hvis du synes det er vanskelig \u00e5 trekke tettsittende kl\u00e6r over hodet, for eksempel p\u00e5 grunn av en d\u00e5rlig skulder, b\u00f8r du velge denne Posture Shirt\u2122 Zipper med glidel\u00e5s i full lengde. Med denne <a class=\"text-link\" title=\"Hvit stillingsskjorte for kvinner\" href=\"https:\/\/www.anodyne.dk\/products\/womens-posture-shirt-sort\" target=\"_blank\" rel=\"noopener\">Posture Shirt\u2122 med glidel\u00e5s f\u00e5r du n\u00f8yaktig de samme fordelene som med den originale Posture Shirt<\/a> - vi har bare gjort det enklere for deg \u00e5 ta den p\u00e5. <\/p>\n<p>&nbsp;<\/p>\n<table>\n<thead>\n<tr>\n<th>Kvinners vekt<\/th>\n<th>Kroppsvekt<\/th>\n<th>Brystm\u00e5l<\/th>\n<\/tr>\n<\/thead>\n<tbody>\n<tr>\n<td>XS<\/td>\n<td>49-57 kg<\/td>\n<td>76-86 cm<\/td>\n<\/tr>\n<tr>\n<td>S<\/td>\n<td>58-72 kg<\/td>\n<td>86-91 cm<\/td>\n<\/tr>\n<tr>\n<td>M<\/td>\n<td>73-84 kg<\/td>\n<td>91-98 cm<\/td>\n<\/tr>\n<tr>\n<td>L<\/td>\n<td>85-96 kg<\/td>\n<td>98-106 cm<\/td>\n<\/tr>\n<tr>\n<td>XL<\/td>\n<td>97-110 kg<\/td>\n<td>106-114 cm<\/td>\n<\/tr>\n<tr>\n<td>2XL<\/td>\n<td>111-125 kg<\/td>\n<td>115-122 cm<\/td>\n<\/tr>\n<\/tbody>\n<\/table>\n<table style=\"height: 214px;\" width=\"212\">\n<thead>\n<tr>\n<th>Menn<\/th>\n<th>Kroppsvekt<\/th>\n<\/tr>\n<\/thead>\n<tbody>\n<tr>\n<td>XS<\/td>\n<td>49-57 kg<\/td>\n<\/tr>\n<tr>\n<td>S<\/td>\n<td>58-72 kg<\/td>\n<\/tr>\n<tr>\n<td>M<\/td>\n<td>73-84 kg<\/td>\n<\/tr>\n<tr>\n<td>L<\/td>\n<td>85-96 kg<\/td>\n<\/tr>\n<tr>\n<td>XL<\/td>\n<td>97-110 kg<\/td>\n<\/tr>\n<tr>\n<td>2XL<\/td>\n<td>111-125 kg<\/td>\n<\/tr>\n<\/tbody>\n<\/table>\n","protected":false},"excerpt":{"rendered":"<ul>\n<li>Oppn\u00e5 bedre kroppsholdning<\/li>\n<li>Aktiverer og stimulerer musklene<\/li>\n<li>Kan redusere smerter i nakke, skuldre og rygg<\/li>\n<\/ul>\n","protected":false},"featured_media":80208,"comment_status":"closed","ping_status":"closed","template":"","meta":{"_acf_changed":false},"product_brand":[3101],"product_cat":[2461,2462,2463,2020,1966,1937],"product_tag":[2464],"class_list":{"0":"post-80198","1":"product","2":"type-product","3":"status-publish","4":"has-post-thumbnail","6":"product_brand-anodyne","7":"product_cat-anodyne-no","8":"product_cat-anodyne-no-2","9":"product_cat-holdningskorrigerende-klaer","10":"product_cat-julegaveideer-no","11":"product_cat-klaer","12":"product_cat-merkevarer","13":"product_tag-anodyne-no","15":"first","16":"instock","17":"taxable","18":"shipping-taxable","19":"purchasable","20":"product-type-variable"},"acf":[],"_links":{"self":[{"href":"https:\/\/fysiolab.dk\/no\/wp-json\/wp\/v2\/product\/80198","targetHints":{"allow":["GET"]}}],"collection":[{"href":"https:\/\/fysiolab.dk\/no\/wp-json\/wp\/v2\/product"}],"about":[{"href":"https:\/\/fysiolab.dk\/no\/wp-json\/wp\/v2\/types\/product"}],"replies":[{"embeddable":true,"href":"https:\/\/fysiolab.dk\/no\/wp-json\/wp\/v2\/comments?post=80198"}],"wp:featuredmedia":[{"embeddable":true,"href":"https:\/\/fysiolab.dk\/no\/wp-json\/wp\/v2\/media\/80208"}],"wp:attachment":[{"href":"https:\/\/fysiolab.dk\/no\/wp-json\/wp\/v2\/media?parent=80198"}],"wp:term":[{"taxonomy":"product_brand","embeddable":true,"href":"https:\/\/fysiolab.dk\/no\/wp-json\/wp\/v2\/product_brand?post=80198"},{"taxonomy":"product_cat","embeddable":true,"href":"https:\/\/fysiolab.dk\/no\/wp-json\/wp\/v2\/product_cat?post=80198"},{"taxonomy":"product_tag","embeddable":true,"href":"https:\/\/fysiolab.dk\/no\/wp-json\/wp\/v2\/product_tag?post=80198"}],"curies":[{"name":"wp","href":"https:\/\/api.w.org\/{rel}","templated":true}]}}