{"id":80199,"date":"2023-07-16T13:43:55","date_gmt":"2023-07-16T11:43:55","guid":{"rendered":"https:\/\/fysiolab.dk\/product\/strappal-sportsteip\/"},"modified":"2025-12-18T09:21:56","modified_gmt":"2025-12-18T08:21:56","slug":"strappal-sportsteip","status":"publish","type":"product","link":"https:\/\/fysiolab.dk\/no\/product\/strappal-sportsteip\/","title":{"rendered":"Strappal sportsteip"},"content":{"rendered":"<p><b>Strappal tape<\/b><\/p>\n<p>Uelastisk sportstape. St\u00f8tter og fikserer forebyggende og etter skader. <\/p>\n<p>Finnes i 2,5 cm og 4,0 cm. Det er 10 meter p\u00e5 en rull. <\/p>\n<p>Strappal er en tape belagt med et sinkoksid lateksfritt klebemiddel. Produktet tolereres godt av huden. Strappal gir en sterk og effektiv stabilisering av leddstrukturer.  <\/p>\n<p>Det er mulig \u00e5 rive for h\u00e5nd for rask og enkel p\u00e5f\u00f8ring. Det stive stoffet gir sterk st\u00f8tte. <\/p>\n<p><b>S\u00f8knad:<\/b><\/p>\n<p>- For funksjonell bandasjering av muskel-, leddb\u00e5nd- og leddskader<\/p>\n<p>- For beskyttelse av allerede skadede ledd<\/p>\n","protected":false},"excerpt":{"rendered":"<p>Strappal tape Uelastisk sportstape. St\u00f8tter og fikserer forebyggende og etter skader. Finnes i 2,5 cm og 4,0 cm. Det er 10 meter p\u00e5 en rull. Strappal er en tape belagt med et sinkoksid lateksfritt klebemiddel. Produktet tolereres godt av huden. Strappal gir en sterk og effektiv stabilisering av leddstrukturer. Det er mulig \u00e5 rive for [&hellip;]<\/p>\n","protected":false},"featured_media":80215,"comment_status":"closed","ping_status":"closed","template":"","meta":{"_acf_changed":false},"product_brand":[3150],"product_cat":[2391,1948,1937,1941,2440,2087],"product_tag":[],"class_list":{"0":"post-80199","1":"product","2":"type-product","3":"status-publish","4":"has-post-thumbnail","6":"product_brand-strappal","7":"product_cat-a-serve-no","8":"product_cat-klinikk","9":"product_cat-merkevarer","10":"product_cat-rekonvalesens-og-sportspleie","11":"product_cat-sportsteip","12":"product_cat-tape-no-2","14":"first","15":"instock","16":"taxable","17":"shipping-taxable","18":"purchasable","19":"product-type-variable"},"acf":[],"_links":{"self":[{"href":"https:\/\/fysiolab.dk\/no\/wp-json\/wp\/v2\/product\/80199","targetHints":{"allow":["GET"]}}],"collection":[{"href":"https:\/\/fysiolab.dk\/no\/wp-json\/wp\/v2\/product"}],"about":[{"href":"https:\/\/fysiolab.dk\/no\/wp-json\/wp\/v2\/types\/product"}],"replies":[{"embeddable":true,"href":"https:\/\/fysiolab.dk\/no\/wp-json\/wp\/v2\/comments?post=80199"}],"wp:featuredmedia":[{"embeddable":true,"href":"https:\/\/fysiolab.dk\/no\/wp-json\/wp\/v2\/media\/80215"}],"wp:attachment":[{"href":"https:\/\/fysiolab.dk\/no\/wp-json\/wp\/v2\/media?parent=80199"}],"wp:term":[{"taxonomy":"product_brand","embeddable":true,"href":"https:\/\/fysiolab.dk\/no\/wp-json\/wp\/v2\/product_brand?post=80199"},{"taxonomy":"product_cat","embeddable":true,"href":"https:\/\/fysiolab.dk\/no\/wp-json\/wp\/v2\/product_cat?post=80199"},{"taxonomy":"product_tag","embeddable":true,"href":"https:\/\/fysiolab.dk\/no\/wp-json\/wp\/v2\/product_tag?post=80199"}],"curies":[{"name":"wp","href":"https:\/\/api.w.org\/{rel}","templated":true}]}}