{"id":80216,"date":"2023-07-16T13:35:48","date_gmt":"2023-07-16T11:35:48","guid":{"rendered":"https:\/\/fysiolab.dk\/product\/a-serve-stoetteshorts-shorts\/"},"modified":"2025-12-18T09:21:58","modified_gmt":"2025-12-18T08:21:58","slug":"a-serve-stoetteshorts-shorts","status":"publish","type":"product","link":"https:\/\/fysiolab.dk\/no\/product\/a-serve-stoetteshorts-shorts\/","title":{"rendered":"A-serve st\u00f8tteshorts\/shorts"},"content":{"rendered":"<p><b>Aserve Support\/groin shorts<\/b><\/p>\n<p>Komfortabel varmeshorts i neopren for reflekterende varme og kompresjon. For alle typer sport som gir problemer og smerter i lysken og l\u00e5rene. Spesielt bra for utend\u00f8rssport om vinteren. Laget av 2 mm neopren slik at de ikke kr\u00f8ller seg. De har stor fleksibilitet. Midjen har en kraftig svart elastisk linning med borrel\u00e5sfeste for optimal passform. Gjennomg\u00e5ende flate s\u00f8mmer. Disse neoprenshortsene kan brukes i alle typer idretter der det er lyske- eller hofteproblemer.        <\/p>\n<p><strong>St\u00f8rrelsesguide<\/strong><\/p>\n<p><strong>M\u00e5l omkretsen av midjen din<\/strong><\/p>\n<p><a href=\"https:\/\/dev.fysiolab.dk\/wp-content\/uploads\/2025\/05\/X1.png\"><img fetchpriority=\"high\" decoding=\"async\" class=\"alignnone size-medium wp-image-202392633\" src=\"https:\/\/dev.fysiolab.dk\/wp-content\/uploads\/2025\/05\/X1-300x169.png\" alt=\"\" width=\"300\" height=\"169\" title=\"\"><\/a><\/p>\n<p><strong>Omkrets Str<\/strong><\/p>\n<p><strong>50-70 cm Junior<\/strong><\/p>\n<p><strong>71-90 cm S\/M<\/strong><\/p>\n<p><strong>90-115 cm L\/XL<\/strong><\/p>\n<p>&nbsp;<\/p>\n","protected":false},"excerpt":{"rendered":"<p><strong>Lyskeshorts med muskelst\u00f8tte anbefales til idretter med h\u00f8y belastning, som h\u00e5ndball og fotball. Anbefales ogs\u00e5 ved lyske- og sportsbrokktilstander <\/strong><\/p>\n<p>https:\/\/www.youtube.com\/watch?v=_c2mbw5K7uY<\/p>\n","protected":false},"featured_media":80224,"comment_status":"closed","ping_status":"closed","template":"","meta":{"_acf_changed":false},"product_brand":[],"product_cat":[2391,2218,2374,2020,1966,1937,1967,1945],"product_tag":[2392],"class_list":{"0":"post-80216","1":"product","2":"type-product","3":"status-publish","4":"has-post-thumbnail","6":"product_cat-a-serve-no","7":"product_cat-fotball-og-fotball","8":"product_cat-haandball","9":"product_cat-julegaveideer-no","10":"product_cat-klaer","11":"product_cat-merkevarer","12":"product_cat-stroempebukser","13":"product_cat-treningsutstyr","14":"product_tag-aserve-no","16":"first","17":"instock","18":"taxable","19":"shipping-taxable","20":"purchasable","21":"product-type-variable"},"acf":[],"_links":{"self":[{"href":"https:\/\/fysiolab.dk\/no\/wp-json\/wp\/v2\/product\/80216","targetHints":{"allow":["GET"]}}],"collection":[{"href":"https:\/\/fysiolab.dk\/no\/wp-json\/wp\/v2\/product"}],"about":[{"href":"https:\/\/fysiolab.dk\/no\/wp-json\/wp\/v2\/types\/product"}],"replies":[{"embeddable":true,"href":"https:\/\/fysiolab.dk\/no\/wp-json\/wp\/v2\/comments?post=80216"}],"wp:featuredmedia":[{"embeddable":true,"href":"https:\/\/fysiolab.dk\/no\/wp-json\/wp\/v2\/media\/80224"}],"wp:attachment":[{"href":"https:\/\/fysiolab.dk\/no\/wp-json\/wp\/v2\/media?parent=80216"}],"wp:term":[{"taxonomy":"product_brand","embeddable":true,"href":"https:\/\/fysiolab.dk\/no\/wp-json\/wp\/v2\/product_brand?post=80216"},{"taxonomy":"product_cat","embeddable":true,"href":"https:\/\/fysiolab.dk\/no\/wp-json\/wp\/v2\/product_cat?post=80216"},{"taxonomy":"product_tag","embeddable":true,"href":"https:\/\/fysiolab.dk\/no\/wp-json\/wp\/v2\/product_tag?post=80216"}],"curies":[{"name":"wp","href":"https:\/\/api.w.org\/{rel}","templated":true}]}}