{"id":80217,"date":"2023-07-16T13:43:55","date_gmt":"2023-07-16T11:43:55","guid":{"rendered":"https:\/\/fysiolab.dk\/product\/500-ml-newgenn-desinfiserende-haandskum\/"},"modified":"2025-12-18T09:21:56","modified_gmt":"2025-12-18T08:21:56","slug":"500-ml-newgenn-desinfiserende-haandskum","status":"publish","type":"product","link":"https:\/\/fysiolab.dk\/no\/product\/500-ml-newgenn-desinfiserende-haandskum\/","title":{"rendered":"500 ml NewGenn desinfiserende h\u00e5ndskum"},"content":{"rendered":"<p>Vi har lagt merke til at noen brukere har lidd under bruken av tradisjonelle h\u00e5ndhygieneprodukter, et problem som n\u00e5 kan l\u00f8ses ved bruk av NewGenn Foam Hand Rub, som i l\u00f8pet av sekunder etter p\u00e5f\u00f8ring gir brukeren desinfiserte og behagelig velstelte hender.<\/p>\n<p>Evnen til raskt \u00e5 drepe Norwalk-lignende virusgrupper (inkludert Coronavirus) er den sv\u00e6rt viktige egenskapen til NewGenn Foam Hand Rub.<\/p>\n<p>Skumdysen som omdanner v\u00e6sken til skum, forsterker den positive spiraleffekten ytterligere, ettersom skum er veldig mykt, og de fleste brukere foretrekker \u00e5 tenke p\u00e5 hendene sine som myke og desinfiserte. Skummet gj\u00f8r det ogs\u00e5 lettere \u00e5 fordele produktet over hele h\u00e5nden, noe som fremmer den desinfiserende effekten. <\/p>\n<p>Filosofien om \"automatisk bel\u00f8nning\" er grunnlaget for NewGenns planer om \u00e5 spre bedre h\u00e5ndhygiene. Dette forsterkes ytterligere av den positive responsen p\u00e5 den UV-sensitive oppl\u00e6ringsversjonen av Foam Hand Rub. <\/p>\n<p>Fordelene med NewGenn Foam Hand Rub ligger i den antimikrobielle virkningen. EN 1276 viser at NewGenn Foam Hand Rub raskt angriper Staphylococcus aureus, Pseudomonas aeruginosa, Escherichia coli og Enterococcus hira. <\/p>\n","protected":false},"excerpt":{"rendered":"<p>Effektiv og sk\u00e5nsom h\u00e5nddesinfeksjon med Nexgenn h\u00e5ndskum.<\/p>\n<p>(Utdatert, men ikke noe galt)<\/p>\n","protected":false},"featured_media":80225,"comment_status":"closed","ping_status":"closed","template":"","meta":{"_acf_changed":false},"product_brand":[],"product_cat":[2408,1948,1937,2429,1941,2407],"product_tag":[],"class_list":{"0":"post-80217","1":"product","2":"type-product","3":"status-publish","4":"has-post-thumbnail","6":"product_cat-hygiene-og-rengjoering","7":"product_cat-klinikk","8":"product_cat-merkevarer","9":"product_cat-newgenn-no","10":"product_cat-rekonvalesens-og-sportspleie","11":"product_cat-saape-og-rengjoeringsmiddel","13":"first","14":"instock","15":"sale","16":"taxable","17":"shipping-taxable","18":"purchasable","19":"product-type-simple"},"acf":[],"_links":{"self":[{"href":"https:\/\/fysiolab.dk\/no\/wp-json\/wp\/v2\/product\/80217","targetHints":{"allow":["GET"]}}],"collection":[{"href":"https:\/\/fysiolab.dk\/no\/wp-json\/wp\/v2\/product"}],"about":[{"href":"https:\/\/fysiolab.dk\/no\/wp-json\/wp\/v2\/types\/product"}],"replies":[{"embeddable":true,"href":"https:\/\/fysiolab.dk\/no\/wp-json\/wp\/v2\/comments?post=80217"}],"wp:featuredmedia":[{"embeddable":true,"href":"https:\/\/fysiolab.dk\/no\/wp-json\/wp\/v2\/media\/80225"}],"wp:attachment":[{"href":"https:\/\/fysiolab.dk\/no\/wp-json\/wp\/v2\/media?parent=80217"}],"wp:term":[{"taxonomy":"product_brand","embeddable":true,"href":"https:\/\/fysiolab.dk\/no\/wp-json\/wp\/v2\/product_brand?post=80217"},{"taxonomy":"product_cat","embeddable":true,"href":"https:\/\/fysiolab.dk\/no\/wp-json\/wp\/v2\/product_cat?post=80217"},{"taxonomy":"product_tag","embeddable":true,"href":"https:\/\/fysiolab.dk\/no\/wp-json\/wp\/v2\/product_tag?post=80217"}],"curies":[{"name":"wp","href":"https:\/\/api.w.org\/{rel}","templated":true}]}}