{"id":80226,"date":"2023-07-16T13:35:48","date_gmt":"2023-07-16T11:35:48","guid":{"rendered":"https:\/\/fysiolab.dk\/product\/anodyne-holdningskorrigerende-skulderstoette-basic\/"},"modified":"2025-12-18T09:21:58","modified_gmt":"2025-12-18T08:21:58","slug":"anodyne-holdningskorrigerende-skulderstoette-basic","status":"publish","type":"product","link":"https:\/\/fysiolab.dk\/no\/product\/anodyne-holdningskorrigerende-skulderstoette-basic\/","title":{"rendered":"Anodyne holdningskorrigerende skulderst\u00f8tte, Basic"},"content":{"rendered":"<p>\u00d8nsker du \u00e5 forbedre holdningen din og avlaste skuldrene i hverdagen? Da er denne holdningskorrigerende skulderst\u00f8tten fra Anodyne det rette valget for deg. St\u00f8tten forhindrer at skuldrene synker forover. Denne avlastende effekten kan bidra til \u00e5 redusere spenninger og ubehag i rygg og nakke. Hvis du har perioder med mye stillesittende eller repetitiv aktivitet, som for eksempel kontorarbeid, vil skulderst\u00f8tten v\u00e6re et opplagt valg for deg. St\u00f8tten er one-size, laget av neopren og kan enkelt justeres med to borrel\u00e5sstropper.     <\/p>\n<ul>\n<li>Kan brukes til hverdagsbruk og p\u00e5 jobb<\/li>\n<li>Gir avlastning, \u00f8kt stabilitet og fokus p\u00e5 kroppsholdningen din<\/li>\n<li>Universalst\u00f8rrelser som er enkle \u00e5 justere og tilpasse med stropper<\/li>\n<\/ul>\n","protected":false},"excerpt":{"rendered":"<p><strong>Holdningskorrigerende skulderst\u00f8tte for god holdning og st\u00f8tte av skulder- og skuldermuskulaturen. Hjelper med \u00e5 trekke skuldrene bakover.  Universalst\u00f8rrelser som er enkle \u00e5 justere og tilpasse med stropper<\/strong><\/p>\n","protected":false},"featured_media":80228,"comment_status":"closed","ping_status":"closed","template":"","meta":{"_acf_changed":false},"product_brand":[3101],"product_cat":[2461,2462,2463,2020,1966,1937],"product_tag":[2464],"class_list":{"0":"post-80226","1":"product","2":"type-product","3":"status-publish","4":"has-post-thumbnail","6":"product_brand-anodyne","7":"product_cat-anodyne-no","8":"product_cat-anodyne-no-2","9":"product_cat-holdningskorrigerende-klaer","10":"product_cat-julegaveideer-no","11":"product_cat-klaer","12":"product_cat-merkevarer","13":"product_tag-anodyne-no","15":"first","16":"instock","17":"taxable","18":"shipping-taxable","19":"purchasable","20":"product-type-simple"},"acf":[],"_links":{"self":[{"href":"https:\/\/fysiolab.dk\/no\/wp-json\/wp\/v2\/product\/80226","targetHints":{"allow":["GET"]}}],"collection":[{"href":"https:\/\/fysiolab.dk\/no\/wp-json\/wp\/v2\/product"}],"about":[{"href":"https:\/\/fysiolab.dk\/no\/wp-json\/wp\/v2\/types\/product"}],"replies":[{"embeddable":true,"href":"https:\/\/fysiolab.dk\/no\/wp-json\/wp\/v2\/comments?post=80226"}],"wp:featuredmedia":[{"embeddable":true,"href":"https:\/\/fysiolab.dk\/no\/wp-json\/wp\/v2\/media\/80228"}],"wp:attachment":[{"href":"https:\/\/fysiolab.dk\/no\/wp-json\/wp\/v2\/media?parent=80226"}],"wp:term":[{"taxonomy":"product_brand","embeddable":true,"href":"https:\/\/fysiolab.dk\/no\/wp-json\/wp\/v2\/product_brand?post=80226"},{"taxonomy":"product_cat","embeddable":true,"href":"https:\/\/fysiolab.dk\/no\/wp-json\/wp\/v2\/product_cat?post=80226"},{"taxonomy":"product_tag","embeddable":true,"href":"https:\/\/fysiolab.dk\/no\/wp-json\/wp\/v2\/product_tag?post=80226"}],"curies":[{"name":"wp","href":"https:\/\/api.w.org\/{rel}","templated":true}]}}