{"id":80227,"date":"2023-07-16T13:43:55","date_gmt":"2023-07-16T11:43:55","guid":{"rendered":"https:\/\/fysiolab.dk\/product\/a-serve-engangspose-15-x-22-cm\/"},"modified":"2025-12-18T09:21:56","modified_gmt":"2025-12-18T08:21:56","slug":"a-serve-engangspose-15-x-22-cm","status":"publish","type":"product","link":"https:\/\/fysiolab.dk\/no\/product\/a-serve-engangspose-15-x-22-cm\/","title":{"rendered":"A-serve engangspose 15 x 22 cm."},"content":{"rendered":"<p><b>Aserve Engangspose 15 x 22 cm<\/b><\/p>\n<p>Kuldepakke for behandling etter RICE-prinsippet. Kan bare brukes \u00e9n gang. Aktiveres ved \u00e5 klemme\/slamme innerposen slik at v\u00e6sken blandes med kulene i ytterposen. Husk hvile, iskompresjon og elevasjon. Har en meget h\u00f8y bruddstyrke p\u00e5 ytterposen. Hvis du vil ha en rask og kortvarig kj\u00f8leeffekt, knuser du de sm\u00e5 kulene i sv\u00e6rt sm\u00e5 biter etter at innerposen er brutt. For en langsom og lang kj\u00f8leeffekt brytes bare den indre posen uten \u00e5 knuse de sm\u00e5 kulene i den ytre posen. Milj\u00f8vennlig n\u00e5r den kastes i s\u00f8ppel- og avfallsdunker.       <\/p>\n<p>Posen skal ikke plasseres direkte p\u00e5 huden, legg en bandasje eller f.eks. et kj\u00f8kkenh\u00e5ndkle mellom huden og posen.<\/p>\n<p><strong>Tilgjengelig i st\u00f8rrelse 15 x 22 cm.  <\/strong><\/p>\n<p><strong>Inneholder ca. 175 ml v\u00e6ske.<\/strong><\/p>\n","protected":false},"excerpt":{"rendered":"<p>Aserve Engangspose 15 x 22 cm Kuldepakke for behandling etter RICE-prinsippet. Kan bare brukes \u00e9n gang. Aktiveres ved \u00e5 klemme\/slamme innerposen slik at v\u00e6sken blandes med kulene i ytterposen. Husk hvile, iskompresjon og elevasjon. Har en meget h\u00f8y bruddstyrke p\u00e5 ytterposen. Hvis du vil ha en rask og kortvarig kj\u00f8leeffekt, knuser du de sm\u00e5 kulene [&hellip;]<\/p>\n","protected":false},"featured_media":80230,"comment_status":"closed","ping_status":"closed","template":"","meta":{"_acf_changed":false},"product_brand":[],"product_cat":[2391,2433,1942,2124,2434,1948,1937,1941],"product_tag":[2392],"class_list":{"0":"post-80227","1":"product","2":"type-product","3":"status-publish","4":"has-post-thumbnail","6":"product_cat-a-serve-no","7":"product_cat-avlastning-ved-forkjoelelse","8":"product_cat-foerstehjelp","9":"product_cat-kald-varmebehandling","10":"product_cat-kjoeleprodukter","11":"product_cat-klinikk","12":"product_cat-merkevarer","13":"product_cat-rekonvalesens-og-sportspleie","14":"product_tag-aserve-no","16":"first","17":"instock","18":"taxable","19":"shipping-taxable","20":"purchasable","21":"product-type-simple"},"acf":[],"_links":{"self":[{"href":"https:\/\/fysiolab.dk\/no\/wp-json\/wp\/v2\/product\/80227","targetHints":{"allow":["GET"]}}],"collection":[{"href":"https:\/\/fysiolab.dk\/no\/wp-json\/wp\/v2\/product"}],"about":[{"href":"https:\/\/fysiolab.dk\/no\/wp-json\/wp\/v2\/types\/product"}],"replies":[{"embeddable":true,"href":"https:\/\/fysiolab.dk\/no\/wp-json\/wp\/v2\/comments?post=80227"}],"wp:featuredmedia":[{"embeddable":true,"href":"https:\/\/fysiolab.dk\/no\/wp-json\/wp\/v2\/media\/80230"}],"wp:attachment":[{"href":"https:\/\/fysiolab.dk\/no\/wp-json\/wp\/v2\/media?parent=80227"}],"wp:term":[{"taxonomy":"product_brand","embeddable":true,"href":"https:\/\/fysiolab.dk\/no\/wp-json\/wp\/v2\/product_brand?post=80227"},{"taxonomy":"product_cat","embeddable":true,"href":"https:\/\/fysiolab.dk\/no\/wp-json\/wp\/v2\/product_cat?post=80227"},{"taxonomy":"product_tag","embeddable":true,"href":"https:\/\/fysiolab.dk\/no\/wp-json\/wp\/v2\/product_tag?post=80227"}],"curies":[{"name":"wp","href":"https:\/\/api.w.org\/{rel}","templated":true}]}}