{"id":80239,"date":"2023-07-16T13:35:24","date_gmt":"2023-07-16T11:35:24","guid":{"rendered":"https:\/\/fysiolab.dk\/product\/sklz-speed-rope-pro-hoppetau\/"},"modified":"2025-12-18T09:21:59","modified_gmt":"2025-12-18T08:21:59","slug":"sklz-speed-rope-pro-hoppetau","status":"publish","type":"product","link":"https:\/\/fysiolab.dk\/no\/product\/sklz-speed-rope-pro-hoppetau\/","title":{"rendered":"SKLZ Speed Rope Pro - Hoppetau"},"content":{"rendered":"<p>Kom i gang med kondisjonstreningen din. SKLZ Speed Rope Pro er en oppgradering av et vanlig hoppetau.<x id=\"gid_0\"><\/x>N\u00e5 kan du legge til mer fart n\u00e5r du trener hjemme eller p\u00e5 treningssenteret. Dette h\u00f8ytytende hoppetauet er designet for \u00e5 maksimere tauets rotasjoner, og de jevnt roterende kulelagrene gj\u00f8r det perfekt for double unders og fotarbeid.<br \/>\nDet komfortable, ergonomiske h\u00e5ndtaket bidrar til \u00e5 eliminere tretthet i underarmene ved \u00e5 redusere behovet for \u00e5 holde for hardt i h\u00e5ndtakene.<br \/>\nTauet bidrar til \u00e5 holde armene stabile og rotasjonene jevne, og de 6-tommers gummierte lettvektsh\u00e5ndtakene gj\u00f8r det enkelt \u00e5 holde seg fast.<br \/>\nKlipp til og juster det 120 tommers belagte tauet til \u00f8nsket lengde for din h\u00f8yde.<br \/>\nDen ideelle lengden m\u00e5les fra bunnen av tauet under foten til toppen av h\u00e5ndtakene i armhuleniv\u00e5.<br \/>\nSpeed Rope Pro-kabelen er holdbar i flere sesonger.<\/p>\n<h3>Se hvordan du bruker SKLZ Speed Rope Pro hoppetau:<\/h3>\n<p><a href=\"http:\/\/Speed%20Rope,%20Train%20Like%20You%20Mean%20It%20-%20YouTube\">http:\/\/Speed Rope, Train Like You Mean It - YouTube<\/a><\/p>\n<p>&nbsp;<\/p>\n<p>&nbsp;<\/p>\n","protected":false},"excerpt":{"rendered":"<p>Profesjonelt hoppetau fra SKLZ til din kondisjonstrening. Les mer nedenfor <\/p>\n","protected":false},"featured_media":80241,"comment_status":"closed","ping_status":"closed","template":"","meta":{"_acf_changed":false},"product_brand":[3132],"product_cat":[1937,2226,2207,2208,2227,1945],"product_tag":[2210],"class_list":{"0":"post-80239","1":"product","2":"type-product","3":"status-publish","4":"has-post-thumbnail","6":"product_brand-sklz","7":"product_cat-merkevarer","8":"product_cat-sjippetov-no","9":"product_cat-sklz-no","10":"product_cat-sklz-no-2","11":"product_cat-sklz-hoppetau","12":"product_cat-treningsutstyr","13":"product_tag-sklz-no","15":"first","16":"instock","17":"taxable","18":"shipping-taxable","19":"purchasable","20":"product-type-simple"},"acf":[],"_links":{"self":[{"href":"https:\/\/fysiolab.dk\/no\/wp-json\/wp\/v2\/product\/80239","targetHints":{"allow":["GET"]}}],"collection":[{"href":"https:\/\/fysiolab.dk\/no\/wp-json\/wp\/v2\/product"}],"about":[{"href":"https:\/\/fysiolab.dk\/no\/wp-json\/wp\/v2\/types\/product"}],"replies":[{"embeddable":true,"href":"https:\/\/fysiolab.dk\/no\/wp-json\/wp\/v2\/comments?post=80239"}],"wp:featuredmedia":[{"embeddable":true,"href":"https:\/\/fysiolab.dk\/no\/wp-json\/wp\/v2\/media\/80241"}],"wp:attachment":[{"href":"https:\/\/fysiolab.dk\/no\/wp-json\/wp\/v2\/media?parent=80239"}],"wp:term":[{"taxonomy":"product_brand","embeddable":true,"href":"https:\/\/fysiolab.dk\/no\/wp-json\/wp\/v2\/product_brand?post=80239"},{"taxonomy":"product_cat","embeddable":true,"href":"https:\/\/fysiolab.dk\/no\/wp-json\/wp\/v2\/product_cat?post=80239"},{"taxonomy":"product_tag","embeddable":true,"href":"https:\/\/fysiolab.dk\/no\/wp-json\/wp\/v2\/product_tag?post=80239"}],"curies":[{"name":"wp","href":"https:\/\/api.w.org\/{rel}","templated":true}]}}