{"id":80240,"date":"2023-07-16T13:35:48","date_gmt":"2023-07-16T11:35:48","guid":{"rendered":"https:\/\/fysiolab.dk\/product\/donjoy-armor-fourcepoint-restbeloep-etter-endt-leieperiode\/"},"modified":"2025-12-18T09:21:58","modified_gmt":"2025-12-18T08:21:58","slug":"donjoy-armor-fourcepoint-restbeloep-etter-endt-leieperiode","status":"publish","type":"product","link":"https:\/\/fysiolab.dk\/no\/product\/donjoy-armor-fourcepoint-restbeloep-etter-endt-leieperiode\/","title":{"rendered":"DonJoy Armor FourcePoint (Restbel\u00f8p etter endt leieperiode)"},"content":{"rendered":"<h3><strong>DonJoy Armor FourcePoint (Restbel\u00f8p etter endt leieperiode)<\/strong><\/h3>\n<p>N\u00e5r du har leid din DonJoy Armor FourcePoint, kan du f\u00e5 rabatt p\u00e5 leieprisen n\u00e5r du kj\u00f8per skinnen - Pr\u00f8v f\u00f8r du kj\u00f8per!<\/p>\n<p>Normalpris: 6599 kr.<\/p>\n<p>Leiepris: DKK 1999 (DKK 999 i husleie og DKK 1000 i depositum) <\/p>\n<p>Pris etter leie: 4600 DKK og depositum g\u00e5r til FysioLab.dk <\/p>\n<p>Les mer om utleie av Armor FourcePoint her:<\/p>\n<p><a href=\"https:\/\/fysiolab.dk\/no\/leie-av-kneskinne\/\">Utleie av knebeskyttere | Ski trygt - FysioLab.dk<\/a><\/p>\n<p><strong>Se v\u00e5r fysioterapeut Erik forklare mer om DonJoy Armor kneskinne her<\/strong><\/p>\n<p><iframe title=\"Donjoy Armor Fourcepoint x FysioLab\" width=\"800\" height=\"450\" src=\"https:\/\/www.youtube.com\/embed\/mYk6gcQ9uGc?feature=oembed\" frameborder=\"0\" allow=\"accelerometer; autoplay; clipboard-write; encrypted-media; gyroscope; picture-in-picture; web-share\" referrerpolicy=\"strict-origin-when-cross-origin\" allowfullscreen><\/iframe><\/p>\n","protected":false},"excerpt":{"rendered":"<p><strong>Den sterkeste og sikreste kneskinnen p\u00e5 markedet. STOL P\u00c5 DONJOY   <\/strong><\/p>\n<p>https:\/\/www.youtube.com\/shorts\/y4HzcbCLAgk<\/p>\n","protected":false},"featured_media":79707,"comment_status":"closed","ping_status":"closed","template":"","meta":{"_acf_changed":false},"product_brand":[3091],"product_cat":[1938,2145,2159,2148,1937,2160,2158,1933],"product_tag":[2173],"class_list":{"0":"post-80240","1":"product","2":"type-product","3":"status-publish","4":"has-post-thumbnail","6":"product_brand-donjoy","7":"product_cat-donjoy-no","8":"product_cat-donjoy-kneskinne","9":"product_cat-fremre-korsbaandskade-acl","10":"product_cat-knestoetter-no","11":"product_cat-merkevarer","12":"product_cat-skade-paa-bakre-korsbaand-pcl","13":"product_cat-skade-paa-det-laterale-kollaterale-ligamentet-lcl","14":"product_cat-skinner-og-stoetteskinner","15":"product_tag-donjoy-no","17":"first","18":"instock","19":"taxable","20":"shipping-taxable","21":"purchasable","22":"product-type-simple"},"acf":[],"_links":{"self":[{"href":"https:\/\/fysiolab.dk\/no\/wp-json\/wp\/v2\/product\/80240","targetHints":{"allow":["GET"]}}],"collection":[{"href":"https:\/\/fysiolab.dk\/no\/wp-json\/wp\/v2\/product"}],"about":[{"href":"https:\/\/fysiolab.dk\/no\/wp-json\/wp\/v2\/types\/product"}],"replies":[{"embeddable":true,"href":"https:\/\/fysiolab.dk\/no\/wp-json\/wp\/v2\/comments?post=80240"}],"wp:featuredmedia":[{"embeddable":true,"href":"https:\/\/fysiolab.dk\/no\/wp-json\/wp\/v2\/media\/79707"}],"wp:attachment":[{"href":"https:\/\/fysiolab.dk\/no\/wp-json\/wp\/v2\/media?parent=80240"}],"wp:term":[{"taxonomy":"product_brand","embeddable":true,"href":"https:\/\/fysiolab.dk\/no\/wp-json\/wp\/v2\/product_brand?post=80240"},{"taxonomy":"product_cat","embeddable":true,"href":"https:\/\/fysiolab.dk\/no\/wp-json\/wp\/v2\/product_cat?post=80240"},{"taxonomy":"product_tag","embeddable":true,"href":"https:\/\/fysiolab.dk\/no\/wp-json\/wp\/v2\/product_tag?post=80240"}],"curies":[{"name":"wp","href":"https:\/\/api.w.org\/{rel}","templated":true}]}}