{"id":80247,"date":"2023-07-16T13:35:24","date_gmt":"2023-07-16T11:35:24","guid":{"rendered":"https:\/\/fysiolab.dk\/product\/sklz-balance-pods\/"},"modified":"2025-12-18T09:21:59","modified_gmt":"2025-12-18T08:21:59","slug":"sklz-balance-pods","status":"publish","type":"product","link":"https:\/\/fysiolab.dk\/no\/product\/sklz-balance-pods\/","title":{"rendered":"SKLZ Balance Pods"},"content":{"rendered":"<p>Balance Pods er utviklet for \u00e5 \u00f8ke vanskelighetsgraden, forbedre stabiliteten og styrke kjernemuskulaturen, og kan brukes til en rekke statiske og dynamiske bevegelser.<br \/>\nBrukes p\u00e5 hender, kn\u00e6r og f\u00f8tter under \u00f8velser som krever stabilitet, for eksempel kneb\u00f8y, plankeb\u00f8y eller armhevinger.<br \/>\nBalance Pods kan bidra til \u00e5 forbedre holdning og stabilitet gjennom styrketrening med lav belastning. Trening med lav belastning skaper vanligvis mindre stress p\u00e5 kroppen enn vekttrening, noe som kan v\u00e6re et ideelt treningsverkt\u00f8y for \u00e5 utvikle grunnleggende ferdigheter som kreves for andre bevegelser.<br \/>\nDen sklisikre designen med to teksturer skaper to niv\u00e5er av vanskelighetsgrad og ustabilitet under bevegelser.<br \/>\nPods er oppbl\u00e5sbare, lette og b\u00e6rbare for bruk hvor som helst.<br \/>\nBalance Pods kan brukes hjemme eller p\u00e5 farten, og er det perfekte treningstilbeh\u00f8ret.<br \/>\nEn medf\u00f8lgende reisepumpe gj\u00f8r at du kan bl\u00e5se dem opp hvor som helst. <\/p>\n<ul>\n<li>Legg til trenings\u00f8kter for \u00e5 \u00f8ke vanskelighetsgraden og styrke kjernemuskulaturen<\/li>\n<li>Kan brukes til en rekke statiske og dynamiske bevegelser p\u00e5 hender, kn\u00e6r og f\u00f8tter<\/li>\n<li>Kan bidra til \u00e5 forbedre holdning og stabilitet gjennom styrketrening med lav belastning<\/li>\n<li>Sklisikkert design med to teksturer skaper to vanskelighetsgrader Oppbl\u00e5sbar, lett og b\u00e6rbar for bruk hvor som helst<\/li>\n<li>2 Balance Pods og pumpe medf\u00f8lger, m\u00e5l 15\u00d711,5 cm<\/li>\n<\/ul>\n","protected":false},"excerpt":{"rendered":"<p><strong>Kvalitetsoppl\u00e6ringsverkt\u00f8y fra SKLZ. Les mer i beskrivelsen nedenfor <\/strong><\/p>\n","protected":false},"featured_media":80249,"comment_status":"closed","ping_status":"closed","template":"","meta":{"_acf_changed":false},"product_brand":[],"product_cat":[1946,1949,2020,1948,1937,2207,2208,2219,1945],"product_tag":[2210],"class_list":{"0":"post-80247","1":"product","2":"type-product","3":"status-publish","4":"has-post-thumbnail","6":"product_cat-balanse","7":"product_cat-balansetrening","8":"product_cat-julegaveideer-no","9":"product_cat-klinikk","10":"product_cat-merkevarer","11":"product_cat-sklz-no","12":"product_cat-sklz-no-2","13":"product_cat-sklz-treningsutstyr","14":"product_cat-treningsutstyr","15":"product_tag-sklz-no","17":"first","18":"instock","19":"taxable","20":"shipping-taxable","21":"purchasable","22":"product-type-simple"},"acf":[],"_links":{"self":[{"href":"https:\/\/fysiolab.dk\/no\/wp-json\/wp\/v2\/product\/80247","targetHints":{"allow":["GET"]}}],"collection":[{"href":"https:\/\/fysiolab.dk\/no\/wp-json\/wp\/v2\/product"}],"about":[{"href":"https:\/\/fysiolab.dk\/no\/wp-json\/wp\/v2\/types\/product"}],"replies":[{"embeddable":true,"href":"https:\/\/fysiolab.dk\/no\/wp-json\/wp\/v2\/comments?post=80247"}],"wp:featuredmedia":[{"embeddable":true,"href":"https:\/\/fysiolab.dk\/no\/wp-json\/wp\/v2\/media\/80249"}],"wp:attachment":[{"href":"https:\/\/fysiolab.dk\/no\/wp-json\/wp\/v2\/media?parent=80247"}],"wp:term":[{"taxonomy":"product_brand","embeddable":true,"href":"https:\/\/fysiolab.dk\/no\/wp-json\/wp\/v2\/product_brand?post=80247"},{"taxonomy":"product_cat","embeddable":true,"href":"https:\/\/fysiolab.dk\/no\/wp-json\/wp\/v2\/product_cat?post=80247"},{"taxonomy":"product_tag","embeddable":true,"href":"https:\/\/fysiolab.dk\/no\/wp-json\/wp\/v2\/product_tag?post=80247"}],"curies":[{"name":"wp","href":"https:\/\/api.w.org\/{rel}","templated":true}]}}