{"id":80248,"date":"2023-07-16T13:35:47","date_gmt":"2023-07-16T11:35:47","guid":{"rendered":"https:\/\/fysiolab.dk\/product\/leie-av-donjoy-kneskinne-armor-fourcepoint\/"},"modified":"2025-12-18T09:21:58","modified_gmt":"2025-12-18T08:21:58","slug":"leie-av-donjoy-kneskinne-armor-fourcepoint","status":"publish","type":"product","link":"https:\/\/fysiolab.dk\/no\/product\/leie-av-donjoy-kneskinne-armor-fourcepoint\/","title":{"rendered":"Leie av DonJoy kneskinne, Armor Fourcepoint"},"content":{"rendered":"<p>Armor Fourcepoint er verdens mest effektive korsb\u00e5ndskinne for beskyttelse av fremre korsb\u00e5nd, noe som er dokumentert i flere vitenskapelige studier. Armor Fourcepoint er en lett knebandasje i kraftig aluminium basert p\u00e5 den patenterte 4-punktsteknologien og Fourcepoint fra Don Joy. Skinnen anbefales ved moderate\/store skader p\u00e5 fremre korsb\u00e5nd (ACL), bakre korsb\u00e5nd (PCL), mediale kollateralligament (MCL) og laterale kollateralligament (LCL). P\u00e5 grunn av sin styrke og teknologi er den spesielt godt egnet for kontaktsporter som h\u00e5ndball og rugby, samt idretter som motorcross og ski.   <\/p>\n<p><strong>PRIS FOR LEIE:<\/strong><\/p>\n<p><strong>10 dagers leie (1 ukes ferie): DKK 999<\/strong><\/p>\n<p><strong>17 dagers skiferie (2 ukers ferie): DKK 1 499  <\/strong><\/p>\n<p><strong>Et depositum p\u00e5 DKK 1000 m\u00e5 betales ved leie.<\/strong><\/p>\n<p><strong>Hvis du \u00f8nsker \u00e5 leie for en lengre periode, kontakt oss for pris<\/strong><\/p>\n<p>Depositumet vil bli returnert n\u00e5r vi mottar skinnen i uskadet tilstand. Det ligger en returetikett i esken som bare skal festes p\u00e5 esken og deretter returneres til n\u00e6rmeste GLS-pakkeshop. Hvis du \u00f8nsker \u00e5 kj\u00f8pe skinnen etter leieperioden, trekker vi leiebel\u00f8pet fra kj\u00f8pesummen. Du finner informasjon om hvordan du kj\u00f8per varen etter leie her: <a href=\"https:\/\/fysiolab.dk\/no\/product\/donjoy-armor-fourcepoint-restbeloep-etter-endt-leieperiode\/\">DonJoy Armor FourcePoint (Restbel\u00f8p etter leieperioden) - FysioLab<\/a>   <\/p>\n<p><strong>Se videoen her der v\u00e5r fysioterapeut Erik forklarer mer om DonJoy Armor kneskinne<\/strong><\/p>\n<p><iframe title=\"Donjoy Armor Fourcepoint x FysioLab\" width=\"800\" height=\"450\" src=\"https:\/\/www.youtube.com\/embed\/mYk6gcQ9uGc?feature=oembed\" frameborder=\"0\" allow=\"accelerometer; autoplay; clipboard-write; encrypted-media; gyroscope; picture-in-picture; web-share\" referrerpolicy=\"strict-origin-when-cross-origin\" allowfullscreen><\/iframe><\/p>\n","protected":false},"excerpt":{"rendered":"<p>Lei en Donjoy kneskinne og bli kvitt bekymringene n\u00e5r du drar p\u00e5 skiferie eller lignende.<\/p>\n","protected":false},"featured_media":80253,"comment_status":"closed","ping_status":"closed","template":"","meta":{"_acf_changed":false},"product_brand":[],"product_cat":[1938,2145,2159,2148,1937,2158,1933],"product_tag":[2173],"class_list":{"0":"post-80248","1":"product","2":"type-product","3":"status-publish","4":"has-post-thumbnail","6":"product_cat-donjoy-no","7":"product_cat-donjoy-kneskinne","8":"product_cat-fremre-korsbaandskade-acl","9":"product_cat-knestoetter-no","10":"product_cat-merkevarer","11":"product_cat-skade-paa-det-laterale-kollaterale-ligamentet-lcl","12":"product_cat-skinner-og-stoetteskinner","13":"product_tag-donjoy-no","15":"first","16":"instock","17":"featured","18":"taxable","19":"shipping-taxable","20":"purchasable","21":"product-type-simple"},"acf":[],"_links":{"self":[{"href":"https:\/\/fysiolab.dk\/no\/wp-json\/wp\/v2\/product\/80248","targetHints":{"allow":["GET"]}}],"collection":[{"href":"https:\/\/fysiolab.dk\/no\/wp-json\/wp\/v2\/product"}],"about":[{"href":"https:\/\/fysiolab.dk\/no\/wp-json\/wp\/v2\/types\/product"}],"replies":[{"embeddable":true,"href":"https:\/\/fysiolab.dk\/no\/wp-json\/wp\/v2\/comments?post=80248"}],"wp:featuredmedia":[{"embeddable":true,"href":"https:\/\/fysiolab.dk\/no\/wp-json\/wp\/v2\/media\/80253"}],"wp:attachment":[{"href":"https:\/\/fysiolab.dk\/no\/wp-json\/wp\/v2\/media?parent=80248"}],"wp:term":[{"taxonomy":"product_brand","embeddable":true,"href":"https:\/\/fysiolab.dk\/no\/wp-json\/wp\/v2\/product_brand?post=80248"},{"taxonomy":"product_cat","embeddable":true,"href":"https:\/\/fysiolab.dk\/no\/wp-json\/wp\/v2\/product_cat?post=80248"},{"taxonomy":"product_tag","embeddable":true,"href":"https:\/\/fysiolab.dk\/no\/wp-json\/wp\/v2\/product_tag?post=80248"}],"curies":[{"name":"wp","href":"https:\/\/api.w.org\/{rel}","templated":true}]}}