{"id":80257,"date":"2023-07-16T13:35:24","date_gmt":"2023-07-16T11:35:24","guid":{"rendered":"https:\/\/fysiolab.dk\/product\/hydro-tabs-tropical-4x20-stk\/"},"modified":"2025-12-18T09:21:59","modified_gmt":"2025-12-18T08:21:59","slug":"hydro-tabs-tropical-4x20-stk","status":"publish","type":"product","link":"https:\/\/fysiolab.dk\/no\/product\/hydro-tabs-tropical-4x20-stk\/","title":{"rendered":"Hydro Tabs - Tropical - 5&#215;20 stk."},"content":{"rendered":"<h4>Kj\u00f8p dine Hydro Tabs Tropical<\/h4>\n<p>Hydro Tropical er en frisk, velsmakende brusetablett som inneholder vitaminer og mineraler. PurePower Hydro Tabs inneholder ikke sukker, dvs. enkle karbohydrater, s\u00e5 du tilf\u00f8rer ikke kalorier fra sukker ved \u00e5 innta PurePower Hydro Tabs. <\/p>\n<h4>Oppretthold v\u00e6skebalansen<\/h4>\n<p>N\u00e5r du trener hardt og seri\u00f8st, svetter du sannsynligvis mye. Dette f\u00f8rer til tap av salter og elektrolytter som kroppen trenger for \u00e5 opprettholde v\u00e6skebalansen. Hydro Tabs inneholder natrium (salt) og magnesium, og magnesium spiller en rolle i elektrolyttbalansen og bidrar til \u00e5 redusere tretthet og utmattelse.<br \/>\nPurePower Hydro Tropical er som en frisk og deilig limonade med mild brus. Hydro Tropical leder deg mot sydens sol med smaken av friske, frodige frukter.    <\/p>\n<h4>Dosering<\/h4>\n<p>For optimal bruk og maksimal effekt anbefaler vi at du doserer \u00e9n brusetablett per 2-3 dl drikkevann. Du b\u00f8r ikke innta mer enn 4 tabletter per dag for \u00e5 garantere at du ikke overskrider det anbefalte daglige inntaket av vitaminer og mineraler.  <\/p>\n<h4>Bestill i dag og s\u00f8rg for at du holder deg hydrert<\/h4>\n<p>Kj\u00f8p Hydro Tabs i dag, s\u00e5 leverer vi i l\u00f8pet av f\u00e5 dager.<\/p>\n","protected":false},"excerpt":{"rendered":"<p>HYDRO brusetabletter holder kroppen hydrert, reduserer risikoen for kramper, forbedrer produksjonen av r\u00f8de blodlegemer og \u00f8ker fordelingen av oksygen i kroppen. Her i en versjon med deilig tropisk smak. <\/p>\n","protected":false},"featured_media":80259,"comment_status":"closed","ping_status":"closed","template":"","meta":{"_acf_changed":false},"product_brand":[],"product_cat":[2233,2472,2232,1937,2471],"product_tag":[2469],"class_list":{"0":"post-80257","1":"product","2":"type-product","3":"status-publish","4":"has-post-thumbnail","6":"product_cat-hydro-tabs-no","7":"product_cat-hydro-tabs-no-2","8":"product_cat-kosttilskudd","9":"product_cat-merkevarer","10":"product_cat-ren-kraft","11":"product_tag-ren-kraft","13":"first","14":"instock","15":"sale","16":"taxable","17":"shipping-taxable","18":"purchasable","19":"product-type-simple"},"acf":[],"_links":{"self":[{"href":"https:\/\/fysiolab.dk\/no\/wp-json\/wp\/v2\/product\/80257","targetHints":{"allow":["GET"]}}],"collection":[{"href":"https:\/\/fysiolab.dk\/no\/wp-json\/wp\/v2\/product"}],"about":[{"href":"https:\/\/fysiolab.dk\/no\/wp-json\/wp\/v2\/types\/product"}],"replies":[{"embeddable":true,"href":"https:\/\/fysiolab.dk\/no\/wp-json\/wp\/v2\/comments?post=80257"}],"wp:featuredmedia":[{"embeddable":true,"href":"https:\/\/fysiolab.dk\/no\/wp-json\/wp\/v2\/media\/80259"}],"wp:attachment":[{"href":"https:\/\/fysiolab.dk\/no\/wp-json\/wp\/v2\/media?parent=80257"}],"wp:term":[{"taxonomy":"product_brand","embeddable":true,"href":"https:\/\/fysiolab.dk\/no\/wp-json\/wp\/v2\/product_brand?post=80257"},{"taxonomy":"product_cat","embeddable":true,"href":"https:\/\/fysiolab.dk\/no\/wp-json\/wp\/v2\/product_cat?post=80257"},{"taxonomy":"product_tag","embeddable":true,"href":"https:\/\/fysiolab.dk\/no\/wp-json\/wp\/v2\/product_tag?post=80257"}],"curies":[{"name":"wp","href":"https:\/\/api.w.org\/{rel}","templated":true}]}}