{"id":80258,"date":"2023-07-16T13:35:25","date_gmt":"2023-07-16T11:35:25","guid":{"rendered":"https:\/\/fysiolab.dk\/product\/sklz-quick-ladder-pro-agility-stige\/"},"modified":"2025-12-18T09:21:58","modified_gmt":"2025-12-18T08:21:58","slug":"sklz-quick-ladder-pro-agility-stige","status":"publish","type":"product","link":"https:\/\/fysiolab.dk\/no\/product\/sklz-quick-ladder-pro-agility-stige\/","title":{"rendered":"SKLZ Quick Ladder Pro - Agility-stige"},"content":{"rendered":"<h2>Quick Ladder Pro - f\u00e5 de raskeste f\u00f8ttene p\u00e5 banen<\/h2>\n<p>SKLZ Quick Ladder Pro har en annen utforming enn forgjengeren Quick Ladder. Quick Ladder Pro skiller seg fra Quick Ladder ved at Quick Ladder Pro ikke vikler seg inn i hverandre. Treningsverkt\u00f8yet har som m\u00e5l \u00e5 bidra til \u00e5 forbedre og utvikle ut\u00f8vernes ferdigheter. Ferdigheter som hurtighet, koordinasjon, balanse, reaksjonstid, retningsforandring, muskelminne og mye mer. Alle idrettsut\u00f8vere p\u00e5 alle niv\u00e5er kan ha stor nytte av \u00e5 bruke Quick Ladder Pro. Flere stiger kan settes sammen enten p\u00e5 langs eller p\u00e5 tvers. Stigen har lave kanter som minimerer risikoen for at ut\u00f8verne snubler over dem. SKLZ Quick Ladder Pro er enkel \u00e5 transportere og gj\u00f8r det mulig for alle typer ut\u00f8vere \u00e5 kombinere \u00f8velsene med annet treningsutstyr og l\u00f8pe\u00f8velser.       <\/p>\n<ul>\n<li>\u00d8k hastigheten din<\/li>\n<li>Forbedre din koordinasjon og reaksjonsevne<\/li>\n<li>SKLZ Quick Ladder Pro kan brukes p\u00e5 alle underlag (vanlig gress, tregulv, kunstgress, betong osv.).<\/li>\n<li>Bruker trekkspillprinsippet, trinnene er brettet sammen slik at de ikke floker seg<\/li>\n<\/ul>\n<h2>Bli raskere p\u00e5 banen<\/h2>\n<p>SKLZ Quick Ladder Pro Agility kan brukes av alle typer ballspillere og idrettsut\u00f8vere, og gir deg mulighet til \u00e5 utvikle flere aspekter av treningen din. Ferdigheter og omr\u00e5der som hurtighet, koordinasjon, balanse, retningsforandring, fotarbeid, akselerasjon, rytme og mye mer, som alle er viktige og kan v\u00e6re avgj\u00f8rende i kamp. <\/p>\n<h2>QUICK Info<\/h2>\n<ul>\n<li>Hver Quick Ladder Pro har 7 trinn<\/li>\n<li>Quick Ladder leveres i en b\u00e6reveske for enkel transport og oppbevaring<\/li>\n<\/ul>\n<h3>Se videoen v\u00e5r for mer informasjon om Quick Ladder Pro fra SKLZ<\/h3>\n<p><iframe class=\"note-video-clip entered lazyloaded\" src=\"https:\/\/www.youtube.com\/embed\/O5Mt_5s6pTA\" width=\"640\" height=\"360\" frameborder=\"0\" data-rocket-lazyload=\"fitvidscompatible\" data-lazy-src=\"\/\/www.youtube.com\/embed\/O5Mt_5s6pTA\" data-ll-status=\"loaded\" data-mce-fragment=\"1\"><\/iframe><\/p>\n","protected":false},"excerpt":{"rendered":"<p><strong>Profesjonell SKLZ-stige for agilitytrening. Les mer i beskrivelsen <\/strong><\/p>\n","protected":false},"featured_media":80261,"comment_status":"closed","ping_status":"closed","template":"","meta":{"_acf_changed":false},"product_brand":[],"product_cat":[2020,1937,2207,2208,2209,2206,1945],"product_tag":[2210],"class_list":{"0":"post-80258","1":"product","2":"type-product","3":"status-publish","4":"has-post-thumbnail","6":"product_cat-julegaveideer-no","7":"product_cat-merkevarer","8":"product_cat-sklz-no","9":"product_cat-sklz-no-2","10":"product_cat-sklz-smidighet","11":"product_cat-smidighet","12":"product_cat-treningsutstyr","13":"product_tag-sklz-no","15":"first","16":"instock","17":"taxable","18":"shipping-taxable","19":"purchasable","20":"product-type-simple"},"acf":[],"_links":{"self":[{"href":"https:\/\/fysiolab.dk\/no\/wp-json\/wp\/v2\/product\/80258","targetHints":{"allow":["GET"]}}],"collection":[{"href":"https:\/\/fysiolab.dk\/no\/wp-json\/wp\/v2\/product"}],"about":[{"href":"https:\/\/fysiolab.dk\/no\/wp-json\/wp\/v2\/types\/product"}],"replies":[{"embeddable":true,"href":"https:\/\/fysiolab.dk\/no\/wp-json\/wp\/v2\/comments?post=80258"}],"wp:featuredmedia":[{"embeddable":true,"href":"https:\/\/fysiolab.dk\/no\/wp-json\/wp\/v2\/media\/80261"}],"wp:attachment":[{"href":"https:\/\/fysiolab.dk\/no\/wp-json\/wp\/v2\/media?parent=80258"}],"wp:term":[{"taxonomy":"product_brand","embeddable":true,"href":"https:\/\/fysiolab.dk\/no\/wp-json\/wp\/v2\/product_brand?post=80258"},{"taxonomy":"product_cat","embeddable":true,"href":"https:\/\/fysiolab.dk\/no\/wp-json\/wp\/v2\/product_cat?post=80258"},{"taxonomy":"product_tag","embeddable":true,"href":"https:\/\/fysiolab.dk\/no\/wp-json\/wp\/v2\/product_tag?post=80258"}],"curies":[{"name":"wp","href":"https:\/\/api.w.org\/{rel}","templated":true}]}}