{"id":80260,"date":"2023-07-16T13:35:24","date_gmt":"2023-07-16T11:35:24","guid":{"rendered":"https:\/\/fysiolab.dk\/product\/donjoy-albuestoette-epiforce-strong\/"},"modified":"2025-12-18T09:21:59","modified_gmt":"2025-12-18T08:21:59","slug":"donjoy-albuestoette-epiforce-strong","status":"publish","type":"product","link":"https:\/\/fysiolab.dk\/no\/product\/donjoy-albuestoette-epiforce-strong\/","title":{"rendered":"DonJoy albuest\u00f8tte Epiforce strong"},"content":{"rendered":"<p>Epiforce Strong er en enkel og smidig st\u00f8tte ved smerter i tennis- og golfalbue. Bandasjen har en avtakbar dreibar pute som gj\u00f8r at den raskt kan tilpasses for \u00e5 bidra til smertelindring ved enten tennis- eller golfalbue (medial\/lateral epikondylitt). Den justerbare stroppen og snap-fit-teknologien gj\u00f8r det enkelt \u00e5 tilpasse bandasjen til den enkelte. Bandasjen er universal i st\u00f8rrelse og kan brukes <strong>til<\/strong> <strong>b\u00e5de h\u00f8yre og venstre arm.<\/strong>   <\/p>\n<p><a href=\"https:\/\/fysiolab.dk\/no\/product\/donjoy-epiforce-albuestoette\/\"><strong>Her finner du ogs\u00e5 v\u00e5r popul\u00e6re DonJoy EpiForce albuebandasje med ekstra kompresjon og st\u00f8tte for hele albueleddet!<\/strong><\/a><\/p>\n<p><strong>St\u00f8rrelsesguide<\/strong><\/p>\n<p><strong>Bandasjen er universell og kan tilpasses den enkelte<\/strong><\/p>\n<p>Skinnen anbefales for: Tennis- og golfalbue samt albuesmerter som skyldes overbelastning og kronisk betennelse.<\/p>\n<p><strong>Fordeler og funksjoner<\/strong><\/p>\n<p>- Avtakbar pute som stimulerer den smertefulle seneinnsatsen p\u00e5 b\u00e5de innsiden og utsiden av albuen for \u00e5 gi smertelindring og \u00f8kt bevegelighet<\/p>\n<p>- Justerbar stropp for presis p\u00e5f\u00f8ring av trykk; \u00f8ker under aktivitet, reduseres under hvile<\/p>\n<p>- Sammenleggbar krage for enkel enh\u00e5ndsbetjening<\/p>\n<p>- Spennelukking for enkel av- og p\u00e5kledning<\/p>\n<p>- Anatomisk design for optimal passform<\/p>\n<p>- Flat profil som gj\u00f8r den behagelig \u00e5 bruke under kl\u00e6rne<\/p>\n<p>- Passer til b\u00e5de venstre og h\u00f8yre arm<\/p>\n<p><strong>Video med instruksjoner for bruk<\/strong><\/p>\n<p><iframe title=\"DonJoy EpiForce - Fitting\" width=\"800\" height=\"450\" src=\"https:\/\/www.youtube.com\/embed\/Rd0I5cLyT_s?feature=oembed\" frameborder=\"0\" allow=\"accelerometer; autoplay; clipboard-write; encrypted-media; gyroscope; picture-in-picture; web-share\" referrerpolicy=\"strict-origin-when-cross-origin\" allowfullscreen><\/iframe><\/p>\n<p><iframe title=\"DonJoy EpiForce\" width=\"800\" height=\"450\" src=\"https:\/\/www.youtube.com\/embed\/DwHYpbGuLpg?feature=oembed\" frameborder=\"0\" allow=\"accelerometer; autoplay; clipboard-write; encrypted-media; gyroscope; picture-in-picture; web-share\" referrerpolicy=\"strict-origin-when-cross-origin\" allowfullscreen><\/iframe><\/p>\n","protected":false},"excerpt":{"rendered":"<p><strong>Epiforce Strong er en enkel og smidig bandasje for smerter i tennis- og golfalbue. Bandasjen har en avtakbar dreibar pute som gj\u00f8r at den raskt kan tilpasses for \u00e5 bidra til smertelindring ved enten tennis- eller golfalbue (medial\/lateral epikondylitt). Passer for b\u00e5de h\u00f8yre og venstre arm.    <\/strong><\/p>\n","protected":false},"featured_media":80272,"comment_status":"closed","ping_status":"closed","template":"","meta":{"_acf_changed":false},"product_brand":[],"product_cat":[1932,1938,1939,2912,1935,1937,1936,1970,1933,1934],"product_tag":[2173],"class_list":{"0":"post-80260","1":"product","2":"type-product","3":"status-publish","4":"has-post-thumbnail","6":"product_cat-albue-no","7":"product_cat-donjoy-no","8":"product_cat-donjoy-albuestoette","9":"product_cat-forceline-no","10":"product_cat-golfalbue-no","11":"product_cat-merkevarer","12":"product_cat-musens-arm","13":"product_cat-padel-no","14":"product_cat-skinner-og-stoetteskinner","15":"product_cat-tennisalbue-no","16":"product_tag-donjoy-no","18":"first","19":"instock","20":"sale","21":"taxable","22":"shipping-taxable","23":"purchasable","24":"product-type-simple"},"acf":[],"_links":{"self":[{"href":"https:\/\/fysiolab.dk\/no\/wp-json\/wp\/v2\/product\/80260","targetHints":{"allow":["GET"]}}],"collection":[{"href":"https:\/\/fysiolab.dk\/no\/wp-json\/wp\/v2\/product"}],"about":[{"href":"https:\/\/fysiolab.dk\/no\/wp-json\/wp\/v2\/types\/product"}],"replies":[{"embeddable":true,"href":"https:\/\/fysiolab.dk\/no\/wp-json\/wp\/v2\/comments?post=80260"}],"wp:featuredmedia":[{"embeddable":true,"href":"https:\/\/fysiolab.dk\/no\/wp-json\/wp\/v2\/media\/80272"}],"wp:attachment":[{"href":"https:\/\/fysiolab.dk\/no\/wp-json\/wp\/v2\/media?parent=80260"}],"wp:term":[{"taxonomy":"product_brand","embeddable":true,"href":"https:\/\/fysiolab.dk\/no\/wp-json\/wp\/v2\/product_brand?post=80260"},{"taxonomy":"product_cat","embeddable":true,"href":"https:\/\/fysiolab.dk\/no\/wp-json\/wp\/v2\/product_cat?post=80260"},{"taxonomy":"product_tag","embeddable":true,"href":"https:\/\/fysiolab.dk\/no\/wp-json\/wp\/v2\/product_tag?post=80260"}],"curies":[{"name":"wp","href":"https:\/\/api.w.org\/{rel}","templated":true}]}}