{"id":80269,"date":"2023-07-16T13:35:25","date_gmt":"2023-07-16T11:35:25","guid":{"rendered":"https:\/\/fysiolab.dk\/product\/sklz-quick-ladder-agility-stige\/"},"modified":"2025-12-18T09:21:58","modified_gmt":"2025-12-18T08:21:58","slug":"sklz-quick-ladder-agility-stige","status":"publish","type":"product","link":"https:\/\/fysiolab.dk\/no\/product\/sklz-quick-ladder-agility-stige\/","title":{"rendered":"SKLZ Quick Ladder - Agility-stige"},"content":{"rendered":"<h2>Quick Ladder - f\u00e5 de raskeste f\u00f8ttene p\u00e5 banen<\/h2>\n<p>Quick Ladder fra SKLZ bidrar til \u00e5 utvikle ut\u00f8vernes hurtighet, koordinasjon, balanse, reaksjonstid, retningsforandring, muskelminne og mye mer. Alle idrettsut\u00f8vere p\u00e5 alle niv\u00e5er kan ha stort utbytte av \u00e5 bruke Quick Ladder. Quick Ladder er enkel \u00e5 transportere og gj\u00f8r det mulig for alle typer idrettsut\u00f8vere \u00e5 kombinere \u00f8velsene med andre treningsredskaper og l\u00f8pe\u00f8velser.  <\/p>\n<ul>\n<li>\u00d8k hastigheten din<\/li>\n<li>Forbedrer din koordinasjon og reaksjonsevne<\/li>\n<li>SKLZ Quick Ladder kan brukes p\u00e5 alle underlag (vanlig gress, tregulv, kunstgress, betong osv.).<\/li>\n<\/ul>\n<h3>SKLZ Agility<\/h3>\n<p>SKLZ Quick Ladder Agility kan brukes av alle typer ballspillere og idrettsut\u00f8vere, og gir deg mulighet til \u00e5 utvikle flere aspekter av treningen din. Ferdigheter og omr\u00e5der som hurtighet, koordinasjon, balanse, retningsforandring, fotarbeid, akselerasjon, rytme og mye mer, som alle er viktige og kan endre spillet. <\/p>\n<h3>Spesifikasjoner for Quick Ladder:<\/h3>\n<ul>\n<li>Det er 11 trinn i hver Quick Ladder<\/li>\n<li>Hvert trinn er 43 cm bredt og 38 cm langt  <\/li>\n<li>Quick Ladder leveres i en b\u00e6reveske for enkel transport og oppbevaring<\/li>\n<\/ul>\n<h3>Se videoen v\u00e5r for mer informasjon om Quick Ladder fra SKLZ<\/h3>\n<p><iframe class=\"note-video-clip entered lazyloaded\" src=\"https:\/\/www.youtube.com\/embed\/v5EwdifH0-U\" width=\"640\" height=\"360\" frameborder=\"0\" data-rocket-lazyload=\"fitvidscompatible\" data-lazy-src=\"\/\/www.youtube.com\/embed\/v5EwdifH0-U\" data-ll-status=\"loaded\" data-mce-fragment=\"1\"><\/iframe><\/p>\n","protected":false},"excerpt":{"rendered":"<p><strong>SKLZ agilitystige for trening av koordinasjon, motorikk og hurtighet.<\/strong><\/p>\n","protected":false},"featured_media":80276,"comment_status":"closed","ping_status":"closed","template":"","meta":{"_acf_changed":false},"product_brand":[3132],"product_cat":[2020,1937,2207,2208,2209,2206,1945],"product_tag":[2210],"class_list":{"0":"post-80269","1":"product","2":"type-product","3":"status-publish","4":"has-post-thumbnail","6":"product_brand-sklz","7":"product_cat-julegaveideer-no","8":"product_cat-merkevarer","9":"product_cat-sklz-no","10":"product_cat-sklz-no-2","11":"product_cat-sklz-smidighet","12":"product_cat-smidighet","13":"product_cat-treningsutstyr","14":"product_tag-sklz-no","16":"first","17":"instock","18":"taxable","19":"shipping-taxable","20":"purchasable","21":"product-type-simple"},"acf":[],"_links":{"self":[{"href":"https:\/\/fysiolab.dk\/no\/wp-json\/wp\/v2\/product\/80269","targetHints":{"allow":["GET"]}}],"collection":[{"href":"https:\/\/fysiolab.dk\/no\/wp-json\/wp\/v2\/product"}],"about":[{"href":"https:\/\/fysiolab.dk\/no\/wp-json\/wp\/v2\/types\/product"}],"replies":[{"embeddable":true,"href":"https:\/\/fysiolab.dk\/no\/wp-json\/wp\/v2\/comments?post=80269"}],"wp:featuredmedia":[{"embeddable":true,"href":"https:\/\/fysiolab.dk\/no\/wp-json\/wp\/v2\/media\/80276"}],"wp:attachment":[{"href":"https:\/\/fysiolab.dk\/no\/wp-json\/wp\/v2\/media?parent=80269"}],"wp:term":[{"taxonomy":"product_brand","embeddable":true,"href":"https:\/\/fysiolab.dk\/no\/wp-json\/wp\/v2\/product_brand?post=80269"},{"taxonomy":"product_cat","embeddable":true,"href":"https:\/\/fysiolab.dk\/no\/wp-json\/wp\/v2\/product_cat?post=80269"},{"taxonomy":"product_tag","embeddable":true,"href":"https:\/\/fysiolab.dk\/no\/wp-json\/wp\/v2\/product_tag?post=80269"}],"curies":[{"name":"wp","href":"https:\/\/api.w.org\/{rel}","templated":true}]}}