{"id":80287,"date":"2023-07-16T13:27:28","date_gmt":"2023-07-16T11:27:28","guid":{"rendered":"https:\/\/fysiolab.dk\/product\/sklz-treningselastikk-sett-light-7-kg\/"},"modified":"2025-12-18T09:22:00","modified_gmt":"2025-12-18T08:22:00","slug":"sklz-treningselastikk-sett-light-7-kg","status":"publish","type":"product","link":"https:\/\/fysiolab.dk\/no\/product\/sklz-treningselastikk-sett-light-7-kg\/","title":{"rendered":"SKLZ Treningselastikk-sett Light (7 kg)"},"content":{"rendered":"<h2>Sett med treningsstrikk - Light<\/h2>\n<ul>\n<li>Motstand 7 kg<\/li>\n<li>Komplett sett inkl. SKLZ Pro Quick Change Flex-h\u00e5ndtak <\/li>\n<\/ul>\n<h3>Oppl\u00e6ring med SKLZ Training Cables<\/h3>\n<p>Denne treningskabelen er den letteste av de tre alternativene med en motstand p\u00e5 ca. 7 kg. Generelle \u00f8velser med elastiske b\u00e5nd er vanligvis dynamiske og funksjonelle. Du bruker hele kroppen til \u00e5 trene med motstandsb\u00e5ndet og styrker dermed de indre musklene. Dette gj\u00f8r deg bedre og sterkere til \u00e5 utf\u00f8re de vanligste oppgavene. Trening med strikk er en flott treningsform som enkelt kan gj\u00f8res hjemme hvis du ikke alltid er p\u00e5 treningssenteret. Hele kroppen kan trenes med elastiske b\u00e5nd. Det betyr at du med et enkelt verkt\u00f8y kan sette sammen en fornuftig trenings\u00f8kt.      <\/p>\n","protected":false},"excerpt":{"rendered":"<p><strong>SKLZ treningskabler er tilgjengelige i tre motstandsniv\u00e5er fra 7 til 11 kg. Den er kompatibel og kan byttes ut med alle Slide-Lock-komponenter. Treningsverkt\u00f8yet er et flott supplement til den \u00f8vrige treningen din. Det slitesterke naturlateksmaterialet gir et sv\u00e6rt slitesterkt produkt.<\/strong><\/p>\n","protected":false},"featured_media":80289,"comment_status":"closed","ping_status":"closed","template":"","meta":{"_acf_changed":false},"product_brand":[3132],"product_cat":[2020,1948,1937,2207,2208,2216,2215,2217,1945],"product_tag":[2210],"class_list":{"0":"post-80287","1":"product","2":"type-product","3":"status-publish","4":"has-post-thumbnail","6":"product_brand-sklz","7":"product_cat-julegaveideer-no","8":"product_cat-klinikk","9":"product_cat-merkevarer","10":"product_cat-sklz-no","11":"product_cat-sklz-no-2","12":"product_cat-sklz-treningsbaand","13":"product_cat-treningsbaand","14":"product_cat-treningsbaand-no","15":"product_cat-treningsutstyr","16":"product_tag-sklz-no","18":"first","19":"instock","20":"taxable","21":"shipping-taxable","22":"purchasable","23":"product-type-simple"},"acf":[],"_links":{"self":[{"href":"https:\/\/fysiolab.dk\/no\/wp-json\/wp\/v2\/product\/80287","targetHints":{"allow":["GET"]}}],"collection":[{"href":"https:\/\/fysiolab.dk\/no\/wp-json\/wp\/v2\/product"}],"about":[{"href":"https:\/\/fysiolab.dk\/no\/wp-json\/wp\/v2\/types\/product"}],"replies":[{"embeddable":true,"href":"https:\/\/fysiolab.dk\/no\/wp-json\/wp\/v2\/comments?post=80287"}],"wp:featuredmedia":[{"embeddable":true,"href":"https:\/\/fysiolab.dk\/no\/wp-json\/wp\/v2\/media\/80289"}],"wp:attachment":[{"href":"https:\/\/fysiolab.dk\/no\/wp-json\/wp\/v2\/media?parent=80287"}],"wp:term":[{"taxonomy":"product_brand","embeddable":true,"href":"https:\/\/fysiolab.dk\/no\/wp-json\/wp\/v2\/product_brand?post=80287"},{"taxonomy":"product_cat","embeddable":true,"href":"https:\/\/fysiolab.dk\/no\/wp-json\/wp\/v2\/product_cat?post=80287"},{"taxonomy":"product_tag","embeddable":true,"href":"https:\/\/fysiolab.dk\/no\/wp-json\/wp\/v2\/product_tag?post=80287"}],"curies":[{"name":"wp","href":"https:\/\/api.w.org\/{rel}","templated":true}]}}