{"id":80293,"date":"2023-07-16T13:27:28","date_gmt":"2023-07-16T11:27:28","guid":{"rendered":"https:\/\/fysiolab.dk\/product\/hydro-plus-ananas-5x20-stk\/"},"modified":"2025-12-18T09:22:00","modified_gmt":"2025-12-18T08:22:00","slug":"hydro-plus-ananas-5x20-stk","status":"publish","type":"product","link":"https:\/\/fysiolab.dk\/no\/product\/hydro-plus-ananas-5x20-stk\/","title":{"rendered":"Hydro Plus Ananas 5&#215;20 stk."},"content":{"rendered":"<p>HYDRO Plus brusetabletter med koffein og elektrolytter s\u00f8rger for v\u00e6skebalanse, reduserer tretthet og reduserer risikoen for muskelkramper. Samtidig tilf\u00f8rer ananassmaken et snev av s\u00f8dme til v\u00e6sketilf\u00f8rselen under treningen. <\/p>\n<p>Hvis du er glad i s\u00f8tsaker, gj\u00f8r Hydro Plus Pineapple hver slurk vann i vannflasken din til en himmelsk smak. Samtidig f\u00e5r du et viktig tilskudd av mineraler, vitaminer og salter som hjelper kroppen din med \u00e5 holde seg hydrert og krampefri. Du f\u00e5r ogs\u00e5 en boost av koffein, som virker revitaliserende  <\/p>\n<h2>Hjelp kroppen din med \u00e5 holde seg p\u00e5 topp<\/h2>\n<p>Elektrolyttinnholdet s\u00f8rger for at du ikke g\u00e5r tom for de essensielle saltene og mineralene kroppen din trenger for \u00e5 holde seg p\u00e5 sitt beste. Normalt f\u00e5r du i deg disse gjennom det daglige kostholdet, men n\u00e5r du presser kroppen under trening, risikerer du \u00e5 g\u00e5 tom for dem. Dette kan p\u00e5virke b\u00e5de velv\u00e6re og prestasjon.  <\/p>\n<h3>Saltene som holder v\u00e6skebalansen i balanse<\/h3>\n<p>N\u00e5r du trener hardt, svetter du mye. N\u00e5r du svetter, mister du mye salt fra kroppen. Dette \u00f8ker risikoen for \u00e5 bli dehydrert - og dermed redusere prestasjonsevnen. Et v\u00e6skeunderskudd p\u00e5 bare noen f\u00e5 prosent kan redusere prestasjonsevnen med opptil 20 %.   <\/p>\n<p>Hvis kroppen din g\u00e5r tom for salt, blir det raskt vanskelig for den \u00e5 holde seg hydrert. For uansett hvor mye du drikker, vil kroppen ikke kunne absorbere salt n\u00e5r den g\u00e5r tom for salt. Dette setter deg i fare for dehydrering.  <\/p>\n<h3>Reduser risikoen for kramper med viktige mineraler<\/h3>\n<p>Svetten tapper ogs\u00e5 kroppen for andre viktige mineraler, som for eksempel magnesium. Dette \u00f8ker risikoen for muskelkramper n\u00e5r du belaster kroppen mye under fysisk aktivitet. <\/p>\n<p>Derfor har vi tilsatt magnesium i HYDRO Plus med ananassmak, ettersom magnesium bidrar til normal muskelfunksjon.<\/p>\n<h3>Vitamin C reduserer f\u00f8lelsen av tretthet<\/h3>\n<p>Det er ikke bare for \u00e5 opprettholde immunforsvarets normale funksjon at vi har tilsatt C-vitamin i HYDRO Plus med ananassmak. Vitamin C reduserer ogs\u00e5 tretthet og utmattelse. <\/p>\n<h2>Kvitt deg med un\u00f8dvendige kalorier<\/h2>\n<p>Selv om HYRO Plus med ananassmak smaker s\u00e5 s\u00f8tt at det nesten er syndig, inneholder den ingen karbohydrater eller andre sukkerholdige tilsetningsstoffer som tilf\u00f8rer un\u00f8dvendige kalorier.<\/p>\n<p>Dette gj\u00f8r det lettere \u00e5 g\u00e5 ned i vekt hvis det er et av treningsm\u00e5lene dine.<\/p>\n<h2>Slik doserer du HYDRO Plus med ananassmak<\/h2>\n<p>For \u00e5 f\u00e5 den mest optimale effekten av de ekstra s\u00f8te HYDRO Plus-brusetablettene med ananassmak b\u00f8r du tilsette \u00e9n brusetablett per 200 ml, men avhengig av din personlige smak kan du selvf\u00f8lgelig \u00f8ke v\u00e6skemengden.<\/p>\n<p>Du b\u00f8r imidlertid aldri innta mer enn 4 brusetabletter per dag.<\/p>\n<p>Av samme grunn er det viktig \u00e5 oppbevare brusetabletter utilgjengelig for barn - og oppbevare dem t\u00f8rt og aldri over 25 \u00b0C.<\/p>\n<h2>Kj\u00f8p HYDRO Plus med ananassmak hos FysioLab.dk<\/h2>\n<p>Liker du s\u00f8te drikker? Og vil du beskytte deg mot dehydrering og kramper og \u00f8ke din mentale styrke under trening? Da er HYDRO Plus med ananassmak drikken for deg.  <\/p>\n<p>Bestill dem i dag, s\u00e5 kan du nyte smaken av deilig ananasjuice i din egen vannflaske i l\u00f8pet av noen f\u00e5 virkedager.<\/p>\n<p>Magnesium bidrar til elektrolyttbalansen, reduserer tretthet og utmattelse, normal nervesystemfunksjon, normal muskelfunksjon og normal psykologisk funksjon. <\/p>\n<p>Vitamin C bidrar til normal psykologisk funksjon, immunsystemets normale funksjon, beskytter cellene mot oksidativt stress og reduserer tretthet og utmattelse. <\/p>\n<p>&nbsp;<\/p>\n<p>&nbsp;<\/p>\n<p>F\u00f8lgende informasjon gjelder for alle kosttilskuddsprodukter:<\/p>\n<ul type=\"disc\">\n<li><span lang=\"DA\">Produktet m\u00e5 ikke brukes av eller selges til personer under 18 \u00e5r.<u><\/u><u><\/u><\/span><\/li>\n<li><span lang=\"DA\">Hvis du har en alvorlig sykdom eller bruker reseptbelagte medisiner, b\u00f8r du r\u00e5df\u00f8re deg med lege f\u00f8r bruk.<u><\/u><u><\/u><\/span><\/li>\n<li><span lang=\"DA\">Uttalelsene p\u00e5 nettstedet er ikke gjennomg\u00e5tt av den danske L\u00e6gemiddel- og F\u00f8devarestyrelsen.<u><\/u><u><\/u><\/span><\/li>\n<li><span lang=\"DA\">Produktet er ikke ment \u00e5 diagnostisere, behandle, kurere eller forebygge noen sykdom.<u><\/u><u><\/u><\/span><\/li>\n<li><span lang=\"DA\">Resultatene kan variere og vil ikke v\u00e6re de samme for alle<\/span><\/li>\n<\/ul>\n","protected":false},"excerpt":{"rendered":"<p><strong>HYDRO Plus brusetabletter med koffein og elektrolytter holder deg hydrert, reduserer tretthet og reduserer risikoen for muskelkramper.<\/strong><\/p>\n","protected":false},"featured_media":80296,"comment_status":"closed","ping_status":"closed","template":"","meta":{"_acf_changed":false},"product_brand":[],"product_cat":[2233,2472,2232,1937,2471],"product_tag":[2469],"class_list":{"0":"post-80293","1":"product","2":"type-product","3":"status-publish","4":"has-post-thumbnail","6":"product_cat-hydro-tabs-no","7":"product_cat-hydro-tabs-no-2","8":"product_cat-kosttilskudd","9":"product_cat-merkevarer","10":"product_cat-ren-kraft","11":"product_tag-ren-kraft","13":"first","14":"instock","15":"sale","16":"taxable","17":"shipping-taxable","18":"purchasable","19":"product-type-simple"},"acf":[],"_links":{"self":[{"href":"https:\/\/fysiolab.dk\/no\/wp-json\/wp\/v2\/product\/80293","targetHints":{"allow":["GET"]}}],"collection":[{"href":"https:\/\/fysiolab.dk\/no\/wp-json\/wp\/v2\/product"}],"about":[{"href":"https:\/\/fysiolab.dk\/no\/wp-json\/wp\/v2\/types\/product"}],"replies":[{"embeddable":true,"href":"https:\/\/fysiolab.dk\/no\/wp-json\/wp\/v2\/comments?post=80293"}],"wp:featuredmedia":[{"embeddable":true,"href":"https:\/\/fysiolab.dk\/no\/wp-json\/wp\/v2\/media\/80296"}],"wp:attachment":[{"href":"https:\/\/fysiolab.dk\/no\/wp-json\/wp\/v2\/media?parent=80293"}],"wp:term":[{"taxonomy":"product_brand","embeddable":true,"href":"https:\/\/fysiolab.dk\/no\/wp-json\/wp\/v2\/product_brand?post=80293"},{"taxonomy":"product_cat","embeddable":true,"href":"https:\/\/fysiolab.dk\/no\/wp-json\/wp\/v2\/product_cat?post=80293"},{"taxonomy":"product_tag","embeddable":true,"href":"https:\/\/fysiolab.dk\/no\/wp-json\/wp\/v2\/product_tag?post=80293"}],"curies":[{"name":"wp","href":"https:\/\/api.w.org\/{rel}","templated":true}]}}