{"id":80295,"date":"2023-07-16T13:35:23","date_gmt":"2023-07-16T11:35:23","guid":{"rendered":"https:\/\/fysiolab.dk\/product\/purepower-multivitamin-100-stk\/"},"modified":"2025-12-18T09:22:00","modified_gmt":"2025-12-18T08:22:00","slug":"purepower-multivitamin-100-stk","status":"publish","type":"product","link":"https:\/\/fysiolab.dk\/no\/product\/purepower-multivitamin-100-stk\/","title":{"rendered":"PurePower Multivitamin - 100 stk."},"content":{"rendered":"<h2>Vitaminenes funksjon:<\/h2>\n<ul>\n<li>Vitamin A bidrar til \u00e5 opprettholde normale slimhinner, hud og syn.<\/li>\n<li>Vitamin C og D st\u00f8tter immunsystemets normale funksjon, og sammen med vitamin B6 og B12 bidrar de til \u00e5 redusere tretthet og utmattelse.<\/li>\n<li>Vitamin B6 bidrar til normal metabolisme av protein og glykogen, og sammen med vitamin B-12 bidrar det til normal dannelse av r\u00f8de blodlegemer.<\/li>\n<li>Vitamin C bidrar til immunsystemets normale funksjon, og sammen med vitamin E bidrar det til \u00e5 beskytte cellene mot antioksidativt stress.<\/li>\n<li>Vitamin B9 (folat), vitamin B12 spiller en rolle i celledelingsprosessen og bidrar til immunsystemets normale funksjon.<\/li>\n<\/ul>\n<p>&nbsp;<\/p>\n<p>&nbsp;<\/p>\n<p>F\u00f8lgende informasjon gjelder for alle kosttilskuddsprodukter:<\/p>\n<ul type=\"disc\">\n<li><span lang=\"DA\">Produktet m\u00e5 ikke brukes av eller selges til personer under 18 \u00e5r.<u><\/u><u><\/u><\/span><\/li>\n<li><span lang=\"DA\">Hvis du har en alvorlig sykdom eller bruker reseptbelagte medisiner, b\u00f8r du r\u00e5df\u00f8re deg med lege f\u00f8r bruk.<u><\/u><u><\/u><\/span><\/li>\n<li><span lang=\"DA\">Uttalelsene p\u00e5 nettstedet er ikke gjennomg\u00e5tt av den danske L\u00e6gemiddel- og F\u00f8devarestyrelsen.<u><\/u><u><\/u><\/span><\/li>\n<li><span lang=\"DA\">Produktet er ikke ment \u00e5 diagnostisere, behandle, kurere eller forebygge noen sykdom.<u><\/u><u><\/u><\/span><\/li>\n<li><span lang=\"DA\">Resultatene kan variere og vil ikke v\u00e6re de samme for alle<\/span><\/li>\n<\/ul>\n","protected":false},"excerpt":{"rendered":"<p>PurePowers Multivitamin er et kosttilskudd for voksne og barn over 11 \u00e5r. Med PurePowers Multivitamin f\u00e5r du et tilskudd som dekker ditt daglige behov for vitaminer og mineraler. <\/p>\n<p class=\"emp_addtocartevent\">Du f\u00e5r 100 kapsler i en b\u00f8tte.<\/p>\n","protected":false},"featured_media":80298,"comment_status":"closed","ping_status":"closed","template":"","meta":{"_acf_changed":false},"product_brand":[],"product_cat":[2477,2232,1937,2234,2471],"product_tag":[2469],"class_list":{"0":"post-80295","1":"product","2":"type-product","3":"status-publish","4":"has-post-thumbnail","6":"product_cat-kapsler-no","7":"product_cat-kosttilskudd","8":"product_cat-merkevarer","9":"product_cat-mineraler-og-diverse","10":"product_cat-ren-kraft","11":"product_tag-ren-kraft","13":"first","14":"instock","15":"taxable","16":"shipping-taxable","17":"purchasable","18":"product-type-simple"},"acf":[],"_links":{"self":[{"href":"https:\/\/fysiolab.dk\/no\/wp-json\/wp\/v2\/product\/80295","targetHints":{"allow":["GET"]}}],"collection":[{"href":"https:\/\/fysiolab.dk\/no\/wp-json\/wp\/v2\/product"}],"about":[{"href":"https:\/\/fysiolab.dk\/no\/wp-json\/wp\/v2\/types\/product"}],"replies":[{"embeddable":true,"href":"https:\/\/fysiolab.dk\/no\/wp-json\/wp\/v2\/comments?post=80295"}],"wp:featuredmedia":[{"embeddable":true,"href":"https:\/\/fysiolab.dk\/no\/wp-json\/wp\/v2\/media\/80298"}],"wp:attachment":[{"href":"https:\/\/fysiolab.dk\/no\/wp-json\/wp\/v2\/media?parent=80295"}],"wp:term":[{"taxonomy":"product_brand","embeddable":true,"href":"https:\/\/fysiolab.dk\/no\/wp-json\/wp\/v2\/product_brand?post=80295"},{"taxonomy":"product_cat","embeddable":true,"href":"https:\/\/fysiolab.dk\/no\/wp-json\/wp\/v2\/product_cat?post=80295"},{"taxonomy":"product_tag","embeddable":true,"href":"https:\/\/fysiolab.dk\/no\/wp-json\/wp\/v2\/product_tag?post=80295"}],"curies":[{"name":"wp","href":"https:\/\/api.w.org\/{rel}","templated":true}]}}