{"id":80297,"date":"2023-07-16T13:27:28","date_gmt":"2023-07-16T11:27:28","guid":{"rendered":"https:\/\/fysiolab.dk\/product\/energy-gel-orange-koffein-20-x-60-g\/"},"modified":"2025-12-18T09:22:00","modified_gmt":"2025-12-18T08:22:00","slug":"energy-gel-orange-koffein-20-x-60-g","status":"publish","type":"product","link":"https:\/\/fysiolab.dk\/no\/product\/energy-gel-orange-koffein-20-x-60-g\/","title":{"rendered":"Energy Gel Orange Koffein 12 x 40 g"},"content":{"rendered":"<p>PurePowers Caffeine Gel med deilig appelsinsmak gir deg en rask og lettabsorbert karbohydratboost under trening eller konkurranse, samtidig som du f\u00e5r den oppkvikkende effekten av koffein. Det gir deg ekstra kraft til \u00e5 sette inn en spurt eller opprettholde en lengre prestasjon. <\/p>\n<p>PurePower Caffeine Gel med appelsinsmak gir deg det beste fra to verdener: en energiboost fra raske karbohydrater og den velkjente oppkvikkende effekten av koffein. S\u00e5 du kan b\u00e5de f\u00e5 mer kraft n\u00e5r du er tom for energi, og utnytte koffeinet til \u00e5 presse deg selv litt hardere. <\/p>\n<h2>PurePower Koffein Gel med appelsin er ekstra flytende<\/h2>\n<p>V\u00e5r deilige koffeingel med appelsinsmak er ekstra flytende sammenlignet med lignende produkter. Den er perfekt for deg som bruker koffeingel n\u00e5r du l\u00f8per eller sykler. Du trenger ikke \u00e5 stoppe opp for \u00e5 innta den eller strekke deg etter vannflasken for \u00e5 skylle den ned.  <\/p>\n<p>Mengden karbohydrater er \u00f8kt sammenlignet med for eksempel v\u00e5re andre geler og barer. Samtidig er det mye mer koffein i gelen. Dette \u00f8ker evnen til \u00e5 prestere bedre n\u00e5r du trenger det.  <\/p>\n<h2>B\u00f8r tas minst 30 minutter f\u00f8r behov<\/h2>\n<p>For \u00e5 f\u00e5 full effekt av PurePower Caffeine Gel Orange er det viktig at du inntar den i god tid f\u00f8r du skal bruke den. Vanligvis tar det mellom 30 og 60 minutter f\u00f8r koffeinet f\u00e5r full effekt. <\/p>\n<p>Hvis gelen skal brukes som et energitilskudd til en kortere prestasjon, b\u00f8r den derfor inntas f\u00f8r du starter. Spesielt hvis du \u00f8nsker \u00e5 f\u00e5 full effekt fra start. <\/p>\n<p>For lengre prestasjoner som IronMan, maraton eller et lengre sykkelritt b\u00f8r du planlegge inntaket slik at det skjer rundt 30-60 minutter f\u00f8r du vanligvis begynner \u00e5 miste energi. En ekstra fordel her er at koffeingelen er mye mer flytende enn lignende produkter, slik at du ikke trenger \u00e5 stoppe opp for \u00e5 innta den. <\/p>\n<p>Bestill PurePower Koffein Gel med appelsinsmak i dag - og v\u00e6r trygg p\u00e5 din neste topprestasjon.<\/p>\n<p>&nbsp;<\/p>\n<p>&nbsp;<\/p>\n<p>F\u00f8lgende informasjon gjelder for alle kosttilskuddsprodukter:<\/p>\n<ul type=\"disc\">\n<li><span lang=\"DA\">Produktet m\u00e5 ikke brukes av eller selges til personer under 18 \u00e5r.<u><\/u><u><\/u><\/span><\/li>\n<li><span lang=\"DA\">Hvis du har en alvorlig sykdom eller bruker reseptbelagte medisiner, b\u00f8r du r\u00e5df\u00f8re deg med lege f\u00f8r bruk.<u><\/u><u><\/u><\/span><\/li>\n<li><span lang=\"DA\">Uttalelsene p\u00e5 nettstedet er ikke gjennomg\u00e5tt av den danske L\u00e6gemiddel- og F\u00f8devarestyrelsen.<u><\/u><u><\/u><\/span><\/li>\n<li><span lang=\"DA\">Produktet er ikke ment \u00e5 diagnostisere, behandle, kurere eller forebygge noen sykdom.<u><\/u><u><\/u><\/span><\/li>\n<li><span lang=\"DA\">Resultatene kan variere og vil ikke v\u00e6re de samme for alle<\/span><\/li>\n<\/ul>\n","protected":false},"excerpt":{"rendered":"<p><strong>Hurtigabsorberende karbohydrater med energigivende koffein!<\/strong><\/p>\n","protected":false},"featured_media":80300,"comment_status":"closed","ping_status":"closed","template":"","meta":{"_acf_changed":false},"product_brand":[],"product_cat":[2468,2478,2232,1937,2471],"product_tag":[2469],"class_list":{"0":"post-80297","1":"product","2":"type-product","3":"status-publish","4":"has-post-thumbnail","6":"product_cat-gel-og-tyggegummi","7":"product_cat-geler","8":"product_cat-kosttilskudd","9":"product_cat-merkevarer","10":"product_cat-ren-kraft","11":"product_tag-ren-kraft","13":"first","14":"instock","15":"taxable","16":"shipping-taxable","17":"purchasable","18":"product-type-simple"},"acf":[],"_links":{"self":[{"href":"https:\/\/fysiolab.dk\/no\/wp-json\/wp\/v2\/product\/80297","targetHints":{"allow":["GET"]}}],"collection":[{"href":"https:\/\/fysiolab.dk\/no\/wp-json\/wp\/v2\/product"}],"about":[{"href":"https:\/\/fysiolab.dk\/no\/wp-json\/wp\/v2\/types\/product"}],"replies":[{"embeddable":true,"href":"https:\/\/fysiolab.dk\/no\/wp-json\/wp\/v2\/comments?post=80297"}],"wp:featuredmedia":[{"embeddable":true,"href":"https:\/\/fysiolab.dk\/no\/wp-json\/wp\/v2\/media\/80300"}],"wp:attachment":[{"href":"https:\/\/fysiolab.dk\/no\/wp-json\/wp\/v2\/media?parent=80297"}],"wp:term":[{"taxonomy":"product_brand","embeddable":true,"href":"https:\/\/fysiolab.dk\/no\/wp-json\/wp\/v2\/product_brand?post=80297"},{"taxonomy":"product_cat","embeddable":true,"href":"https:\/\/fysiolab.dk\/no\/wp-json\/wp\/v2\/product_cat?post=80297"},{"taxonomy":"product_tag","embeddable":true,"href":"https:\/\/fysiolab.dk\/no\/wp-json\/wp\/v2\/product_tag?post=80297"}],"curies":[{"name":"wp","href":"https:\/\/api.w.org\/{rel}","templated":true}]}}