{"id":80301,"date":"2023-07-16T13:27:28","date_gmt":"2023-07-16T11:27:28","guid":{"rendered":"https:\/\/fysiolab.dk\/product\/recovery-mango-appelsin-1-kg\/"},"modified":"2025-12-18T09:22:00","modified_gmt":"2025-12-18T08:22:00","slug":"recovery-mango-appelsin-1-kg","status":"publish","type":"product","link":"https:\/\/fysiolab.dk\/no\/product\/recovery-mango-appelsin-1-kg\/","title":{"rendered":"Recovery Mango &amp; Appelsin 400 G"},"content":{"rendered":"<p>PurePower RECOVERY-pulver med mango- og appelsinsmak gir deg et protein- og karbohydrattilskudd som hjelper kroppen med \u00e5 restituere seg etter hard fysisk anstrengelse. Pulveret er basert p\u00e5 fettfritt myseprotein tilsatt kollagen. <\/p>\n<p>N\u00e5r kroppens muskler har v\u00e6rt utsatt for maksimal belastning under en hard trenings\u00f8kt eller konkurranse, trenger de de beste forutsetninger for \u00e5 restituere seg. Dette gj\u00f8r det lettere \u00e5 gjenoppbygge muskelfibrene. <\/p>\n<p>Samtidig trenger kroppen ny energi for at restitusjonen skal kunne skje under optimale forhold.<\/p>\n<p>Derfor er det viktig \u00e5 f\u00e5 i seg rikelig med karbohydrater og protein.<\/p>\n<h2>RECOVERY-pulver sikrer de viktige byggesteinene<\/h2>\n<p>Med en shake som inneholder PurePower RECOVERY-pulver, gir du kroppen de karbohydratene og proteinene den trenger for \u00e5 restituere seg. Samtidig f\u00e5r du en velsmakende bel\u00f8nning for det harde arbeidet med den s\u00f8te smaken av mango og forfriskende appelsinsmak. <\/p>\n<p>Dessuten er proteinene i RECOVERY-pulveret med mango og appelsin hentet fra et spesielt myseprotein som inneholder 0 g fett per 100 gram, og vi har tilsatt kollagen.<\/p>\n<p>Samtidig gir de raske karbohydratene i RECOVERY-pulveret fra fruktose, isomaltulose og maltodextrin kroppen ekstra energi til \u00e5 omdanne proteiner til de viktige aminosyrene som bidrar til \u00e5 gjenoppbygge muskelfibrene.<\/p>\n<p>Dette sikrer en mer optimal effekt av RECOVERY-pulveret - og en bedre restitusjon.<\/p>\n<h2>Slik blander du den beste RECOVERY-shaken<\/h2>\n<p>For \u00e5 f\u00e5 maksimal effekt av din RECOVERY-shake trenger du ca. 80 gram pulver per liter vann. For en 750 ml beholder m\u00e5 du alts\u00e5 veie opp 60 gram pulver - og for en 500 ml beholder trenger du 40 gram pulver. <\/p>\n<p>Dette blandingsforholdet gir deg ogs\u00e5 den beste appelsin- og mangosmaken. Dette gj\u00f8r shaken din til en ekstra godbit - og nesten en bel\u00f8nning - etter en hard trenings\u00f8kt. <\/p>\n<p>Oppbevar RECOVERY-pulveret p\u00e5 et t\u00f8rt og ikke for varmt sted der barn ikke kan f\u00e5 tak i det.<\/p>\n<p>Proteiner bidrar til \u00e5 opprettholde og \u00f8ke muskelmassen og opprettholde et normalt skjelett. Karbohydrater bidrar til \u00e5 opprettholde normal hjernefunksjon med et inntak p\u00e5 130 g karbohydrater fra alle kilder. <\/p>\n<p>Karbohydrater bidrar til \u00e5 gjenopprette normal muskelfunksjon etter h\u00f8yintensiv og\/eller langvarig fysisk trening som f\u00f8rer til muskeltretthet og t\u00f8mming av glykogenlagrene i skjelettmuskulaturen. Effekten oppn\u00e5s med et totalt inntak av karbohydrater fra alle kilder p\u00e5 4 g per kg kroppsvekt og i doser som inntas i l\u00f8pet av de f\u00f8rste 4 timene og senest 6 timer etter trening. <\/p>\n<p>&nbsp;<\/p>\n<p>&nbsp;<\/p>\n<p>F\u00f8lgende informasjon gjelder for alle kosttilskuddsprodukter:<\/p>\n<ul type=\"disc\">\n<li><span lang=\"DA\">Produktet m\u00e5 ikke brukes av eller selges til personer under 18 \u00e5r.<u><\/u><u><\/u><\/span><\/li>\n<li><span lang=\"DA\">Hvis du har en alvorlig sykdom eller bruker reseptbelagte medisiner, b\u00f8r du r\u00e5df\u00f8re deg med lege f\u00f8r bruk.<u><\/u><u><\/u><\/span><\/li>\n<li><span lang=\"DA\">Uttalelsene p\u00e5 nettstedet er ikke gjennomg\u00e5tt av den danske L\u00e6gemiddel- og F\u00f8devarestyrelsen.<u><\/u><u><\/u><\/span><\/li>\n<li><span lang=\"DA\">Produktet er ikke ment \u00e5 diagnostisere, behandle, kurere eller forebygge noen sykdom.<u><\/u><u><\/u><\/span><\/li>\n<li><span lang=\"DA\">Resultatene kan variere og vil ikke v\u00e6re de samme for alle<\/span><\/li>\n<\/ul>\n","protected":false},"excerpt":{"rendered":"<p><strong>Kort sagt, med en shake med RECOVERY-pulver etter trenings\u00f8kten gir du kroppen din de beste forutsetningene for \u00e5 f\u00e5 full effekt av treningen. Ved \u00e5 tilf\u00f8re rikelig med protein for \u00e5 gjenoppbygge musklene dine, gir du dem bedre muligheter til \u00e5 bygge seg opp igjen og \u00f8ke styrken. Dette vil gi deg en merkbar effekt neste gang du trener og hjelpe deg med \u00e5 bygge mer muskelmasse.  <\/strong><\/p>\n","protected":false},"featured_media":80310,"comment_status":"closed","ping_status":"closed","template":"","meta":{"_acf_changed":false},"product_brand":[],"product_cat":[2232,2479,1937,2475,2480,1941,2471],"product_tag":[2469],"class_list":{"0":"post-80301","1":"product","2":"type-product","3":"status-publish","4":"has-post-thumbnail","6":"product_cat-kosttilskudd","7":"product_cat-kosttilskudd-no","8":"product_cat-merkevarer","9":"product_cat-protein-no","10":"product_cat-proteinpulver-no","11":"product_cat-rekonvalesens-og-sportspleie","12":"product_cat-ren-kraft","13":"product_tag-ren-kraft","15":"first","16":"instock","17":"taxable","18":"shipping-taxable","19":"purchasable","20":"product-type-simple"},"acf":[],"_links":{"self":[{"href":"https:\/\/fysiolab.dk\/no\/wp-json\/wp\/v2\/product\/80301","targetHints":{"allow":["GET"]}}],"collection":[{"href":"https:\/\/fysiolab.dk\/no\/wp-json\/wp\/v2\/product"}],"about":[{"href":"https:\/\/fysiolab.dk\/no\/wp-json\/wp\/v2\/types\/product"}],"replies":[{"embeddable":true,"href":"https:\/\/fysiolab.dk\/no\/wp-json\/wp\/v2\/comments?post=80301"}],"wp:featuredmedia":[{"embeddable":true,"href":"https:\/\/fysiolab.dk\/no\/wp-json\/wp\/v2\/media\/80310"}],"wp:attachment":[{"href":"https:\/\/fysiolab.dk\/no\/wp-json\/wp\/v2\/media?parent=80301"}],"wp:term":[{"taxonomy":"product_brand","embeddable":true,"href":"https:\/\/fysiolab.dk\/no\/wp-json\/wp\/v2\/product_brand?post=80301"},{"taxonomy":"product_cat","embeddable":true,"href":"https:\/\/fysiolab.dk\/no\/wp-json\/wp\/v2\/product_cat?post=80301"},{"taxonomy":"product_tag","embeddable":true,"href":"https:\/\/fysiolab.dk\/no\/wp-json\/wp\/v2\/product_tag?post=80301"}],"curies":[{"name":"wp","href":"https:\/\/api.w.org\/{rel}","templated":true}]}}