{"id":80309,"date":"2023-07-16T13:27:28","date_gmt":"2023-07-16T11:27:28","guid":{"rendered":"https:\/\/fysiolab.dk\/product\/sklz-speed-web-smidighetstrening\/"},"modified":"2025-12-18T09:22:00","modified_gmt":"2025-12-18T08:22:00","slug":"sklz-speed-web-smidighetstrening","status":"publish","type":"product","link":"https:\/\/fysiolab.dk\/no\/product\/sklz-speed-web-smidighetstrening\/","title":{"rendered":"SKLZ Speed Web - Smidighetstrening"},"content":{"rendered":"<p><span id=\"desc\" class=\"addReadMore showlesscontent\">SKLZ Speed Web er det perfekte treningsverkt\u00f8yet for trenere og ut\u00f8vere som \u00f8nsker \u00e5 utvikle og<\/span><span id=\"desc\" class=\"addReadMore showlesscontent\">forbedre fotarbeid, smidighet og eksplosive bevegelser i spilllignende m\u00f8nstre.<\/span><\/p>\n<p>De sekskantede ringene kan settes sammen p\u00e5 mange m\u00e5ter og dermed tilpasses den individuelle treningen.<\/p>\n<p><span id=\"desc\" class=\"addReadMore showlesscontent\">Dette gj\u00f8res enkelt med de medf\u00f8lgende festeklipsene<\/span>.<\/p>\n<p>Settet inneholder 6 sekskantede ringer og 4 festeklips.<\/p>\n<p>&nbsp;<\/p>\n","protected":false},"excerpt":{"rendered":"<p><strong>SKLZ smidighetstreningsverkt\u00f8y for den seri\u00f8se idrettsut\u00f8veren som \u00f8nsker \u00e5 forbedre fart og retningsforandring<\/strong><\/p>\n","protected":false},"featured_media":80311,"comment_status":"closed","ping_status":"closed","template":"","meta":{"_acf_changed":false},"product_brand":[3132],"product_cat":[2020,1937,2207,2208,2209,2206,1945],"product_tag":[2210],"class_list":{"0":"post-80309","1":"product","2":"type-product","3":"status-publish","4":"has-post-thumbnail","6":"product_brand-sklz","7":"product_cat-julegaveideer-no","8":"product_cat-merkevarer","9":"product_cat-sklz-no","10":"product_cat-sklz-no-2","11":"product_cat-sklz-smidighet","12":"product_cat-smidighet","13":"product_cat-treningsutstyr","14":"product_tag-sklz-no","16":"first","17":"instock","18":"taxable","19":"shipping-taxable","20":"purchasable","21":"product-type-simple"},"acf":[],"_links":{"self":[{"href":"https:\/\/fysiolab.dk\/no\/wp-json\/wp\/v2\/product\/80309","targetHints":{"allow":["GET"]}}],"collection":[{"href":"https:\/\/fysiolab.dk\/no\/wp-json\/wp\/v2\/product"}],"about":[{"href":"https:\/\/fysiolab.dk\/no\/wp-json\/wp\/v2\/types\/product"}],"replies":[{"embeddable":true,"href":"https:\/\/fysiolab.dk\/no\/wp-json\/wp\/v2\/comments?post=80309"}],"wp:featuredmedia":[{"embeddable":true,"href":"https:\/\/fysiolab.dk\/no\/wp-json\/wp\/v2\/media\/80311"}],"wp:attachment":[{"href":"https:\/\/fysiolab.dk\/no\/wp-json\/wp\/v2\/media?parent=80309"}],"wp:term":[{"taxonomy":"product_brand","embeddable":true,"href":"https:\/\/fysiolab.dk\/no\/wp-json\/wp\/v2\/product_brand?post=80309"},{"taxonomy":"product_cat","embeddable":true,"href":"https:\/\/fysiolab.dk\/no\/wp-json\/wp\/v2\/product_cat?post=80309"},{"taxonomy":"product_tag","embeddable":true,"href":"https:\/\/fysiolab.dk\/no\/wp-json\/wp\/v2\/product_tag?post=80309"}],"curies":[{"name":"wp","href":"https:\/\/api.w.org\/{rel}","templated":true}]}}