{"id":80317,"date":"2023-07-16T13:27:05","date_gmt":"2023-07-16T11:27:05","guid":{"rendered":"https:\/\/fysiolab.dk\/product\/state-energy-lime-orange-zero-12-pakning\/"},"modified":"2025-12-18T09:22:01","modified_gmt":"2025-12-18T08:22:01","slug":"state-energy-lime-orange-zero-12-pakning","status":"publish","type":"product","link":"https:\/\/fysiolab.dk\/no\/product\/state-energy-lime-orange-zero-12-pakning\/","title":{"rendered":"State Energy - Lime\/Orange Zero - 12-pakning"},"content":{"rendered":"<p><strong>TILSTAND LIME\/ORANSJE NULL<\/strong><\/p>\n<blockquote>\n<h4><strong>KAFFE<\/strong><\/h4>\n<\/blockquote>\n<p>Koffein er et av de mest anerkjente og veldokumenterte <strong>prestasjonsfremmende <\/strong>stoffene. Koffein virker <strong>stimulerende<\/strong> p\u00e5 hjernen, \u00f8ker konsentrasjonen og bidrar til \u00e5 \u00f8ke evnen til \u00e5 aktivere musklene, noe som forbedrer <strong>arbeidsevnen<\/strong>. <\/p>\n<blockquote>\n<h4><strong>GR\u00d8NN TE<\/strong><\/h4>\n<\/blockquote>\n<p>STATE inneholder 300 mg naturlig gr\u00f8nn te-ekstrakt. Forskning har vist at <strong>L-teanin<\/strong>, som finnes i gr\u00f8nn te, reduserer de psykologiske og fysiologiske symptomene p\u00e5 stress hos personer som utsettes for <strong>psykisk stress<\/strong>. Studier viser ogs\u00e5 at L-Theanine har en direkte <strong>positiv interaksjon<\/strong> med koffein.  <img fetchpriority=\"high\" decoding=\"async\" class=\"alignright wp-image-1185\" src=\"https:\/\/dev.fysiolab.dk\/wp-content\/uploads\/2025\/05\/CW-med-STATE-lime-orange-2.png\" sizes=\"(max-width: 390px) 100vw, 390px\" srcset=\"https:\/\/dev.fysiolab.dk\/wp-content\/uploads\/2025\/05\/CW-med-STATE-lime-orange-2.png 509w, https:\/\/dev.fysiolab.dk\/wp-content\/uploads\/2025\/05\/CW-med-STATE-lime-orange-2-228x300.png 228w\" alt=\"Caroline Wozniacki med STATE lime-oransje\" width=\"390\" height=\"514\" title=\"\"><\/p>\n<blockquote>\n<h4><strong>TAURINE<\/strong><\/h4>\n<\/blockquote>\n<p>Taurin er en naturlig forekommende aminosyre som bidrar til <strong>nevrotransmisjonen<\/strong> i hjernen og <strong>forsinker muskeltretthet<\/strong> under trening. Taurin finnes ogs\u00e5 i kj\u00f8tt, fisk og planter. <\/p>\n<blockquote>\n<h4><strong>B-VITAMINER<\/strong><\/h4>\n<\/blockquote>\n<p>STATE inneholder de vannl\u00f8selige B-vitaminene <strong>B6 og B12<\/strong>, som - i motsetning til fettl\u00f8selige vitaminer - sirkulerer bedre gjennom blodplasma og frigj\u00f8res i overskudd. Denne sammensetningen bidrar til <strong>nervesystemets<\/strong> normale funksjon, normal <strong>mental ytelse<\/strong> og reduserer <strong>tretthet<\/strong> og <strong>utmattelse<\/strong>. <\/p>\n<p>&nbsp;<\/p>\n<p>&nbsp;<\/p>\n<p>&nbsp;<\/p>\n<p>F\u00f8lgende informasjon gjelder for alle kosttilskuddsprodukter:<\/p>\n<ul type=\"disc\">\n<li><span lang=\"DA\">Produktet m\u00e5 ikke brukes av eller selges til personer under 18 \u00e5r.<u><\/u><u><\/u><\/span><\/li>\n<li><span lang=\"DA\">Hvis du har en alvorlig sykdom eller bruker reseptbelagte medisiner, b\u00f8r du r\u00e5df\u00f8re deg med lege f\u00f8r bruk.<u><\/u><u><\/u><\/span><\/li>\n<li><span lang=\"DA\">Uttalelsene p\u00e5 nettstedet er ikke gjennomg\u00e5tt av den danske L\u00e6gemiddel- og F\u00f8devarestyrelsen.<u><\/u><u><\/u><\/span><\/li>\n<li><span lang=\"DA\">Produktet er ikke ment \u00e5 diagnostisere, behandle, kurere eller forebygge noen sykdom.<u><\/u><u><\/u><\/span><\/li>\n<li><span lang=\"DA\">Resultatene kan variere og vil ikke v\u00e6re de samme for alle<\/span><\/li>\n<\/ul>\n","protected":false},"excerpt":{"rendered":"<div class=\"o9v6fnle cxmmr5t8 oygrvhab hcukyx3x c1et5uql ii04i59q\">\n<div dir=\"auto\"><strong>Helt sukker- og kalorifri!<\/strong><\/div>\n<\/div>\n<div class=\"o9v6fnle cxmmr5t8 oygrvhab hcukyx3x c1et5uql ii04i59q\">\n<div dir=\"auto\"><strong>Inneholder B-vitamin, D-vitamin, E-vitamin og magnesium, pluss selvf\u00f8lgelig 128 mg koffein, taurin, vitamin B6\/B12, gr\u00f8nn teekstrakt og naturlig dansk mineralvann. 12 stk. i pakken. Rask og sikker levering  <\/strong><\/div>\n<\/div>\n","protected":false},"featured_media":80319,"comment_status":"closed","ping_status":"closed","template":"","meta":{"_acf_changed":false},"product_brand":[],"product_cat":[2483,2232,2479,1937,1941,2482,2484],"product_tag":[2485],"class_list":{"0":"post-80317","1":"product","2":"type-product","3":"status-publish","4":"has-post-thumbnail","6":"product_cat-energidrikk","7":"product_cat-kosttilskudd","8":"product_cat-kosttilskudd-no","9":"product_cat-merkevarer","10":"product_cat-rekonvalesens-og-sportspleie","11":"product_cat-statlig-energi","12":"product_cat-statlig-energi-no","13":"product_tag-delstaten","15":"first","16":"instock","17":"taxable","18":"shipping-taxable","19":"purchasable","20":"product-type-simple"},"acf":[],"_links":{"self":[{"href":"https:\/\/fysiolab.dk\/no\/wp-json\/wp\/v2\/product\/80317","targetHints":{"allow":["GET"]}}],"collection":[{"href":"https:\/\/fysiolab.dk\/no\/wp-json\/wp\/v2\/product"}],"about":[{"href":"https:\/\/fysiolab.dk\/no\/wp-json\/wp\/v2\/types\/product"}],"replies":[{"embeddable":true,"href":"https:\/\/fysiolab.dk\/no\/wp-json\/wp\/v2\/comments?post=80317"}],"wp:featuredmedia":[{"embeddable":true,"href":"https:\/\/fysiolab.dk\/no\/wp-json\/wp\/v2\/media\/80319"}],"wp:attachment":[{"href":"https:\/\/fysiolab.dk\/no\/wp-json\/wp\/v2\/media?parent=80317"}],"wp:term":[{"taxonomy":"product_brand","embeddable":true,"href":"https:\/\/fysiolab.dk\/no\/wp-json\/wp\/v2\/product_brand?post=80317"},{"taxonomy":"product_cat","embeddable":true,"href":"https:\/\/fysiolab.dk\/no\/wp-json\/wp\/v2\/product_cat?post=80317"},{"taxonomy":"product_tag","embeddable":true,"href":"https:\/\/fysiolab.dk\/no\/wp-json\/wp\/v2\/product_tag?post=80317"}],"curies":[{"name":"wp","href":"https:\/\/api.w.org\/{rel}","templated":true}]}}