{"id":80322,"date":"2023-07-16T13:27:04","date_gmt":"2023-07-16T11:27:04","guid":{"rendered":"https:\/\/fysiolab.dk\/product\/aircast-taautskiller\/"},"modified":"2025-12-18T09:22:02","modified_gmt":"2025-12-18T08:22:02","slug":"aircast-taautskiller","status":"publish","type":"product","link":"https:\/\/fysiolab.dk\/no\/product\/aircast-taautskiller\/","title":{"rendered":"AirCast t\u00e5utskiller"},"content":{"rendered":"<p>AirCast-t\u00e5separatoren minimerer og reduserer friksjon\/gnissing og trykk mellom t\u00e6rne, noe som reduserer risikoen for blemmer, liktorn og negler som graver seg inn i andre t\u00e6r. Utformingen sikrer god avstand mellom t\u00e6er som st\u00e5r tett eller er feilstilt. <\/p>\n<p><strong>Inkluderer 2 deler<\/strong><\/p>\n<p>AirCast Softtoes er en serie nye produkter for f\u00f8ttene. De har alle en lett og behagelig mentolduft, en myk design som gir god komfort og er enkle \u00e5 rengj\u00f8re. De er alle laget av et lett og hudvennlig materiale.  <\/p>\n","protected":false},"excerpt":{"rendered":"<p><strong>AirCast-t\u00e5separatoren minimerer og reduserer friksjon\/gnissing og trykk mellom t\u00e6rne, noe som reduserer risikoen for blemmer, liktorn og negler som graver seg inn i andre t\u00e6r. Utformingen sikrer god avstand mellom t\u00e6er som st\u00e5r tett eller er feilstilt.  Inkluderer 2 deler  <\/strong><\/p>\n","protected":false},"featured_media":80324,"comment_status":"closed","ping_status":"closed","template":"","meta":{"_acf_changed":false},"product_brand":[3092],"product_cat":[2129,2481,1948,1937,2003,2033,1933,1994],"product_tag":[2614],"class_list":{"0":"post-80322","1":"product","2":"type-product","3":"status-publish","4":"has-post-thumbnail","6":"product_brand-aircast","7":"product_cat-aircast-no","8":"product_cat-aircast-taaskinner","9":"product_cat-klinikk","10":"product_cat-merkevarer","11":"product_cat-saaler-og-fotpleie","12":"product_cat-skinne-for-liktorn","13":"product_cat-skinner-og-stoetteskinner","14":"product_cat-sko-og-saaler-no","15":"product_tag-aircast-no","17":"first","18":"instock","19":"taxable","20":"shipping-taxable","21":"purchasable","22":"product-type-simple"},"acf":[],"_links":{"self":[{"href":"https:\/\/fysiolab.dk\/no\/wp-json\/wp\/v2\/product\/80322","targetHints":{"allow":["GET"]}}],"collection":[{"href":"https:\/\/fysiolab.dk\/no\/wp-json\/wp\/v2\/product"}],"about":[{"href":"https:\/\/fysiolab.dk\/no\/wp-json\/wp\/v2\/types\/product"}],"replies":[{"embeddable":true,"href":"https:\/\/fysiolab.dk\/no\/wp-json\/wp\/v2\/comments?post=80322"}],"wp:featuredmedia":[{"embeddable":true,"href":"https:\/\/fysiolab.dk\/no\/wp-json\/wp\/v2\/media\/80324"}],"wp:attachment":[{"href":"https:\/\/fysiolab.dk\/no\/wp-json\/wp\/v2\/media?parent=80322"}],"wp:term":[{"taxonomy":"product_brand","embeddable":true,"href":"https:\/\/fysiolab.dk\/no\/wp-json\/wp\/v2\/product_brand?post=80322"},{"taxonomy":"product_cat","embeddable":true,"href":"https:\/\/fysiolab.dk\/no\/wp-json\/wp\/v2\/product_cat?post=80322"},{"taxonomy":"product_tag","embeddable":true,"href":"https:\/\/fysiolab.dk\/no\/wp-json\/wp\/v2\/product_tag?post=80322"}],"curies":[{"name":"wp","href":"https:\/\/api.w.org\/{rel}","templated":true}]}}