{"id":80323,"date":"2023-07-16T13:27:05","date_gmt":"2023-07-16T11:27:05","guid":{"rendered":"https:\/\/fysiolab.dk\/product\/aircast-hallux-valgus-skinne-storetaaspore\/"},"modified":"2025-12-18T09:22:01","modified_gmt":"2025-12-18T08:22:01","slug":"aircast-hallux-valgus-skinne-storetaaspore","status":"publish","type":"product","link":"https:\/\/fysiolab.dk\/no\/product\/aircast-hallux-valgus-skinne-storetaaspore\/","title":{"rendered":"AirCast hallux valgus-skinne (storet\u00e5spore)"},"content":{"rendered":"<p>AirCast hallux valgus-skinnen anbefales for \u00e5 avlaste storet\u00e5en fra knuter. Skinnen kan ogs\u00e5 brukes ved alvorlige knuter for \u00e5 avlaste trykk og h\u00e5rd hud.   <strong>Inkluderer 1 stk.<\/strong><\/p>\n<p>AirCast Softtoes er en serie nye produkter for f\u00f8ttene. De har alle en lett og behagelig mentolduft, en myk design som gir god komfort og er enkle \u00e5 rengj\u00f8re. De er alle laget av et lett og hudvennlig materiale.  <\/p>\n","protected":false},"excerpt":{"rendered":"<p><strong>AirCast hallux valgus-skinnen anbefales for \u00e5 avlaste storet\u00e5en fra knuter. Skinnen kan ogs\u00e5 brukes ved alvorlige knuter for \u00e5 avlaste trykk og h\u00e5rd hud.  Inkluderer 1 stk.<\/strong><\/p>\n","protected":false},"featured_media":80325,"comment_status":"closed","ping_status":"closed","template":"","meta":{"_acf_changed":false},"product_brand":[3092],"product_cat":[2129,2481,1948,1937,2003],"product_tag":[2614],"class_list":{"0":"post-80323","1":"product","2":"type-product","3":"status-publish","4":"has-post-thumbnail","6":"product_brand-aircast","7":"product_cat-aircast-no","8":"product_cat-aircast-taaskinner","9":"product_cat-klinikk","10":"product_cat-merkevarer","11":"product_cat-saaler-og-fotpleie","12":"product_tag-aircast-no","14":"first","15":"instock","16":"taxable","17":"shipping-taxable","18":"purchasable","19":"product-type-simple"},"acf":[],"_links":{"self":[{"href":"https:\/\/fysiolab.dk\/no\/wp-json\/wp\/v2\/product\/80323","targetHints":{"allow":["GET"]}}],"collection":[{"href":"https:\/\/fysiolab.dk\/no\/wp-json\/wp\/v2\/product"}],"about":[{"href":"https:\/\/fysiolab.dk\/no\/wp-json\/wp\/v2\/types\/product"}],"replies":[{"embeddable":true,"href":"https:\/\/fysiolab.dk\/no\/wp-json\/wp\/v2\/comments?post=80323"}],"wp:featuredmedia":[{"embeddable":true,"href":"https:\/\/fysiolab.dk\/no\/wp-json\/wp\/v2\/media\/80325"}],"wp:attachment":[{"href":"https:\/\/fysiolab.dk\/no\/wp-json\/wp\/v2\/media?parent=80323"}],"wp:term":[{"taxonomy":"product_brand","embeddable":true,"href":"https:\/\/fysiolab.dk\/no\/wp-json\/wp\/v2\/product_brand?post=80323"},{"taxonomy":"product_cat","embeddable":true,"href":"https:\/\/fysiolab.dk\/no\/wp-json\/wp\/v2\/product_cat?post=80323"},{"taxonomy":"product_tag","embeddable":true,"href":"https:\/\/fysiolab.dk\/no\/wp-json\/wp\/v2\/product_tag?post=80323"}],"curies":[{"name":"wp","href":"https:\/\/api.w.org\/{rel}","templated":true}]}}