{"id":80326,"date":"2023-07-16T13:27:04","date_gmt":"2023-07-16T11:27:04","guid":{"rendered":"https:\/\/fysiolab.dk\/product\/blazepod-trener-6-stk\/"},"modified":"2025-12-18T09:22:02","modified_gmt":"2025-12-18T08:22:02","slug":"blazepod-trener-6-stk","status":"publish","type":"product","link":"https:\/\/fysiolab.dk\/no\/product\/blazepod-trener-6-stk\/","title":{"rendered":"BlazePod trener (6 stk)"},"content":{"rendered":"<p><strong>BlazePod <\/strong>stimulerer kroppens sensorer gjennom reaksjons- og koordinasjons\u00f8velser. Settet inneholder 6 pods inkl. treningsapp, oppbevaringspose og lader. BlazePods er f\u00f8lsomme enheter som sender ut et lyssignal i tilfeldig rekkef\u00f8lge for \u00e5 motivere og presse ut\u00f8veren til \u00e5 yte maksimalt. Blazepod kan brukes alene, til lagtrening og til konkurranser. Velg treningsprogram i appen og hold oversikt over alle treningsdataene dine, som lagres der, slik at du kan optimalisere prestasjonene og m\u00e5lene dine og f\u00f8lge med p\u00e5 fremgangen din.    <\/p>\n<p>&nbsp;<\/p>\n<p>Inkludert i leveransen<\/p>\n<ul>\n<li>6 x Pods<\/li>\n<li>Lader<\/li>\n<li>Oppbevaringspose med h\u00e5ndtak<\/li>\n<li>Tilgang til BlazePod-appen<\/li>\n<\/ul>\n","protected":false},"excerpt":{"rendered":"<p>Forbedre smidighet, balanse, reaksjonstid, styrke og koordinasjon med Blazepods. Dette flotte treningssystemet inneholder 6 pods inkludert treningsapp, oppbevaringspose og lader. <\/p>\n","protected":false},"featured_media":80328,"comment_status":"closed","ping_status":"closed","template":"","meta":{"_acf_changed":false},"product_brand":[],"product_cat":[2221,2487,2486,2020,1937,1945],"product_tag":[2488],"class_list":{"0":"post-80326","1":"product","2":"type-product","3":"status-publish","4":"has-post-thumbnail","6":"product_cat-annet-treningsutstyr","7":"product_cat-blaa-pod","8":"product_cat-blazepod-no","9":"product_cat-julegaveideer-no","10":"product_cat-merkevarer","11":"product_cat-treningsutstyr","12":"product_tag-blazepod-no","14":"first","15":"instock","16":"sale","17":"taxable","18":"shipping-taxable","19":"purchasable","20":"product-type-simple"},"acf":[],"_links":{"self":[{"href":"https:\/\/fysiolab.dk\/no\/wp-json\/wp\/v2\/product\/80326","targetHints":{"allow":["GET"]}}],"collection":[{"href":"https:\/\/fysiolab.dk\/no\/wp-json\/wp\/v2\/product"}],"about":[{"href":"https:\/\/fysiolab.dk\/no\/wp-json\/wp\/v2\/types\/product"}],"replies":[{"embeddable":true,"href":"https:\/\/fysiolab.dk\/no\/wp-json\/wp\/v2\/comments?post=80326"}],"wp:featuredmedia":[{"embeddable":true,"href":"https:\/\/fysiolab.dk\/no\/wp-json\/wp\/v2\/media\/80328"}],"wp:attachment":[{"href":"https:\/\/fysiolab.dk\/no\/wp-json\/wp\/v2\/media?parent=80326"}],"wp:term":[{"taxonomy":"product_brand","embeddable":true,"href":"https:\/\/fysiolab.dk\/no\/wp-json\/wp\/v2\/product_brand?post=80326"},{"taxonomy":"product_cat","embeddable":true,"href":"https:\/\/fysiolab.dk\/no\/wp-json\/wp\/v2\/product_cat?post=80326"},{"taxonomy":"product_tag","embeddable":true,"href":"https:\/\/fysiolab.dk\/no\/wp-json\/wp\/v2\/product_tag?post=80326"}],"curies":[{"name":"wp","href":"https:\/\/api.w.org\/{rel}","templated":true}]}}