{"id":80327,"date":"2023-07-16T13:27:05","date_gmt":"2023-07-16T11:27:05","guid":{"rendered":"https:\/\/fysiolab.dk\/product\/aircast-taaring\/"},"modified":"2025-12-18T09:22:01","modified_gmt":"2025-12-18T08:22:01","slug":"aircast-taaring","status":"publish","type":"product","link":"https:\/\/fysiolab.dk\/no\/product\/aircast-taaring\/","title":{"rendered":"AirCast-t\u00e5ring"},"content":{"rendered":"<p>AirCast-t\u00e5ring anbefales for \u00e5 avlaste den enkelte t\u00e5 fra friksjon, callusdannelse og torner.  <strong>Inkluderer 2 deler<\/strong><\/p>\n<p>AirCast Softtoes er en serie nye produkter for f\u00f8ttene. De har alle en lett og behagelig mentolduft, en myk design som gir god komfort og er enkle \u00e5 rengj\u00f8re. De er alle laget av et lett og hudvennlig materiale.  <\/p>\n","protected":false},"excerpt":{"rendered":"<p><strong>AirCast-t\u00e5ring anbefales for \u00e5 avlaste den enkelte t\u00e5 fra friksjon, callusdannelse og torner. Inkluderer 2 stk. <\/strong><\/p>\n","protected":false},"featured_media":80334,"comment_status":"closed","ping_status":"closed","template":"","meta":{"_acf_changed":false},"product_brand":[3092],"product_cat":[2129,2481,1948,1937,2003],"product_tag":[2614],"class_list":{"0":"post-80327","1":"product","2":"type-product","3":"status-publish","4":"has-post-thumbnail","6":"product_brand-aircast","7":"product_cat-aircast-no","8":"product_cat-aircast-taaskinner","9":"product_cat-klinikk","10":"product_cat-merkevarer","11":"product_cat-saaler-og-fotpleie","12":"product_tag-aircast-no","14":"first","15":"instock","16":"taxable","17":"shipping-taxable","18":"purchasable","19":"product-type-simple"},"acf":[],"_links":{"self":[{"href":"https:\/\/fysiolab.dk\/no\/wp-json\/wp\/v2\/product\/80327","targetHints":{"allow":["GET"]}}],"collection":[{"href":"https:\/\/fysiolab.dk\/no\/wp-json\/wp\/v2\/product"}],"about":[{"href":"https:\/\/fysiolab.dk\/no\/wp-json\/wp\/v2\/types\/product"}],"replies":[{"embeddable":true,"href":"https:\/\/fysiolab.dk\/no\/wp-json\/wp\/v2\/comments?post=80327"}],"wp:featuredmedia":[{"embeddable":true,"href":"https:\/\/fysiolab.dk\/no\/wp-json\/wp\/v2\/media\/80334"}],"wp:attachment":[{"href":"https:\/\/fysiolab.dk\/no\/wp-json\/wp\/v2\/media?parent=80327"}],"wp:term":[{"taxonomy":"product_brand","embeddable":true,"href":"https:\/\/fysiolab.dk\/no\/wp-json\/wp\/v2\/product_brand?post=80327"},{"taxonomy":"product_cat","embeddable":true,"href":"https:\/\/fysiolab.dk\/no\/wp-json\/wp\/v2\/product_cat?post=80327"},{"taxonomy":"product_tag","embeddable":true,"href":"https:\/\/fysiolab.dk\/no\/wp-json\/wp\/v2\/product_tag?post=80327"}],"curies":[{"name":"wp","href":"https:\/\/api.w.org\/{rel}","templated":true}]}}